
{"id":360,"date":"2013-05-28T13:36:49","date_gmt":"2013-05-28T12:36:49","guid":{"rendered":"http:\/\/www.bristolacademy.es\/?page_id=360"},"modified":"2019-08-26T19:13:35","modified_gmt":"2019-08-26T17:13:35","slug":"quieres-trabajar-con-nosotros","status":"publish","type":"page","link":"https:\/\/www.bristolacademy.es\/es\/quieres-trabajar-con-nosotros\/","title":{"rendered":"\u00bfQuieres Trabajar con Nosotros?"},"content":{"rendered":"<div class=\"post-content\"><p><img fetchpriority=\"high\" decoding=\"async\" class=\"aligncenter size-full wp-image-1010\" src=\"http:\/\/www.bristolacademy.es\/wp-content\/uploads\/2013\/05\/trabaja-con-nosotros.jpg\" alt=\"trabaja-con-nosotros\" width=\"827\" height=\"180\" srcset=\"https:\/\/www.bristolacademy.es\/wp-content\/uploads\/2013\/05\/trabaja-con-nosotros.jpg 827w, https:\/\/www.bristolacademy.es\/wp-content\/uploads\/2013\/05\/trabaja-con-nosotros-300x65.jpg 300w\" sizes=\"(max-width: 827px) 100vw, 827px\" \/><\/p>\n<p><span style=\"line-height: 1.71429; font-size: 12pt;\">En Bristol Academy creemos en los profesionales con una vocaci\u00f3n por la ense\u00f1anza ya que es la dedicaci\u00f3n, el compromiso y la profesionalidad de nuestros profesores lo que garantizar\u00e1 el \u00e9xito de nuestra labor.<\/span><\/p>\n<p><span style=\"font-size: 12pt;\">As\u00ed pues, si eres un profesional titulado de la ense\u00f1anza y quieres formar parte de nuestro equipo, no dudes en enviarnos tu CV y una carta de presentaci\u00f3n explicando porque te gustar\u00eda formar parte de nuestro equipo. As\u00ed como el documento descargable o bien el formulario on-line que encontrar\u00e1s al final de esta p\u00e1gina, indicando tu disponibilidad horaria.<\/span><\/p>\n<p><span style=\"font-size: 12pt;\">Dada la creciente demanda en nuestro sector, estamos seguros de que estaremos permanentemente interesados \u200b\u200ben nuevos miembros para nuestro equipo de profesores y estudiantes universitarios para cubrir diferentes \u00e1reas de nuestros servicios:<\/span><\/p>\n<ul>\n<li><span style=\"font-size: 12pt;\"><em style=\"line-height: 1.714285714; font-size: 1rem;\">Repaso y refuerzo de todas las materias de Primaria, Secundaria y Bachillerato.<\/em><\/span><\/li>\n<li><span style=\"font-size: 12pt;\"><em style=\"line-height: 1.714285714; font-size: 1rem;\">Preparaci\u00f3n para pruebas de acceso<\/em><\/span><\/li>\n<li><span style=\"font-size: 12pt;\"><em style=\"line-height: 1.714285714; font-size: 1rem;\">Idiomas: Ingl\u00e9s, Alem\u00e1n, Franc\u00e9s, Italiano, Chino, Ruso, Catal\u00e1n, Espa\u00f1ol para extranjeros, Portugu\u00e9s y \u00c1rabe, principalmente (diferente tipo de cursos y por tanto, diferente tipo de perfil del profesor )<\/em><\/span><\/li>\n<li><span style=\"font-size: 12pt;\"><em style=\"line-height: 1.714285714; font-size: 1rem;\">Repaso y refuerzo para universitarios<\/em><\/span><\/li>\n<\/ul>\n<p><span style=\"font-size: 12pt;\">Adem\u00e1s, estaremos especialmente interesados \u200b\u200ben profesores con experiencia y calificaciones que sean nativos en cualquiera de las lenguas extranjeras nombradas anteriormente.<\/span><\/p>\n<h2>Formulario de solicitud<\/h2>\n<p><span style=\"font-size: 12pt;\">Por favor, completa y env\u00edanos\u00a0<a href=\"http:\/\/www.bristolacademy.es\/wp-content\/uploads\/2018\/04\/formulario_esp.doc\">este formulario<\/a> a <a title=\"secretaria@bristolacademy.es\" href=\"mailto:secretaria@bristolacademy.es\">cv@bristolacademy.es<\/a><\/span><\/p>\n<\/div>","protected":false},"excerpt":{"rendered":"<div class=\"entry-content-stat post-content\">En Bristol Academy creemos en los profesionales con una vocaci\u00f3n por la ense\u00f1anza ya que es la dedicaci\u00f3n, el compromiso y la profesionalidad de nuestros profesores lo que garantizar\u00e1 el \u00e9xito de nuestra labor. As\u00ed pues, si eres un profesional titulado de la ense\u00f1anza y quieres formar parte de nuestro equipo, no dudes en enviarnos tu CV y una carta de presentaci\u00f3n explicando porque te gustar\u00eda formar parte de nuestro equipo. As\u00ed como el documento descargable o bien el formulario on-line que encontrar\u00e1s al final de esta p\u00e1gina, indicando tu disponibilidad horaria. Dada la creciente demanda en nuestro sector, estamos<\/div>\n<p><a href=\"https:\/\/www.bristolacademy.es\/es\/quieres-trabajar-con-nosotros\/\">Read More<i class=\"fa fa-long-arrow-right\" aria-hidden=\"true\"><\/i><\/a><\/p>\n","protected":false},"author":1,"featured_media":0,"parent":0,"menu_order":0,"comment_status":"open","ping_status":"closed","template":"page-with-sidebar.php","meta":{"_lmt_disableupdate":"","_lmt_disable":"","ngg_post_thumbnail":0,"footnotes":""},"_links":{"self":[{"href":"https:\/\/www.bristolacademy.es\/es\/wp-json\/wp\/v2\/pages\/360"}],"collection":[{"href":"https:\/\/www.bristolacademy.es\/es\/wp-json\/wp\/v2\/pages"}],"about":[{"href":"https:\/\/www.bristolacademy.es\/es\/wp-json\/wp\/v2\/types\/page"}],"author":[{"embeddable":true,"href":"https:\/\/www.bristolacademy.es\/es\/wp-json\/wp\/v2\/users\/1"}],"replies":[{"embeddable":true,"href":"https:\/\/www.bristolacademy.es\/es\/wp-json\/wp\/v2\/comments?post=360"}],"version-history":[{"count":15,"href":"https:\/\/www.bristolacademy.es\/es\/wp-json\/wp\/v2\/pages\/360\/revisions"}],"predecessor-version":[{"id":3631,"href":"https:\/\/www.bristolacademy.es\/es\/wp-json\/wp\/v2\/pages\/360\/revisions\/3631"}],"wp:attachment":[{"href":"https:\/\/www.bristolacademy.es\/es\/wp-json\/wp\/v2\/media?parent=360"}],"curies":[{"name":"wp","href":"https:\/\/api.w.org\/{rel}","templated":true}]}}