
{"id":36,"date":"2013-05-06T17:13:18","date_gmt":"2013-05-06T16:13:18","guid":{"rendered":"http:\/\/www.bristolacademy.es\/?page_id=36"},"modified":"2015-06-23T10:34:28","modified_gmt":"2015-06-23T09:34:28","slug":"idiomas","status":"publish","type":"page","link":"https:\/\/www.bristolacademy.es\/es\/inicio\/idiomas\/","title":{"rendered":"Idiomas"},"content":{"rendered":"<div class=\"post-content\"><p>Cursos de idiomas con diferentes objetivos, introducci\u00f3n a un nuevo idioma extranjero, idiomas interactivos, preparaci\u00f3n para los t\u00edtulos oficiales, clases particulares y cursos de idiomas para universitarios, adultos y empresas.<\/p>\n<p>\u00a1 No lo dudes y hecha un vistazo a nuestos cursos!:<\/p>\n<ul>\n<li><a href=\"http:\/\/www.bristolacademy.es\/es\/inicio\/idiomas\/cursos-examenes-oficiales\/\">Cursos Ex\u00e1menes Oficiales<\/a><\/li>\n<li><a href=\"http:\/\/www.bristolacademy.es\/es\/inicio\/idiomas\/cursos-generales\/\">Cursos Generales<\/a><\/li>\n<li><a href=\"http:\/\/www.bristolacademy.es\/es\/inicio\/idiomas\/cursos-semipresenciales\/\">Cursos Semipresenciales<\/a><\/li>\n<\/ul>\n<p><\/p>\n<\/div>","protected":false},"excerpt":{"rendered":"<div class=\"entry-content-stat post-content\">Cursos de idiomas con diferentes objetivos, introducci\u00f3n a un nuevo idioma extranjero, idiomas interactivos, preparaci\u00f3n para los t\u00edtulos oficiales, clases particulares y cursos de idiomas para universitarios, adultos y empresas. \u00a1 No lo dudes y hecha un vistazo a nuestos cursos!: Cursos Ex\u00e1menes Oficiales Cursos Generales Cursos Semipresenciales<\/div>\n","protected":false},"author":1,"featured_media":182,"parent":59,"menu_order":0,"comment_status":"open","ping_status":"closed","template":"page-with-sidebar.php","meta":{"_lmt_disableupdate":"","_lmt_disable":"","ngg_post_thumbnail":0,"footnotes":""},"_links":{"self":[{"href":"https:\/\/www.bristolacademy.es\/es\/wp-json\/wp\/v2\/pages\/36"}],"collection":[{"href":"https:\/\/www.bristolacademy.es\/es\/wp-json\/wp\/v2\/pages"}],"about":[{"href":"https:\/\/www.bristolacademy.es\/es\/wp-json\/wp\/v2\/types\/page"}],"author":[{"embeddable":true,"href":"https:\/\/www.bristolacademy.es\/es\/wp-json\/wp\/v2\/users\/1"}],"replies":[{"embeddable":true,"href":"https:\/\/www.bristolacademy.es\/es\/wp-json\/wp\/v2\/comments?post=36"}],"version-history":[{"count":43,"href":"https:\/\/www.bristolacademy.es\/es\/wp-json\/wp\/v2\/pages\/36\/revisions"}],"predecessor-version":[{"id":1386,"href":"https:\/\/www.bristolacademy.es\/es\/wp-json\/wp\/v2\/pages\/36\/revisions\/1386"}],"up":[{"embeddable":true,"href":"https:\/\/www.bristolacademy.es\/es\/wp-json\/wp\/v2\/pages\/59"}],"wp:featuredmedia":[{"embeddable":true,"href":"https:\/\/www.bristolacademy.es\/es\/wp-json\/wp\/v2\/media\/182"}],"wp:attachment":[{"href":"https:\/\/www.bristolacademy.es\/es\/wp-json\/wp\/v2\/media?parent=36"}],"curies":[{"name":"wp","href":"https:\/\/api.w.org\/{rel}","templated":true}]}}