
{"id":3558,"date":"2019-04-25T12:58:37","date_gmt":"2019-04-25T10:58:37","guid":{"rendered":"http:\/\/www.bristolacademy.es\/?page_id=3558"},"modified":"2023-03-09T14:16:26","modified_gmt":"2023-03-09T13:16:26","slug":"experiential-learning-londres-juliol-2019","status":"publish","type":"page","link":"https:\/\/www.bristolacademy.es\/es\/principal-verano\/experiential-learning-londres-juliol-2019\/","title":{"rendered":"Let&#8217;s Disrupt!"},"content":{"rendered":"<div class=\"post-content\">\t\t<div data-elementor-type=\"wp-page\" data-elementor-id=\"3558\" class=\"elementor elementor-3558\">\n\t\t\t\t\t\t<section class=\"elementor-section elementor-top-section elementor-element elementor-element-5dd110fa elementor-section-boxed elementor-section-height-default elementor-section-height-default\" data-id=\"5dd110fa\" data-element_type=\"section\">\n\t\t\t\t\t\t<div class=\"elementor-container elementor-column-gap-default\">\n\t\t\t\t\t<div class=\"elementor-column elementor-col-100 elementor-top-column elementor-element elementor-element-75184c3b\" data-id=\"75184c3b\" data-element_type=\"column\">\n\t\t\t<div class=\"elementor-widget-wrap elementor-element-populated\">\n\t\t\t\t\t\t<div class=\"elementor-element elementor-element-37014235 elementor-widget elementor-widget-text-editor\" data-id=\"37014235\" data-element_type=\"widget\" data-widget_type=\"text-editor.default\">\n\t\t\t\t<div class=\"elementor-widget-container\">\n\t\t\t\t\t\t\t<p><div id='gallery-1' class='gallery galleryid-3558 gallery-columns-1 gallery-size-full'><figure class='gallery-item'>\n\t\t\t<div class='gallery-icon landscape'>\n\t\t\t\t<a href='https:\/\/www.bristolacademy.es\/es\/principal-verano\/experiential-learning-londres-juliol-2019\/lets-disrupt-format-ig\/'><img fetchpriority=\"high\" decoding=\"async\" width=\"1080\" height=\"1080\" src=\"https:\/\/www.bristolacademy.es\/wp-content\/uploads\/2023\/03\/lets-disrupt-format-ig.png\" class=\"attachment-full size-full\" alt=\"\" srcset=\"https:\/\/www.bristolacademy.es\/wp-content\/uploads\/2023\/03\/lets-disrupt-format-ig.png 1080w, https:\/\/www.bristolacademy.es\/wp-content\/uploads\/2023\/03\/lets-disrupt-format-ig-300x300.png 300w, https:\/\/www.bristolacademy.es\/wp-content\/uploads\/2023\/03\/lets-disrupt-format-ig-1024x1024.png 1024w, https:\/\/www.bristolacademy.es\/wp-content\/uploads\/2023\/03\/lets-disrupt-format-ig-150x150.png 150w, https:\/\/www.bristolacademy.es\/wp-content\/uploads\/2023\/03\/lets-disrupt-format-ig-768x768.png 768w\" sizes=\"(max-width: 1080px) 100vw, 1080px\" \/><\/a>\n\t\t\t<\/div><\/figure>\n\t\t<\/div>\n<\/p><pre><strong><\/strong><\/pre><h2>\u00a1Para todos aquellos alumnos de entre 13 y 16 a\u00f1os que quieran disfrutar de una experiencia de lo m\u00e1s disruptiva!<\/h2><h3><em><strong>OBJETIVO<\/strong><\/em><\/h3><ul><li><strong>\u00a0<\/strong><strong>Aprender ingl\u00e9s mientras disfrutamos del verano, el ingl\u00e9s\u00a0 y los amigos<\/strong><\/li><\/ul><p>El objetivo de esta estancia es que los alumnos pasen una\u00a0<strong>semana de lo m\u00e1s divertida<\/strong>, en la que todas las actividades y el desarrollo del d\u00eda a d\u00eda, y por lo tanto, el aprendizaje del ingl\u00e9s, se llevaran a cabo mediante APRENDIZAJE ACTIVO y en su gran mayor\u00eda FUERA DEL AULA!.<\/p><p><strong>Cada d\u00eda trabajaremos con la diversi\u00f3n y la motivaci\u00f3n de las actividades al aire libre<\/strong>\u00a0como herramienta principal del aprendizaje, ya que la mayor\u00eda de las actividades de la estancia se llevar\u00e1n a cabo fuera del aula.<\/p><p><strong>\u00a0<\/strong><strong>PROGRAMA Y PRECIOS<\/strong><\/p><p><strong>La estancia se llevar\u00e1 a cabo<\/strong><\/p><ul><li><strong>JULIO 2023 (7d\u00edas \u2013 6 noches) 2-8 julio 2023<\/strong><\/li><\/ul><p><strong>El lugar de la estancia: Coma-ruga<\/strong><\/p><p><strong>El precio incluye:<\/strong><\/p><ul><li>Alojamiento en r\u00e9gimen de pensi\u00f3n completa en la casa de colonias\u00a0<\/li><li>Uso de todas las instalaciones de la casa<\/li><li>Material did\u00e1ctico y actividades l\u00fadicas de grupo dentro y fuera de la casa.<\/li><li>Seguro integral de responsabilidad civil y accidentes<\/li><\/ul><p><a href=\"https:\/\/drive.google.com\/file\/d\/110CqcxeOby_gYVfYMsNDIGnHCoI62FLJ\/view?usp=sharing\"><strong>Consulta el programa de actividades!\u00a0<\/strong><\/a><\/p><p><strong>PRECIOS<\/strong><\/p><p><a href=\"https:\/\/forms.monday.com\/forms\/d9822b8f3f775dabe635dd08b7d00654?r=use1\">Cont\u00e1ctanos<\/a>\u00a0para informaros del precio y formas de pago disponibles.<\/p><p><strong>INSCRIPCIONES<\/strong><\/p><p><strong>Plazas limitadas<\/strong>: 30 alumnos<\/p><p><strong>Per\u00edodo de inscripci\u00f3n:<\/strong>\u00a0del 28 de Febrero al 10 de abril de 2023<\/p><p>Para inscribirse habr\u00e1 que rellenar el formulario de inscripci\u00f3n con todos los datos pertinentes y hacer el pago correspondiente a la forma de pago elegida.<\/p><p><strong><a href=\"https:\/\/forms.monday.com\/forms\/927cab427f5911685cd2422c1c9e869d?r=use1\">Rellena el formulario de inscripci\u00f3n!<\/a><a href=\"https:\/\/forms.monday.com\/forms\/65e62e115032359d4146ba1948c1fff0?r=use1\">\u00a0<\/a><\/strong><\/p><p><strong>\u00a0Para m\u00e1s informaci\u00f3n, no dudes en ponerte en contacto con nosotros llamando al\u00a0<\/strong>977 844731 o si lo prefieres en\u00a0<a href=\"mailto:hello@bristolacademy.es\">hello@bristolacademy.es<\/a>\u00a0o rellenando\u00a0<a href=\"https:\/\/forms.monday.com\/forms\/d9822b8f3f775dabe635dd08b7d00654?r=use1\">est<\/a>e formulario<a href=\"https:\/\/forms.monday.com\/forms\/dd1b4dd5c8d9c6f55acc26aab49155ac?r=use1\">. <\/a><strong><\/strong><\/p>\t\t\t\t\t\t<\/div>\n\t\t\t\t<\/div>\n\t\t\t\t\t<\/div>\n\t\t<\/div>\n\t\t\t\t\t<\/div>\n\t\t<\/section>\n\t\t\t\t<section class=\"elementor-section elementor-top-section elementor-element elementor-element-2a7053d elementor-section-boxed elementor-section-height-default elementor-section-height-default\" data-id=\"2a7053d\" data-element_type=\"section\">\n\t\t\t\t\t\t<div class=\"elementor-container elementor-column-gap-default\">\n\t\t\t\t\t<div class=\"elementor-column elementor-col-100 elementor-top-column elementor-element elementor-element-af41ad5\" data-id=\"af41ad5\" data-element_type=\"column\">\n\t\t\t<div class=\"elementor-widget-wrap elementor-element-populated\">\n\t\t\t\t\t\t<div class=\"elementor-element elementor-element-e377376 elementor-arrows-position-inside elementor-pagination-position-outside elementor-widget elementor-widget-image-carousel\" data-id=\"e377376\" data-element_type=\"widget\" data-settings=\"{&quot;navigation&quot;:&quot;both&quot;,&quot;autoplay&quot;:&quot;yes&quot;,&quot;pause_on_hover&quot;:&quot;yes&quot;,&quot;pause_on_interaction&quot;:&quot;yes&quot;,&quot;autoplay_speed&quot;:5000,&quot;infinite&quot;:&quot;yes&quot;,&quot;speed&quot;:500}\" data-widget_type=\"image-carousel.default\">\n\t\t\t\t<div class=\"elementor-widget-container\">\n\t\t\t\t\t<div class=\"elementor-image-carousel-wrapper swiper\" dir=\"ltr\">\n\t\t\t<div class=\"elementor-image-carousel swiper-wrapper\" aria-live=\"off\">\n\t\t\t\t\t\t\t\t<div class=\"swiper-slide\" role=\"group\" aria-roledescription=\"slide\" aria-label=\"1 de 14\"><figure class=\"swiper-slide-inner\"><img decoding=\"async\" class=\"swiper-slide-image\" src=\"https:\/\/www.bristolacademy.es\/wp-content\/uploads\/2023\/03\/hab-1_2.png\" alt=\"hab 1_2\" \/><\/figure><\/div><div class=\"swiper-slide\" role=\"group\" aria-roledescription=\"slide\" aria-label=\"2 de 14\"><figure class=\"swiper-slide-inner\"><img decoding=\"async\" class=\"swiper-slide-image\" src=\"https:\/\/www.bristolacademy.es\/wp-content\/uploads\/2023\/03\/Termes.jpg\" alt=\"Termes\" \/><\/figure><\/div><div class=\"swiper-slide\" role=\"group\" aria-roledescription=\"slide\" aria-label=\"3 de 14\"><figure class=\"swiper-slide-inner\"><img decoding=\"async\" class=\"swiper-slide-image\" src=\"https:\/\/www.bristolacademy.es\/wp-content\/uploads\/2023\/03\/sala-comuna_0.jpg\" alt=\"sala-comuna_0\" \/><\/figure><\/div><div class=\"swiper-slide\" role=\"group\" aria-roledescription=\"slide\" aria-label=\"4 de 14\"><figure class=\"swiper-slide-inner\"><img decoding=\"async\" class=\"swiper-slide-image\" src=\"https:\/\/www.bristolacademy.es\/wp-content\/uploads\/2023\/03\/sala-polivant.png\" alt=\"sala polivant\" \/><\/figure><\/div><div class=\"swiper-slide\" role=\"group\" aria-roledescription=\"slide\" aria-label=\"5 de 14\"><figure class=\"swiper-slide-inner\"><img decoding=\"async\" class=\"swiper-slide-image\" src=\"https:\/\/www.bristolacademy.es\/wp-content\/uploads\/2023\/03\/Sala-1_0.png\" alt=\"Sala 1_0\" \/><\/figure><\/div><div class=\"swiper-slide\" role=\"group\" aria-roledescription=\"slide\" aria-label=\"6 de 14\"><figure class=\"swiper-slide-inner\"><img decoding=\"async\" class=\"swiper-slide-image\" src=\"https:\/\/www.bristolacademy.es\/wp-content\/uploads\/2023\/03\/recepcio3.png\" alt=\"recepcio3\" \/><\/figure><\/div><div class=\"swiper-slide\" role=\"group\" aria-roledescription=\"slide\" aria-label=\"7 de 14\"><figure class=\"swiper-slide-inner\"><img decoding=\"async\" class=\"swiper-slide-image\" src=\"https:\/\/www.bristolacademy.es\/wp-content\/uploads\/2023\/03\/museu-pau-casals.jpg\" alt=\"museu-pau-casals\" \/><\/figure><\/div><div class=\"swiper-slide\" role=\"group\" aria-roledescription=\"slide\" aria-label=\"8 de 14\"><figure class=\"swiper-slide-inner\"><img decoding=\"async\" class=\"swiper-slide-image\" src=\"https:\/\/www.bristolacademy.es\/wp-content\/uploads\/2023\/03\/menjador_5.jpg\" alt=\"menjador_5\" \/><\/figure><\/div><div class=\"swiper-slide\" role=\"group\" aria-roledescription=\"slide\" aria-label=\"9 de 14\"><figure class=\"swiper-slide-inner\"><img decoding=\"async\" class=\"swiper-slide-image\" src=\"https:\/\/www.bristolacademy.es\/wp-content\/uploads\/2023\/03\/menjador-1.png\" alt=\"menjador 1\" \/><\/figure><\/div><div class=\"swiper-slide\" role=\"group\" aria-roledescription=\"slide\" aria-label=\"10 de 14\"><figure class=\"swiper-slide-inner\"><img decoding=\"async\" class=\"swiper-slide-image\" src=\"https:\/\/www.bristolacademy.es\/wp-content\/uploads\/2023\/03\/coma_ruga03.jpg\" alt=\"coma_ruga03\" \/><\/figure><\/div><div class=\"swiper-slide\" role=\"group\" aria-roledescription=\"slide\" aria-label=\"11 de 14\"><figure class=\"swiper-slide-inner\"><img decoding=\"async\" class=\"swiper-slide-image\" src=\"https:\/\/www.bristolacademy.es\/wp-content\/uploads\/2023\/03\/coma_ruga07.jpg\" alt=\"coma_ruga07\" \/><\/figure><\/div><div class=\"swiper-slide\" role=\"group\" aria-roledescription=\"slide\" aria-label=\"12 de 14\"><figure class=\"swiper-slide-inner\"><img decoding=\"async\" class=\"swiper-slide-image\" src=\"https:\/\/www.bristolacademy.es\/wp-content\/uploads\/2023\/03\/distribuidor_habitacions2.png\" alt=\"distribuidor_habitacions2\" \/><\/figure><\/div><div class=\"swiper-slide\" role=\"group\" aria-roledescription=\"slide\" aria-label=\"13 de 14\"><figure class=\"swiper-slide-inner\"><img decoding=\"async\" class=\"swiper-slide-image\" src=\"https:\/\/www.bristolacademy.es\/wp-content\/uploads\/2023\/03\/hall_entrada_0.jpg\" alt=\"hall_entrada_0\" \/><\/figure><\/div><div class=\"swiper-slide\" role=\"group\" aria-roledescription=\"slide\" aria-label=\"14 de 14\"><figure class=\"swiper-slide-inner\"><img decoding=\"async\" class=\"swiper-slide-image\" src=\"https:\/\/www.bristolacademy.es\/wp-content\/uploads\/2023\/03\/IMG_4211.jpg\" alt=\"IMG_4211\" \/><\/figure><\/div>\t\t\t<\/div>\n\t\t\t\t\t\t\t\t\t\t\t\t<div class=\"elementor-swiper-button elementor-swiper-button-prev\" role=\"button\" tabindex=\"0\">\n\t\t\t\t\t\t<i aria-hidden=\"true\" class=\"eicon-chevron-left\"><\/i>\t\t\t\t\t<\/div>\n\t\t\t\t\t<div class=\"elementor-swiper-button elementor-swiper-button-next\" role=\"button\" tabindex=\"0\">\n\t\t\t\t\t\t<i aria-hidden=\"true\" class=\"eicon-chevron-right\"><\/i>\t\t\t\t\t<\/div>\n\t\t\t\t\n\t\t\t\t\t\t\t\t\t<div class=\"swiper-pagination\"><\/div>\n\t\t\t\t\t\t\t\t\t<\/div>\n\t\t\t\t<\/div>\n\t\t\t\t<\/div>\n\t\t\t\t\t<\/div>\n\t\t<\/div>\n\t\t\t\t\t<\/div>\n\t\t<\/section>\n\t\t\t\t<\/div>\n\t\t<\/div>","protected":false},"excerpt":{"rendered":"<div class=\"entry-content-stat post-content\">\u00a1Para todos aquellos alumnos de entre 13 y 16 a\u00f1os que quieran disfrutar de una experiencia de lo m\u00e1s disruptiva! OBJETIVO \u00a0Aprender ingl\u00e9s mientras disfrutamos del verano, el ingl\u00e9s\u00a0 y los amigos El objetivo de esta estancia es que los alumnos pasen una\u00a0semana de lo m\u00e1s divertida, en la que todas las actividades y el desarrollo del d\u00eda a d\u00eda, y por lo tanto, el aprendizaje del ingl\u00e9s, se llevaran a cabo mediante APRENDIZAJE ACTIVO y en su gran mayor\u00eda FUERA DEL AULA!. Cada d\u00eda trabajaremos con la diversi\u00f3n y la motivaci\u00f3n de las actividades al aire libre\u00a0como herramienta principal<\/div>\n<p><a href=\"https:\/\/www.bristolacademy.es\/es\/principal-verano\/experiential-learning-londres-juliol-2019\/\">Read More<i class=\"fa fa-long-arrow-right\" aria-hidden=\"true\"><\/i><\/a><\/p>\n","protected":false},"author":1,"featured_media":5101,"parent":1331,"menu_order":0,"comment_status":"closed","ping_status":"closed","template":"","meta":{"_lmt_disableupdate":"no","_lmt_disable":"no","ngg_post_thumbnail":0,"footnotes":""},"_links":{"self":[{"href":"https:\/\/www.bristolacademy.es\/es\/wp-json\/wp\/v2\/pages\/3558"}],"collection":[{"href":"https:\/\/www.bristolacademy.es\/es\/wp-json\/wp\/v2\/pages"}],"about":[{"href":"https:\/\/www.bristolacademy.es\/es\/wp-json\/wp\/v2\/types\/page"}],"author":[{"embeddable":true,"href":"https:\/\/www.bristolacademy.es\/es\/wp-json\/wp\/v2\/users\/1"}],"replies":[{"embeddable":true,"href":"https:\/\/www.bristolacademy.es\/es\/wp-json\/wp\/v2\/comments?post=3558"}],"version-history":[{"count":60,"href":"https:\/\/www.bristolacademy.es\/es\/wp-json\/wp\/v2\/pages\/3558\/revisions"}],"predecessor-version":[{"id":5168,"href":"https:\/\/www.bristolacademy.es\/es\/wp-json\/wp\/v2\/pages\/3558\/revisions\/5168"}],"up":[{"embeddable":true,"href":"https:\/\/www.bristolacademy.es\/es\/wp-json\/wp\/v2\/pages\/1331"}],"wp:featuredmedia":[{"embeddable":true,"href":"https:\/\/www.bristolacademy.es\/es\/wp-json\/wp\/v2\/media\/5101"}],"wp:attachment":[{"href":"https:\/\/www.bristolacademy.es\/es\/wp-json\/wp\/v2\/media?parent=3558"}],"curies":[{"name":"wp","href":"https:\/\/api.w.org\/{rel}","templated":true}]}}