
{"id":351,"date":"2013-05-28T13:08:39","date_gmt":"2013-05-28T12:08:39","guid":{"rendered":"http:\/\/www.bristolacademy.es\/?page_id=351"},"modified":"2021-06-18T19:49:02","modified_gmt":"2021-06-18T17:49:02","slug":"instalaciones","status":"publish","type":"page","link":"https:\/\/www.bristolacademy.es\/es\/instalaciones\/","title":{"rendered":"Instalaciones"},"content":{"rendered":"<div class=\"post-content\">\t\t<div data-elementor-type=\"wp-page\" data-elementor-id=\"351\" class=\"elementor elementor-351\">\n\t\t\t\t\t\t<section class=\"elementor-section elementor-top-section elementor-element elementor-element-1eee74bd elementor-section-boxed elementor-section-height-default elementor-section-height-default\" data-id=\"1eee74bd\" data-element_type=\"section\">\n\t\t\t\t\t\t<div class=\"elementor-container elementor-column-gap-default\">\n\t\t\t\t\t<div class=\"elementor-column elementor-col-100 elementor-top-column elementor-element elementor-element-332325c8\" data-id=\"332325c8\" data-element_type=\"column\">\n\t\t\t<div class=\"elementor-widget-wrap elementor-element-populated\">\n\t\t\t\t\t\t<div class=\"elementor-element elementor-element-4e531825 elementor-widget elementor-widget-text-editor\" data-id=\"4e531825\" data-element_type=\"widget\" data-widget_type=\"text-editor.default\">\n\t\t\t\t<div class=\"elementor-widget-container\">\n\t\t\t\t\t\t\t<p>En <span style=\"color: #ff6600;\">Bristol Academy<\/span> tenemos la seguridad de que un buen espacio de trabajo y aprendizaje es un punto clave para garantizar el \u00e9xito de nuestros alumnos por lo que nos hemos esforzado al m\u00e1ximo para hacer de nuestra escuela un espacio acogedor, al tiempo que funcional y moderno, para que todos y cada uno de los momentos que pases con nosotros sean provechosos y agradables.<\/span><\/p><p><span style=\"font-size: 18pt; font-family: helvetica, arial, sans-serif;\">Asimismo, creemos que una zona donde puedas relajarte es esencial y es por eso que hemos creado un espacio de recepci\u00f3n y de espera d\u00f3nde puedas disfrutar de los minutos de espera entre clase y clase y d\u00f3nde puedas relacionarte y socializarse con tus nuevos compa\u00f1eros y amigos.<\/span><\/p><p><\/p>\t\t\t\t\t\t<\/div>\n\t\t\t\t<\/div>\n\t\t\t\t\t<\/div>\n\t\t<\/div>\n\t\t\t\t\t<\/div>\n\t\t<\/section>\n\t\t\t\t<section class=\"elementor-section elementor-top-section elementor-element elementor-element-ce38375 elementor-section-boxed elementor-section-height-default elementor-section-height-default elementor-invisible\" data-id=\"ce38375\" data-element_type=\"section\" data-settings=\"{&quot;background_background&quot;:&quot;video&quot;,&quot;animation&quot;:&quot;zoomIn&quot;}\">\n\t\t\t\t\t\t<div class=\"elementor-container elementor-column-gap-default\">\n\t\t\t\t\t<div class=\"elementor-column elementor-col-100 elementor-top-column elementor-element elementor-element-6c29759\" data-id=\"6c29759\" data-element_type=\"column\">\n\t\t\t<div class=\"elementor-widget-wrap elementor-element-populated\">\n\t\t\t\t\t\t<div class=\"elementor-element elementor-element-d6ac08e elementor-widget elementor-widget-video\" data-id=\"d6ac08e\" data-element_type=\"widget\" data-settings=\"{&quot;video_type&quot;:&quot;hosted&quot;,&quot;controls&quot;:&quot;yes&quot;}\" data-widget_type=\"video.default\">\n\t\t\t\t<div class=\"elementor-widget-container\">\n\t\t\t\t\t<div class=\"e-hosted-video elementor-wrapper elementor-open-inline\">\n\t\t\t\t\t<video class=\"elementor-video\" src=\"https:\/\/www.bristolacademy.es\/wp-content\/uploads\/2021\/06\/Bristol-Academy-v3_Low.mp4\" controls=\"\" preload=\"metadata\" controlsList=\"nodownload\"><\/video>\n\t\t\t\t<\/div>\n\t\t\t\t<\/div>\n\t\t\t\t<\/div>\n\t\t\t\t\t<\/div>\n\t\t<\/div>\n\t\t\t\t\t<\/div>\n\t\t<\/section>\n\t\t\t\t<section class=\"elementor-section elementor-top-section elementor-element elementor-element-2946e50 elementor-section-boxed elementor-section-height-default elementor-section-height-default\" data-id=\"2946e50\" data-element_type=\"section\">\n\t\t\t\t\t\t<div class=\"elementor-container elementor-column-gap-default\">\n\t\t\t\t\t<div class=\"elementor-column elementor-col-100 elementor-top-column elementor-element elementor-element-e3c9126\" data-id=\"e3c9126\" data-element_type=\"column\">\n\t\t\t<div class=\"elementor-widget-wrap elementor-element-populated\">\n\t\t\t\t\t\t<div class=\"elementor-element elementor-element-b58eaef elementor-arrows-position-inside elementor-pagination-position-outside elementor-widget elementor-widget-image-carousel\" data-id=\"b58eaef\" data-element_type=\"widget\" data-settings=\"{&quot;navigation&quot;:&quot;both&quot;,&quot;autoplay&quot;:&quot;yes&quot;,&quot;pause_on_hover&quot;:&quot;yes&quot;,&quot;pause_on_interaction&quot;:&quot;yes&quot;,&quot;autoplay_speed&quot;:5000,&quot;infinite&quot;:&quot;yes&quot;,&quot;speed&quot;:500}\" data-widget_type=\"image-carousel.default\">\n\t\t\t\t<div class=\"elementor-widget-container\">\n\t\t\t\t\t<div class=\"elementor-image-carousel-wrapper swiper\" dir=\"ltr\">\n\t\t\t<div class=\"elementor-image-carousel swiper-wrapper swiper-image-stretch\" aria-live=\"off\">\n\t\t\t\t\t\t\t\t<div class=\"swiper-slide\" role=\"group\" aria-roledescription=\"slide\" aria-label=\"1 de 14\"><figure class=\"swiper-slide-inner\"><img decoding=\"async\" class=\"swiper-slide-image\" src=\"https:\/\/www.bristolacademy.es\/wp-content\/uploads\/2021\/06\/DJI_0132-768x1256.jpg\" alt=\"DJI_0132\" \/><\/figure><\/div><div class=\"swiper-slide\" role=\"group\" aria-roledescription=\"slide\" aria-label=\"2 de 14\"><figure class=\"swiper-slide-inner\"><img decoding=\"async\" class=\"swiper-slide-image\" src=\"https:\/\/www.bristolacademy.es\/wp-content\/uploads\/2021\/06\/DJI_0150-768x1365.jpg\" alt=\"DJI_0150\" \/><\/figure><\/div><div class=\"swiper-slide\" role=\"group\" aria-roledescription=\"slide\" aria-label=\"3 de 14\"><figure class=\"swiper-slide-inner\"><img decoding=\"async\" class=\"swiper-slide-image\" src=\"https:\/\/www.bristolacademy.es\/wp-content\/uploads\/2021\/06\/DJI_0151-768x1365.jpg\" alt=\"DJI_0151\" \/><\/figure><\/div><div class=\"swiper-slide\" role=\"group\" aria-roledescription=\"slide\" aria-label=\"4 de 14\"><figure class=\"swiper-slide-inner\"><img decoding=\"async\" class=\"swiper-slide-image\" src=\"https:\/\/www.bristolacademy.es\/wp-content\/uploads\/2021\/06\/DJI_0154-768x1365.jpg\" alt=\"DJI_0154\" \/><\/figure><\/div><div class=\"swiper-slide\" role=\"group\" aria-roledescription=\"slide\" aria-label=\"5 de 14\"><figure class=\"swiper-slide-inner\"><img decoding=\"async\" class=\"swiper-slide-image\" src=\"https:\/\/www.bristolacademy.es\/wp-content\/uploads\/2021\/06\/DJI_0155-768x1365.jpg\" alt=\"DJI_0155\" \/><\/figure><\/div><div class=\"swiper-slide\" role=\"group\" aria-roledescription=\"slide\" aria-label=\"6 de 14\"><figure class=\"swiper-slide-inner\"><img decoding=\"async\" class=\"swiper-slide-image\" src=\"https:\/\/www.bristolacademy.es\/wp-content\/uploads\/2021\/06\/DSC01869-768x1152.jpg\" alt=\"DSC01869\" \/><\/figure><\/div><div class=\"swiper-slide\" role=\"group\" aria-roledescription=\"slide\" aria-label=\"7 de 14\"><figure class=\"swiper-slide-inner\"><img decoding=\"async\" class=\"swiper-slide-image\" src=\"https:\/\/www.bristolacademy.es\/wp-content\/uploads\/2021\/06\/DSC01870-1-768x1152.jpg\" alt=\"DSC01870 (1)\" \/><\/figure><\/div><div class=\"swiper-slide\" role=\"group\" aria-roledescription=\"slide\" aria-label=\"8 de 14\"><figure class=\"swiper-slide-inner\"><img decoding=\"async\" class=\"swiper-slide-image\" src=\"https:\/\/www.bristolacademy.es\/wp-content\/uploads\/2021\/06\/DSC01880-1-768x1152.jpg\" alt=\"DSC01880 (1)\" \/><\/figure><\/div><div class=\"swiper-slide\" role=\"group\" aria-roledescription=\"slide\" aria-label=\"9 de 14\"><figure class=\"swiper-slide-inner\"><img decoding=\"async\" class=\"swiper-slide-image\" src=\"https:\/\/www.bristolacademy.es\/wp-content\/uploads\/2021\/06\/DSC01881-768x1152.jpg\" alt=\"DSC01881\" \/><\/figure><\/div><div class=\"swiper-slide\" role=\"group\" aria-roledescription=\"slide\" aria-label=\"10 de 14\"><figure class=\"swiper-slide-inner\"><img decoding=\"async\" class=\"swiper-slide-image\" src=\"https:\/\/www.bristolacademy.es\/wp-content\/uploads\/2021\/06\/DSC01884-1-768x1152.jpg\" alt=\"DSC01884 (1)\" \/><\/figure><\/div><div class=\"swiper-slide\" role=\"group\" aria-roledescription=\"slide\" aria-label=\"11 de 14\"><figure class=\"swiper-slide-inner\"><img decoding=\"async\" class=\"swiper-slide-image\" src=\"https:\/\/www.bristolacademy.es\/wp-content\/uploads\/2021\/06\/DSC01890-768x1170.jpg\" alt=\"DSC01890\" \/><\/figure><\/div><div class=\"swiper-slide\" role=\"group\" aria-roledescription=\"slide\" aria-label=\"12 de 14\"><figure class=\"swiper-slide-inner\"><img decoding=\"async\" class=\"swiper-slide-image\" src=\"https:\/\/www.bristolacademy.es\/wp-content\/uploads\/2021\/06\/DSC01895-768x780.jpg\" alt=\"DSC01895\" \/><\/figure><\/div><div class=\"swiper-slide\" role=\"group\" aria-roledescription=\"slide\" aria-label=\"13 de 14\"><figure class=\"swiper-slide-inner\"><img decoding=\"async\" class=\"swiper-slide-image\" src=\"https:\/\/www.bristolacademy.es\/wp-content\/uploads\/2021\/06\/DSC01896-768x1151.jpg\" alt=\"DSC01896\" \/><\/figure><\/div><div class=\"swiper-slide\" role=\"group\" aria-roledescription=\"slide\" aria-label=\"14 de 14\"><figure class=\"swiper-slide-inner\"><img decoding=\"async\" class=\"swiper-slide-image\" src=\"https:\/\/www.bristolacademy.es\/wp-content\/uploads\/2021\/06\/DSC01897-768x1152.jpg\" alt=\"DSC01897\" \/><\/figure><\/div>\t\t\t<\/div>\n\t\t\t\t\t\t\t\t\t\t\t\t<div class=\"elementor-swiper-button elementor-swiper-button-prev\" role=\"button\" tabindex=\"0\">\n\t\t\t\t\t\t<i aria-hidden=\"true\" class=\"eicon-chevron-left\"><\/i>\t\t\t\t\t<\/div>\n\t\t\t\t\t<div class=\"elementor-swiper-button elementor-swiper-button-next\" role=\"button\" tabindex=\"0\">\n\t\t\t\t\t\t<i aria-hidden=\"true\" class=\"eicon-chevron-right\"><\/i>\t\t\t\t\t<\/div>\n\t\t\t\t\n\t\t\t\t\t\t\t\t\t<div class=\"swiper-pagination\"><\/div>\n\t\t\t\t\t\t\t\t\t<\/div>\n\t\t\t\t<\/div>\n\t\t\t\t<\/div>\n\t\t\t\t\t<\/div>\n\t\t<\/div>\n\t\t\t\t\t<\/div>\n\t\t<\/section>\n\t\t\t\t<\/div>\n\t\t<\/div>","protected":false},"excerpt":{"rendered":"<div class=\"entry-content-stat post-content\">En Bristol Academy tenemos la seguridad de que un buen espacio de trabajo y aprendizaje es un punto clave para garantizar el \u00e9xito de nuestros alumnos por lo que nos hemos esforzado al m\u00e1ximo para hacer de nuestra escuela un espacio acogedor, al tiempo que funcional y moderno, para que todos y cada uno de los momentos que pases con nosotros sean provechosos y agradables. Asimismo, creemos que una zona donde puedas relajarte es esencial y es por eso que hemos creado un espacio de recepci\u00f3n y de espera d\u00f3nde puedas disfrutar de los minutos de espera entre clase y<\/div>\n<p><a href=\"https:\/\/www.bristolacademy.es\/es\/instalaciones\/\">Read More<i class=\"fa fa-long-arrow-right\" aria-hidden=\"true\"><\/i><\/a><\/p>\n","protected":false},"author":1,"featured_media":0,"parent":0,"menu_order":0,"comment_status":"open","ping_status":"closed","template":"","meta":{"_lmt_disableupdate":"","_lmt_disable":"","ngg_post_thumbnail":0,"footnotes":""},"_links":{"self":[{"href":"https:\/\/www.bristolacademy.es\/es\/wp-json\/wp\/v2\/pages\/351"}],"collection":[{"href":"https:\/\/www.bristolacademy.es\/es\/wp-json\/wp\/v2\/pages"}],"about":[{"href":"https:\/\/www.bristolacademy.es\/es\/wp-json\/wp\/v2\/types\/page"}],"author":[{"embeddable":true,"href":"https:\/\/www.bristolacademy.es\/es\/wp-json\/wp\/v2\/users\/1"}],"replies":[{"embeddable":true,"href":"https:\/\/www.bristolacademy.es\/es\/wp-json\/wp\/v2\/comments?post=351"}],"version-history":[{"count":18,"href":"https:\/\/www.bristolacademy.es\/es\/wp-json\/wp\/v2\/pages\/351\/revisions"}],"predecessor-version":[{"id":4342,"href":"https:\/\/www.bristolacademy.es\/es\/wp-json\/wp\/v2\/pages\/351\/revisions\/4342"}],"wp:attachment":[{"href":"https:\/\/www.bristolacademy.es\/es\/wp-json\/wp\/v2\/media?parent=351"}],"curies":[{"name":"wp","href":"https:\/\/api.w.org\/{rel}","templated":true}]}}