
{"id":3406,"date":"2019-02-07T12:38:49","date_gmt":"2019-02-07T11:38:49","guid":{"rendered":"http:\/\/www.bristolacademy.es\/?page_id=3406"},"modified":"2023-03-09T14:18:01","modified_gmt":"2023-03-09T13:18:01","slug":"lets-discover-natura-angles","status":"publish","type":"page","link":"https:\/\/www.bristolacademy.es\/es\/lets-discover-natura-angles\/","title":{"rendered":"Let&#8217;s Discover!"},"content":{"rendered":"<div class=\"post-content\">\t\t<div data-elementor-type=\"wp-page\" data-elementor-id=\"3406\" class=\"elementor elementor-3406\">\n\t\t\t\t\t\t<section class=\"elementor-section elementor-top-section elementor-element elementor-element-5992c649 elementor-section-boxed elementor-section-height-default elementor-section-height-default\" data-id=\"5992c649\" data-element_type=\"section\">\n\t\t\t\t\t\t<div class=\"elementor-container elementor-column-gap-default\">\n\t\t\t\t\t<div class=\"elementor-column elementor-col-100 elementor-top-column elementor-element elementor-element-3e2123b\" data-id=\"3e2123b\" data-element_type=\"column\">\n\t\t\t<div class=\"elementor-widget-wrap elementor-element-populated\">\n\t\t\t\t\t\t<div class=\"elementor-element elementor-element-1c4026f3 elementor-widget elementor-widget-text-editor\" data-id=\"1c4026f3\" data-element_type=\"widget\" data-widget_type=\"text-editor.default\">\n\t\t\t\t<div class=\"elementor-widget-container\">\n\t\t\t\t\t\t\t<p><\/p>\n<h2><img fetchpriority=\"high\" decoding=\"async\" class=\"aligncenter size-full wp-image-5085\" src=\"https:\/\/www.bristolacademy.es\/wp-content\/uploads\/2023\/02\/big-letsdiscover-post.png\" alt=\"\" width=\"450\" height=\"450\" srcset=\"https:\/\/www.bristolacademy.es\/wp-content\/uploads\/2023\/02\/big-letsdiscover-post.png 450w, https:\/\/www.bristolacademy.es\/wp-content\/uploads\/2023\/02\/big-letsdiscover-post-300x300.png 300w, https:\/\/www.bristolacademy.es\/wp-content\/uploads\/2023\/02\/big-letsdiscover-post-150x150.png 150w\" sizes=\"(max-width: 450px) 100vw, 450px\" \/><\/h2>\n<h2 style=\"text-align: center;\">\u00a1Para todos aquellos alumnos de entre 8 y 13 a\u00f1os que quieran disfrutar de una experiencia de lo m\u00e1s emocionante!<\/h2>\n<h3><em><strong>OBJETIVO<\/strong><\/em><\/h3>\n<ul>\n<li><strong>&nbsp;<\/strong><strong>Aprender ingl\u00e9s mientras disfrutamos del verano, el ingl\u00e9s&nbsp; y los amigos<\/strong><\/li>\n<\/ul>\n<p>El objetivo de esta estancia es que los alumnos pasen una <strong>semana de lo m\u00e1s divertida<\/strong>, en la que todas las actividades y el desarrollo del d\u00eda a d\u00eda, y por lo tanto, el aprendizaje del ingl\u00e9s, estar\u00e1n vinculados con la naturaleza y el entorno. <strong>Cada d\u00eda trabajaremos con la diversi\u00f3n y la motivaci\u00f3n de las actividades al aire libre<\/strong> como herramienta principal del aprendizaje, ya que la mayor\u00eda de las actividades de la estancia se llevar\u00e1n a cabo fuera del aula.<\/p>\n<p><\/p>\n<p><strong>&nbsp;<\/strong><strong>PROGRAMA Y PRECIOS<\/strong><\/p>\n<p><strong>La estancia se llevar\u00e1 a cabo<\/strong><\/p>\n<ul>\n<li><strong>JULIO 2023 (7 d\u00edas \u2013 6 noches)- 2- 8 julio 2023<\/strong><\/li>\n<\/ul>\n<p><strong style=\"font-size: 12pt;\">El lugar de la estancia: provincia de Tarragona &#8211; Coma-ruga<\/strong><\/p>\n<p><strong>El precio incluye:<\/strong><\/p>\n<ul>\n<li>Alojamiento en r\u00e9gimen de pensi\u00f3n completa en la casa de colonias&nbsp;<\/li>\n<li>Uso de todas las instalaciones de la casa<\/li>\n<li>Material did\u00e1ctico y actividades l\u00fadicas de grupo dentro y fuera de la casa.<\/li>\n<li>Seguro integral de responsabilidad civil y accidentes<\/li>\n<\/ul>\n<p><a href=\"https:\/\/drive.google.com\/file\/d\/1i3PoupPrhayIakIHiKOd0vjYY_l5aUqV\/view?usp=sharing\"><strong>Consulta el programa de actividades!&nbsp;<\/strong><\/a><\/p>\n<p><strong style=\"font-size: 12pt;\">PRECIOS<\/strong><\/p>\n<p><a href=\"https:\/\/forms.monday.com\/forms\/d9822b8f3f775dabe635dd08b7d00654?r=use1\">Cont\u00e1ctanos<\/a> para informaros del precio y formas de pago disponibles.<\/p>\n<p><strong style=\"font-size: 12pt;\">INSCRIPCIONES<\/strong><\/p>\n<p><strong>Plazas limitadas<\/strong>: 30 alumnos<\/p>\n<p><strong>Per\u00edodo de inscripci\u00f3n:<\/strong> del 28 de Febrero al 10 de abril de 2023<\/p>\n<p>Para inscribirse habr\u00e1 que rellenar el formulario de inscripci\u00f3n con todos los datos pertinentes y hacer el pago correspondiente a la forma de pago elegida.<\/p>\n<p><a href=\"https:\/\/forms.monday.com\/forms\/65e62e115032359d4146ba1948c1fff0?r=use1\"><strong>Rellena el formulario de inscripci\u00f3n!&nbsp;<\/strong><\/a><\/p>\n<p><strong>&nbsp;Para m\u00e1s informaci\u00f3n, no dudes en ponerte en contacto con nosotros llamando al <\/strong>977 844731 o si lo prefieres en <a href=\"mailto:hello@bristolacademy.es\">hello@bristolacademy.es<\/a> o rellenando <a href=\"https:\/\/forms.monday.com\/forms\/d9822b8f3f775dabe635dd08b7d00654?r=use1\">est<\/a>e formulario<a style=\"font-size: 14pt; color: #ff6600;\" href=\"https:\/\/forms.monday.com\/forms\/dd1b4dd5c8d9c6f55acc26aab49155ac?r=use1\">.<\/a><\/p>\n<p><!-- wp:tadv\/classic-paragraph \/--><\/p>\t\t\t\t\t\t<\/div>\n\t\t\t\t<\/div>\n\t\t\t\t\t<\/div>\n\t\t<\/div>\n\t\t\t\t\t<\/div>\n\t\t<\/section>\n\t\t\t\t<section class=\"elementor-section elementor-top-section elementor-element elementor-element-1711392 elementor-section-boxed elementor-section-height-default elementor-section-height-default\" data-id=\"1711392\" data-element_type=\"section\">\n\t\t\t\t\t\t<div class=\"elementor-container elementor-column-gap-default\">\n\t\t\t\t\t<div class=\"elementor-column elementor-col-100 elementor-top-column elementor-element elementor-element-31f8319\" data-id=\"31f8319\" data-element_type=\"column\">\n\t\t\t<div class=\"elementor-widget-wrap elementor-element-populated\">\n\t\t\t\t\t\t<div class=\"elementor-element elementor-element-a3cfcbc elementor-arrows-position-inside elementor-pagination-position-outside elementor-widget elementor-widget-image-carousel\" data-id=\"a3cfcbc\" data-element_type=\"widget\" data-settings=\"{&quot;navigation&quot;:&quot;both&quot;,&quot;autoplay&quot;:&quot;yes&quot;,&quot;pause_on_hover&quot;:&quot;yes&quot;,&quot;pause_on_interaction&quot;:&quot;yes&quot;,&quot;autoplay_speed&quot;:5000,&quot;infinite&quot;:&quot;yes&quot;,&quot;speed&quot;:500}\" data-widget_type=\"image-carousel.default\">\n\t\t\t\t<div class=\"elementor-widget-container\">\n\t\t\t\t\t<div class=\"elementor-image-carousel-wrapper swiper\" dir=\"ltr\">\n\t\t\t<div class=\"elementor-image-carousel swiper-wrapper\" aria-live=\"off\">\n\t\t\t\t\t\t\t\t<div class=\"swiper-slide\" role=\"group\" aria-roledescription=\"slide\" aria-label=\"1 de 14\"><figure class=\"swiper-slide-inner\"><img decoding=\"async\" class=\"swiper-slide-image\" src=\"https:\/\/www.bristolacademy.es\/wp-content\/uploads\/2023\/03\/hab-1_2-150x150.png\" alt=\"hab 1_2\" \/><\/figure><\/div><div class=\"swiper-slide\" role=\"group\" aria-roledescription=\"slide\" aria-label=\"2 de 14\"><figure class=\"swiper-slide-inner\"><img decoding=\"async\" class=\"swiper-slide-image\" src=\"https:\/\/www.bristolacademy.es\/wp-content\/uploads\/2023\/03\/Termes-150x150.jpg\" alt=\"Termes\" \/><\/figure><\/div><div class=\"swiper-slide\" role=\"group\" aria-roledescription=\"slide\" aria-label=\"3 de 14\"><figure class=\"swiper-slide-inner\"><img decoding=\"async\" class=\"swiper-slide-image\" src=\"https:\/\/www.bristolacademy.es\/wp-content\/uploads\/2023\/03\/sala-comuna_0-150x150.jpg\" alt=\"sala-comuna_0\" \/><\/figure><\/div><div class=\"swiper-slide\" role=\"group\" aria-roledescription=\"slide\" aria-label=\"4 de 14\"><figure class=\"swiper-slide-inner\"><img decoding=\"async\" class=\"swiper-slide-image\" src=\"https:\/\/www.bristolacademy.es\/wp-content\/uploads\/2023\/03\/sala-polivant-150x150.png\" alt=\"sala polivant\" \/><\/figure><\/div><div class=\"swiper-slide\" role=\"group\" aria-roledescription=\"slide\" aria-label=\"5 de 14\"><figure class=\"swiper-slide-inner\"><img decoding=\"async\" class=\"swiper-slide-image\" src=\"https:\/\/www.bristolacademy.es\/wp-content\/uploads\/2023\/03\/Sala-1_0-150x150.png\" alt=\"Sala 1_0\" \/><\/figure><\/div><div class=\"swiper-slide\" role=\"group\" aria-roledescription=\"slide\" aria-label=\"6 de 14\"><figure class=\"swiper-slide-inner\"><img decoding=\"async\" class=\"swiper-slide-image\" src=\"https:\/\/www.bristolacademy.es\/wp-content\/uploads\/2023\/03\/recepcio3-150x150.png\" alt=\"recepcio3\" \/><\/figure><\/div><div class=\"swiper-slide\" role=\"group\" aria-roledescription=\"slide\" aria-label=\"7 de 14\"><figure class=\"swiper-slide-inner\"><img decoding=\"async\" class=\"swiper-slide-image\" src=\"https:\/\/www.bristolacademy.es\/wp-content\/uploads\/2023\/03\/museu-pau-casals-150x150.jpg\" alt=\"museu-pau-casals\" \/><\/figure><\/div><div class=\"swiper-slide\" role=\"group\" aria-roledescription=\"slide\" aria-label=\"8 de 14\"><figure class=\"swiper-slide-inner\"><img decoding=\"async\" class=\"swiper-slide-image\" src=\"https:\/\/www.bristolacademy.es\/wp-content\/uploads\/2023\/03\/menjador_5-150x150.jpg\" alt=\"menjador_5\" \/><\/figure><\/div><div class=\"swiper-slide\" role=\"group\" aria-roledescription=\"slide\" aria-label=\"9 de 14\"><figure class=\"swiper-slide-inner\"><img decoding=\"async\" class=\"swiper-slide-image\" src=\"https:\/\/www.bristolacademy.es\/wp-content\/uploads\/2023\/03\/menjador-1-150x150.png\" alt=\"menjador 1\" \/><\/figure><\/div><div class=\"swiper-slide\" role=\"group\" aria-roledescription=\"slide\" aria-label=\"10 de 14\"><figure class=\"swiper-slide-inner\"><img decoding=\"async\" class=\"swiper-slide-image\" src=\"https:\/\/www.bristolacademy.es\/wp-content\/uploads\/2023\/03\/IMG_4211-150x150.jpg\" alt=\"IMG_4211\" \/><\/figure><\/div><div class=\"swiper-slide\" role=\"group\" aria-roledescription=\"slide\" aria-label=\"11 de 14\"><figure class=\"swiper-slide-inner\"><img decoding=\"async\" class=\"swiper-slide-image\" src=\"https:\/\/www.bristolacademy.es\/wp-content\/uploads\/2023\/03\/hall_entrada_0-150x150.jpg\" alt=\"hall_entrada_0\" \/><\/figure><\/div><div class=\"swiper-slide\" role=\"group\" aria-roledescription=\"slide\" aria-label=\"12 de 14\"><figure class=\"swiper-slide-inner\"><img decoding=\"async\" class=\"swiper-slide-image\" src=\"https:\/\/www.bristolacademy.es\/wp-content\/uploads\/2023\/03\/distribuidor_habitacions2-150x150.png\" alt=\"distribuidor_habitacions2\" \/><\/figure><\/div><div class=\"swiper-slide\" role=\"group\" aria-roledescription=\"slide\" aria-label=\"13 de 14\"><figure class=\"swiper-slide-inner\"><img decoding=\"async\" class=\"swiper-slide-image\" src=\"https:\/\/www.bristolacademy.es\/wp-content\/uploads\/2023\/03\/coma_ruga07-150x150.jpg\" alt=\"coma_ruga07\" \/><\/figure><\/div><div class=\"swiper-slide\" role=\"group\" aria-roledescription=\"slide\" aria-label=\"14 de 14\"><figure class=\"swiper-slide-inner\"><img decoding=\"async\" class=\"swiper-slide-image\" src=\"https:\/\/www.bristolacademy.es\/wp-content\/uploads\/2023\/03\/coma_ruga03-150x150.jpg\" alt=\"coma_ruga03\" \/><\/figure><\/div>\t\t\t<\/div>\n\t\t\t\t\t\t\t\t\t\t\t\t<div class=\"elementor-swiper-button elementor-swiper-button-prev\" role=\"button\" tabindex=\"0\">\n\t\t\t\t\t\t<i aria-hidden=\"true\" class=\"eicon-chevron-left\"><\/i>\t\t\t\t\t<\/div>\n\t\t\t\t\t<div class=\"elementor-swiper-button elementor-swiper-button-next\" role=\"button\" tabindex=\"0\">\n\t\t\t\t\t\t<i aria-hidden=\"true\" class=\"eicon-chevron-right\"><\/i>\t\t\t\t\t<\/div>\n\t\t\t\t\n\t\t\t\t\t\t\t\t\t<div class=\"swiper-pagination\"><\/div>\n\t\t\t\t\t\t\t\t\t<\/div>\n\t\t\t\t<\/div>\n\t\t\t\t<\/div>\n\t\t\t\t\t<\/div>\n\t\t<\/div>\n\t\t\t\t\t<\/div>\n\t\t<\/section>\n\t\t\t\t<\/div>\n\t\t<\/div>","protected":false},"excerpt":{"rendered":"<div class=\"entry-content-stat post-content\">\u00a1Para todos aquellos alumnos de entre 8 y 13 a\u00f1os que quieran disfrutar de una experiencia de lo m\u00e1s emocionante! OBJETIVO &nbsp;Aprender ingl\u00e9s mientras disfrutamos del verano, el ingl\u00e9s&nbsp; y los amigos El objetivo de esta estancia es que los alumnos pasen una semana de lo m\u00e1s divertida, en la que todas las actividades y el desarrollo del d\u00eda a d\u00eda, y por lo tanto, el aprendizaje del ingl\u00e9s, estar\u00e1n vinculados con la naturaleza y el entorno. Cada d\u00eda trabajaremos con la diversi\u00f3n y la motivaci\u00f3n de las actividades al aire libre como herramienta principal del aprendizaje, ya que la<\/div>\n<p><a href=\"https:\/\/www.bristolacademy.es\/es\/lets-discover-natura-angles\/\">Read More<i class=\"fa fa-long-arrow-right\" aria-hidden=\"true\"><\/i><\/a><\/p>\n","protected":false},"author":1,"featured_media":0,"parent":0,"menu_order":0,"comment_status":"closed","ping_status":"closed","template":"","meta":{"_lmt_disableupdate":"no","_lmt_disable":"no","ngg_post_thumbnail":0,"footnotes":""},"_links":{"self":[{"href":"https:\/\/www.bristolacademy.es\/es\/wp-json\/wp\/v2\/pages\/3406"}],"collection":[{"href":"https:\/\/www.bristolacademy.es\/es\/wp-json\/wp\/v2\/pages"}],"about":[{"href":"https:\/\/www.bristolacademy.es\/es\/wp-json\/wp\/v2\/types\/page"}],"author":[{"embeddable":true,"href":"https:\/\/www.bristolacademy.es\/es\/wp-json\/wp\/v2\/users\/1"}],"replies":[{"embeddable":true,"href":"https:\/\/www.bristolacademy.es\/es\/wp-json\/wp\/v2\/comments?post=3406"}],"version-history":[{"count":55,"href":"https:\/\/www.bristolacademy.es\/es\/wp-json\/wp\/v2\/pages\/3406\/revisions"}],"predecessor-version":[{"id":5171,"href":"https:\/\/www.bristolacademy.es\/es\/wp-json\/wp\/v2\/pages\/3406\/revisions\/5171"}],"wp:attachment":[{"href":"https:\/\/www.bristolacademy.es\/es\/wp-json\/wp\/v2\/media?parent=3406"}],"curies":[{"name":"wp","href":"https:\/\/api.w.org\/{rel}","templated":true}]}}