
{"id":3286,"date":"2018-11-28T14:00:29","date_gmt":"2018-11-28T13:00:29","guid":{"rendered":"http:\/\/www.bristolacademy.es\/?page_id=3286"},"modified":"2019-03-27T13:29:11","modified_gmt":"2019-03-27T12:29:11","slug":"curs-escolar-en-angles-a-lestranger","status":"publish","type":"page","link":"https:\/\/www.bristolacademy.es\/es\/curs-escolar-en-angles-a-lestranger\/","title":{"rendered":"Curso escolar en el extranjero"},"content":{"rendered":"<div class=\"post-content\"><p><!-- Carousel Style & Script for  gallery-69eb4d5ba1e6c -->\r\n\r\n<script type=\"text\/javascript\">\r\n\/\/ <![CDATA[\r\n\/* START --- Image Carousel --- *\/\r\n\r\njQuery(document).ready(function($) {\r\n\r\n    \r\n    $('.ghozylab-gallery img').each(function(i) {\r\n\r\n        $alt = $(this).attr('alt');\r\n\r\n        \/\/ Replace default title to more fancy :)\r\n        $(this).attr('alt', $alt.replace(\/-|_\/g, ' '));\r\n\r\n        $altnew = $(this).attr('alt').toLowerCase().replace(\/\\b[a-z]\/g, function(letter) {\r\n\r\n            return letter.toUpperCase();\r\n\r\n        });\r\n\r\n        $(this).attr('alt', $altnew);\r\n        \/\/ Compatibility with Zoom Lite Theme Image LazyLoad\r\n        $(this).removeAttr('data-lazy-src');\r\n\r\n    });\r\n\r\n    \r\n    $('#icppreloader-gallery-69eb4d5ba1e6c').fadeOut(300, function() {\r\n        $('#gallery-69eb4d5ba1e6c').fadeIn(300);\r\n        var slider69eb4d5ba1e6c = $('#gallery-69eb4d5ba1e6c').bxSlider({\r\n            auto: true,\r\n            pause: 5000,\r\n            autoHover: true,\r\n            moveSlides: 3,\r\n            minSlides: 3,\r\n            maxSlides: 3,\r\n            slideWidth: 500,\r\n            slideMargin: 10,\r\n            startSlide: 0,\r\n            infiniteLoop: true,\r\n            captions: true,\r\n            captionsMode: 'alt',\r\n            adaptiveHeight: true,\r\n            useCSS: false,\r\n            pager: true,\r\n            easing: 'easeOutBounce',\r\n            speed: 2500,\r\n            preloadImages: 'all',\r\n            onSlideBefore: function() {\r\n                                $('#gallery-69eb4d5ba1e6c .bx-caption').slideUp();\r\n                            },\r\n            onSlideAfter: function($slideElement, oldIndex, newIndex) {\r\n                                slider69eb4d5ba1e6c.stopAuto();\r\n                slider69eb4d5ba1e6c.startAuto();\r\n                                $('#gallery-69eb4d5ba1e6c .bx-caption').slideDown();\r\n                            }\r\n        });\r\n\r\n    });\r\n});\r\n\r\n\/* END --- Image Carousel --- *\/\r\n\r\n\/\/ ]]>\r\n<\/script>\r\n\r\n<style type=\"text\/css\">\r\n.markup-gallery-69eb4d5ba1e6c .carousel-item img {width: 100%;margin: 0 auto;border:none !important;border-radius: 0px !important;box-shadow:none !important;}.markup-gallery-69eb4d5ba1e6c .bx-controls-direction a {display: none;}.markup-gallery-69eb4d5ba1e6c .bx-wrapper:hover .bx-controls-direction a {display: block;}.markup-gallery-69eb4d5ba1e6c .bx-controls-direction a { display: block !important;}1<\/style>\r\n\r\n\n\t\t<div id='icppreloader-gallery-69eb4d5ba1e6c' class='icpsliderpreloader'><\/div><div class='markup-gallery-69eb4d5ba1e6c'><div style='display:none;' id='gallery-69eb4d5ba1e6c' class='ghozylab-gallery galleryid-3286 gallery-size-full'><div class='carousel-item'><a   href='https:\/\/www.bristolacademy.es\/wp-content\/uploads\/2019\/03\/londres-1024x666.jpg'><img fetchpriority=\"high\" decoding=\"async\" width=\"2000\" height=\"1300\" src=\"https:\/\/www.bristolacademy.es\/wp-content\/uploads\/2019\/03\/londres.jpg\" class=\"attachment-full size-full\" alt=\"\" srcset=\"https:\/\/www.bristolacademy.es\/wp-content\/uploads\/2019\/03\/londres.jpg 2000w, https:\/\/www.bristolacademy.es\/wp-content\/uploads\/2019\/03\/londres-300x195.jpg 300w, https:\/\/www.bristolacademy.es\/wp-content\/uploads\/2019\/03\/londres-768x499.jpg 768w, https:\/\/www.bristolacademy.es\/wp-content\/uploads\/2019\/03\/londres-1024x666.jpg 1024w, https:\/\/www.bristolacademy.es\/wp-content\/uploads\/2019\/03\/londres-1140x741.jpg 1140w\" sizes=\"(max-width: 2000px) 100vw, 2000px\" \/><\/a><\/div><div class='carousel-item'><a   href='https:\/\/www.bristolacademy.es\/wp-content\/uploads\/2019\/03\/b4-1024x682.jpg'><img decoding=\"async\" width=\"1276\" height=\"850\" src=\"https:\/\/www.bristolacademy.es\/wp-content\/uploads\/2019\/03\/b4.jpg\" class=\"attachment-full size-full\" alt=\"\" srcset=\"https:\/\/www.bristolacademy.es\/wp-content\/uploads\/2019\/03\/b4.jpg 1276w, https:\/\/www.bristolacademy.es\/wp-content\/uploads\/2019\/03\/b4-300x200.jpg 300w, https:\/\/www.bristolacademy.es\/wp-content\/uploads\/2019\/03\/b4-768x512.jpg 768w, https:\/\/www.bristolacademy.es\/wp-content\/uploads\/2019\/03\/b4-1024x682.jpg 1024w, https:\/\/www.bristolacademy.es\/wp-content\/uploads\/2019\/03\/b4-1140x759.jpg 1140w\" sizes=\"(max-width: 1276px) 100vw, 1276px\" \/><\/a><\/div><div class='carousel-item'><a   href='https:\/\/www.bristolacademy.es\/wp-content\/uploads\/2019\/03\/Un-iversidad-Estados-Unidos.jpg'><img decoding=\"async\" width=\"400\" height=\"263\" src=\"https:\/\/www.bristolacademy.es\/wp-content\/uploads\/2019\/03\/Un-iversidad-Estados-Unidos.jpg\" class=\"attachment-full size-full\" alt=\"\" srcset=\"https:\/\/www.bristolacademy.es\/wp-content\/uploads\/2019\/03\/Un-iversidad-Estados-Unidos.jpg 400w, https:\/\/www.bristolacademy.es\/wp-content\/uploads\/2019\/03\/Un-iversidad-Estados-Unidos-300x197.jpg 300w\" sizes=\"(max-width: 400px) 100vw, 400px\" \/><\/a><\/div><div class='carousel-item'><a   href='https:\/\/www.bristolacademy.es\/wp-content\/uploads\/2019\/03\/j1.jpg'><img loading=\"lazy\" decoding=\"async\" width=\"653\" height=\"350\" src=\"https:\/\/www.bristolacademy.es\/wp-content\/uploads\/2019\/03\/j1.jpg\" class=\"attachment-full size-full\" alt=\"\" srcset=\"https:\/\/www.bristolacademy.es\/wp-content\/uploads\/2019\/03\/j1.jpg 653w, https:\/\/www.bristolacademy.es\/wp-content\/uploads\/2019\/03\/j1-300x161.jpg 300w\" sizes=\"(max-width: 653px) 100vw, 653px\" \/><\/a><\/div><div class='carousel-item'><a   href='https:\/\/www.bristolacademy.es\/wp-content\/uploads\/2019\/03\/dublin-1024x576.jpg'><img loading=\"lazy\" decoding=\"async\" width=\"2309\" height=\"1299\" src=\"https:\/\/www.bristolacademy.es\/wp-content\/uploads\/2019\/03\/dublin.jpg\" class=\"attachment-full size-full\" alt=\"Dublin by night\" srcset=\"https:\/\/www.bristolacademy.es\/wp-content\/uploads\/2019\/03\/dublin.jpg 2309w, https:\/\/www.bristolacademy.es\/wp-content\/uploads\/2019\/03\/dublin-300x169.jpg 300w, https:\/\/www.bristolacademy.es\/wp-content\/uploads\/2019\/03\/dublin-768x432.jpg 768w, https:\/\/www.bristolacademy.es\/wp-content\/uploads\/2019\/03\/dublin-1024x576.jpg 1024w, https:\/\/www.bristolacademy.es\/wp-content\/uploads\/2019\/03\/dublin-600x338.jpg 600w, https:\/\/www.bristolacademy.es\/wp-content\/uploads\/2019\/03\/dublin-1140x641.jpg 1140w\" sizes=\"(max-width: 2309px) 100vw, 2309px\" \/><\/a><\/div><div class='carousel-item'><a   href='https:\/\/www.bristolacademy.es\/wp-content\/uploads\/2019\/03\/b1.png'><img loading=\"lazy\" decoding=\"async\" width=\"800\" height=\"450\" src=\"https:\/\/www.bristolacademy.es\/wp-content\/uploads\/2019\/03\/b1.png\" class=\"attachment-full size-full\" alt=\"\" srcset=\"https:\/\/www.bristolacademy.es\/wp-content\/uploads\/2019\/03\/b1.png 800w, https:\/\/www.bristolacademy.es\/wp-content\/uploads\/2019\/03\/b1-300x169.png 300w, https:\/\/www.bristolacademy.es\/wp-content\/uploads\/2019\/03\/b1-768x432.png 768w, https:\/\/www.bristolacademy.es\/wp-content\/uploads\/2019\/03\/b1-600x338.png 600w\" sizes=\"(max-width: 800px) 100vw, 800px\" \/><\/a><\/div><div class='carousel-item'><a   href='https:\/\/www.bristolacademy.es\/wp-content\/uploads\/2019\/03\/b3-1024x267.jpg'><img loading=\"lazy\" decoding=\"async\" width=\"1920\" height=\"500\" src=\"https:\/\/www.bristolacademy.es\/wp-content\/uploads\/2019\/03\/b3.jpg\" class=\"attachment-full size-full\" alt=\"\" srcset=\"https:\/\/www.bristolacademy.es\/wp-content\/uploads\/2019\/03\/b3.jpg 1920w, https:\/\/www.bristolacademy.es\/wp-content\/uploads\/2019\/03\/b3-300x78.jpg 300w, https:\/\/www.bristolacademy.es\/wp-content\/uploads\/2019\/03\/b3-768x200.jpg 768w, https:\/\/www.bristolacademy.es\/wp-content\/uploads\/2019\/03\/b3-1024x267.jpg 1024w, https:\/\/www.bristolacademy.es\/wp-content\/uploads\/2019\/03\/b3-1140x297.jpg 1140w\" sizes=\"(max-width: 1920px) 100vw, 1920px\" \/><\/a><\/div><div class='carousel-item'><a   href='https:\/\/www.bristolacademy.es\/wp-content\/uploads\/2019\/03\/b2.jpg'><img loading=\"lazy\" decoding=\"async\" width=\"960\" height=\"639\" src=\"https:\/\/www.bristolacademy.es\/wp-content\/uploads\/2019\/03\/b2.jpg\" class=\"attachment-full size-full\" alt=\"\" srcset=\"https:\/\/www.bristolacademy.es\/wp-content\/uploads\/2019\/03\/b2.jpg 960w, https:\/\/www.bristolacademy.es\/wp-content\/uploads\/2019\/03\/b2-300x200.jpg 300w, https:\/\/www.bristolacademy.es\/wp-content\/uploads\/2019\/03\/b2-768x511.jpg 768w\" sizes=\"(max-width: 960px) 100vw, 960px\" \/><\/a><\/div>\r\n\t\t<\/div><\/div>\n<\/p>\n<p><span style=\"font-size: 12pt;\">Desde Bristol Academy os abrimos las puertas al mundo para que pueda ofrecer a sus hijos\/as la opci\u00f3n de poder cursar un a\u00f1o de curso escolar en ingl\u00e9s en el extranjero; este est\u00e1 dirigido a chicos y chicas de entre 12 y 18 a\u00f1os (variar\u00e1 seg\u00fan lugar de destino).<\/span><\/p>\n<h2><strong>Una experiencia para toda la vida<\/strong><\/h2>\n<p><span style=\"font-size: 12pt;\">Realizar un a\u00f1o escolar en el extranjero, sea cual sea el destino que elijas, es una experiencia muy gratificante e inolvidable que recordar\u00e1n toda la vida. Desde el primer momento viven una aventura que les aporta no solo un crecimiento a nivel educativo, sino tambi\u00e9n un crecimiento personal y una mayor madurez.\u00a0<\/span><\/p>\n<p><span style=\"font-size: 12pt;\">Esta experiencia podr\u00e1 ofrecer a vuestros hijos\/as m\u00faltiples beneficios: <\/span><\/p>\n<ul>\n<li><span style=\"font-size: 12pt;\">una plena inmersi\u00f3n ling\u00fc\u00edstica<\/span><\/li>\n<li><span style=\"font-size: 12pt;\">el perfeccionamiento de la lengua<\/span><\/li>\n<li><span style=\"font-size: 12pt;\">el aprendizaje de nuevos valores<\/span><\/li>\n<li><span style=\"font-size: 12pt;\">el aprendizaje de una nueva cultura<\/span><\/li>\n<li><span style=\"font-size: 12pt;\">crecimiento personal <\/span><\/li>\n<li><span style=\"font-size: 12pt;\">la oportunidad de convertirse en una persona autosuficiente<\/span><\/li>\n<\/ul>\n<h2><strong>La Estancia<\/strong><\/h2>\n<p><span style=\"font-size: 12pt;\">Os ofrecemos 3 opciones diferentes para poder escoger la m\u00e1s adecuada para vuestros hijos\/as:<\/span><\/p>\n<ul>\n<li><span style=\"color: #ff6600; font-size: 14pt;\"><strong>Inglaterra<\/strong><\/span><\/li>\n<li><span style=\"color: #ff6600; font-size: 14pt;\"><strong>Irlanda<img loading=\"lazy\" decoding=\"async\" class=\"alignright wp-image-3290 size-medium\" src=\"http:\/\/www.bristolacademy.es\/wp-content\/uploads\/2018\/11\/Captura1-300x194.gif\" alt=\"\" width=\"300\" height=\"194\" \/><\/strong><\/span><\/li>\n<li><span style=\"color: #ff6600; font-size: 14pt;\"><strong>Estados Unidos<\/strong><\/span><\/li>\n<\/ul>\n<p><span style=\"font-size: 12pt;\">Todos nuestros colegios e instituciones con las que <\/span><span style=\"font-size: 12pt;\">trabajamos est\u00e1n reconocidas internacionalmente <\/span><span style=\"font-size: 12pt;\">con los principales sellos de calidad. Garantizamos <\/span><span style=\"font-size: 12pt;\">el seguimiento constante del alumno y gestionamos <\/span><span style=\"font-size: 12pt;\">todo el proceso de convalidaci\u00f3n de asignaturas al<\/span><br \/>\n<span style=\"font-size: 12pt;\">final de la estancia.<\/span><\/p>\n<p><span style=\"font-size: 12pt;\">Contamos con un equipo de profesionales experimentado y que conoce a la perfecci\u00f3n todos los programas y colegios, as\u00ed como las posibles incidencias que puedan ocurrir. Estar\u00e1n dedicados a ayudarte durante todo el proceso y podr\u00e1s contactar con ellos en cualquier momento.<\/span><\/p>\n<p><span style=\"font-size: 12pt;\">El alojamiento durante la estancia del estudiante en <\/span><span style=\"font-size: 12pt;\">el pa\u00eds que elija, puede ser bien en familia de acogida <\/span><span style=\"font-size: 12pt;\">o bien en residencia de estudiantes. Depende de las <\/span><span style=\"font-size: 12pt;\">preferencias y necesidades del alumno.<\/span><\/p>\n<div id=\"accordions-3512\" class=\"accordions-3512 accordions\" data-accordions={&quot;lazyLoad&quot;:false,&quot;id&quot;:&quot;3512&quot;,&quot;event&quot;:&quot;click&quot;,&quot;collapsible&quot;:&quot;true&quot;,&quot;heightStyle&quot;:&quot;content&quot;,&quot;animateStyle&quot;:&quot;swing&quot;,&quot;animateDelay&quot;:1000,&quot;navigation&quot;:true,&quot;active&quot;:999,&quot;expandedOther&quot;:&quot;no&quot;}>\r\n                <div class=\"items\" >\r\n    \r\n            <div post_id=\"3512\" itemcount=\"0\"  header_id=\"header-1553688872922\" id=\"header-1553688872922\" style=\"\" class=\"accordions-head head1553688872922 border-semi-round\" toggle-text=\"\" main-text=\"LAS FAMILIAS DE ACOGIDA \u201cHOST FAMILIES\u201d \">\r\n                                    <span id=\"accordion-icons-1553688872922\" class=\"accordion-icons\">\r\n                        <span class=\"accordion-icon-active accordion-plus\"><i class=\"fa fas fa-chevron-up\"><\/i><\/span>\r\n                        <span class=\"accordion-icon-inactive accordion-minus\"><i class=\"fa fas fa-chevron-down\"><\/i><\/span>\r\n                    <\/span>\r\n                    <span id=\"header-text-1553688872922\" class=\"accordions-head-title\">LAS FAMILIAS DE ACOGIDA \u201cHOST FAMILIES\u201d <\/span>\r\n                            <\/div>\r\n            <div class=\"accordion-content content1553688872922 \">\r\n                <p><span style=\"font-size: 12pt;\">Los estudiantes son asignados a familias de acogida, con las que convivir\u00e1n durante toda su estancia en el extranjero. Las familias son cuidadosamente seleccionadas y cumplen con unos requisitos de calidad para participar en los programas y alojar a estudiantes. El contacto con ellas, la atenci\u00f3n que prest\u00e1n al estudiante y los estupendos v\u00ednculos que se crean entre estudiante y familia hacen que sean como sus segundos padres o hermanos de por vida, manteniendo el contacto en la gran mayor\u00eda de los casos, durante toda la vida. Las familias los reciben como uno m\u00e1s, con los brazos abiertos y deseando ayudarlos en todo lo que puedan.<\/span><\/p>\n            <\/div>\r\n    <\/div>\r\n\r\n\r\n\r\n            <\/div>\n<div id=\"accordions-3521\" class=\"accordions-3521 accordions\" data-accordions={&quot;lazyLoad&quot;:false,&quot;id&quot;:&quot;3521&quot;,&quot;event&quot;:&quot;click&quot;,&quot;collapsible&quot;:&quot;true&quot;,&quot;heightStyle&quot;:&quot;content&quot;,&quot;animateStyle&quot;:&quot;swing&quot;,&quot;animateDelay&quot;:1000,&quot;navigation&quot;:true,&quot;active&quot;:999,&quot;expandedOther&quot;:&quot;no&quot;}>\r\n                <div class=\"items\" >\r\n    \r\n            <div post_id=\"3521\" itemcount=\"0\"  header_id=\"header-1553689287255\" id=\"header-1553689287255\" style=\"\" class=\"accordions-head head1553689287255 border-semi-round\" toggle-text=\"\" main-text=\"LAS RESIDENCIAS DE ESTUDIANTES \">\r\n                                    <span id=\"accordion-icons-1553689287255\" class=\"accordion-icons\">\r\n                        <span class=\"accordion-icon-active accordion-plus\"><i class=\"fa fas fa-chevron-up\"><\/i><\/span>\r\n                        <span class=\"accordion-icon-inactive accordion-minus\"><i class=\"fa fas fa-chevron-down\"><\/i><\/span>\r\n                    <\/span>\r\n                    <span id=\"header-text-1553689287255\" class=\"accordions-head-title\">LAS RESIDENCIAS DE ESTUDIANTES <\/span>\r\n                            <\/div>\r\n            <div class=\"accordion-content content1553689287255 \">\r\n                <p><span style=\"font-size: 12pt;\">Las residencias de estudiantes son la mejor opci\u00f3n para aquellos alumnos que tienen una mayor madurez y quieran disfrutar de la experiencia de compartir alojamiento con estudiantes internacionales de todas las partes del mundo.<\/span><\/p>\n            <\/div>\r\n    <\/div>\r\n\r\n\r\n\r\n            <\/div>\n<h2><strong>CADA ALUMNO ES DIFERENTE <\/strong><\/h2>\n<p><span style=\"font-size: 12pt;\">Como cada alumno es diferente, hay que tener una serie de factores en cuenta antes de seleccionar el destino adecuado para \u00e9l. Hay un programa para cada caso y lo que tenemos que valorar es lo siguiente:<\/span><\/p>\n<p><span style=\"font-size: 12pt;\"><strong><span style=\"color: #ff6600;\">&#8211; EDAD:<\/span><\/strong> la edad es un factor determinante a la hora de escoger el destino ideal. Para los alumnos m\u00e1s j\u00f3venes recomendamos seleccionar destinos como Irlanda o Inglaterra, donde las costumbres, y similitudes culturales dada su cercan\u00eda son menores. En cambio para los alumnos con m\u00e1s edad son recomendables destinos como Estados Unidos.<\/span><\/p>\n<p><span style=\"font-size: 12pt;\"><strong><span style=\"color: #ff6600;\">&#8211; NIVEL DE INGL\u00c9S:<\/span><\/strong> todos los alumnos han de realizar una prueba de nivel que ser\u00e1 necesaria para la aceptaci\u00f3n en el programa. Algunos destinos como Irlanda son m\u00e1s flexibles a la hora de aceptar alumnos con niveles m\u00e1s bajos de ingl\u00e9s, en cambio otros como Estados Unidos o Inglaterra demandan un nivel de ingl\u00e9s m\u00e1s alto para acceder al programa.<\/span><\/p>\n<p><span style=\"font-size: 12pt;\"><strong><span style=\"color: #ff6600;\">&#8211; MADUREZ:<\/span> <\/strong>el grado de madurez del alumno es determinante a la hora de seleccionar un destino frente a otro, ya que son la madurez y la personalidad del alumno las que determinan que se adepte mejor a unas culturas que a otras.<\/span><\/p>\n<p><span style=\"font-size: 12pt;\"><strong><span style=\"color: #ff6600;\">&#8211; COLEGIOS Y ALOJAMIENTO:<\/span><\/strong> la preferencia a la hora de seleccionar un destino tambi\u00e9n viene vinculada a la preferencia a la hora de seleccionar un colegio p\u00fablico o privado. En la SELECCI\u00d3N DE ASIGNATURAS te asesoramos en la elecci\u00f3n de tus asignaturas en funci\u00f3n de los requisitos que el Ministerio de Educaci\u00f3n requiere para que tramitemos tu convalidaci\u00f3n.<\/span><\/p>\n<p><span style=\"font-size: 14pt; color: #ff6600;\"><strong>REQUISITOS<\/strong><\/span><\/p>\n<p><span style=\"font-size: 12pt;\">Para poder cursar un a\u00f1o de estudios en el estranjero es necesario:<\/span><\/p>\n<ul>\n<li style=\"list-style-type: none;\">\n<ul>\n<li><span style=\"font-size: 12pt;\">Superar el test de ingl\u00e9s: los interesados deber\u00e1n hacer una prueva para poder optar al programa. Es necesario un nivel alto del idioma.<\/span><\/li>\n<li><span style=\"font-size: 12pt;\">Superar la entrevista hecha por el colegio donde estar\u00e1.<\/span><\/li>\n<li><span style=\"font-size: 12pt;\">Presentar un expediente acad\u00e9mico adecuado.<\/span><\/li>\n<li><span style=\"font-size: 12pt;\">Aceptar las normas establecidas por el centro educativo seleccionado.<\/span><\/li>\n<\/ul>\n<\/li>\n<\/ul>\n<p><span style=\"font-size: 12pt;\">Para consultar precios o cualquier duda<\/span><span style=\"font-size: 12pt;\">, no dud\u00e9is en pasar por la academia o bien enviar un correo electr\u00f3nico a <a href=\"mailto:secretaria@bristolacademy.es\">secretaria@bristolacademy.es<\/a>.<\/span><\/p>\n<\/div>","protected":false},"excerpt":{"rendered":"<div class=\"entry-content-stat post-content\">Desde Bristol Academy os abrimos las puertas al mundo para que pueda ofrecer a sus hijos\/as la opci\u00f3n de poder cursar un a\u00f1o de curso escolar en ingl\u00e9s en el extranjero; este est\u00e1 dirigido a chicos y chicas de entre 12 y 18 a\u00f1os (variar\u00e1 seg\u00fan lugar de destino). Una experiencia para toda la vida Realizar un a\u00f1o escolar en el extranjero, sea cual sea el destino que elijas, es una experiencia muy gratificante e inolvidable que recordar\u00e1n toda la vida. Desde el primer momento viven una aventura que les aporta no solo un crecimiento a nivel educativo, sino tambi\u00e9n<\/div>\n<p><a href=\"https:\/\/www.bristolacademy.es\/es\/curs-escolar-en-angles-a-lestranger\/\">Read More<i class=\"fa fa-long-arrow-right\" aria-hidden=\"true\"><\/i><\/a><\/p>\n","protected":false},"author":1,"featured_media":0,"parent":0,"menu_order":0,"comment_status":"closed","ping_status":"closed","template":"","meta":{"_lmt_disableupdate":"","_lmt_disable":"","ngg_post_thumbnail":0,"footnotes":""},"_links":{"self":[{"href":"https:\/\/www.bristolacademy.es\/es\/wp-json\/wp\/v2\/pages\/3286"}],"collection":[{"href":"https:\/\/www.bristolacademy.es\/es\/wp-json\/wp\/v2\/pages"}],"about":[{"href":"https:\/\/www.bristolacademy.es\/es\/wp-json\/wp\/v2\/types\/page"}],"author":[{"embeddable":true,"href":"https:\/\/www.bristolacademy.es\/es\/wp-json\/wp\/v2\/users\/1"}],"replies":[{"embeddable":true,"href":"https:\/\/www.bristolacademy.es\/es\/wp-json\/wp\/v2\/comments?post=3286"}],"version-history":[{"count":36,"href":"https:\/\/www.bristolacademy.es\/es\/wp-json\/wp\/v2\/pages\/3286\/revisions"}],"predecessor-version":[{"id":3527,"href":"https:\/\/www.bristolacademy.es\/es\/wp-json\/wp\/v2\/pages\/3286\/revisions\/3527"}],"wp:attachment":[{"href":"https:\/\/www.bristolacademy.es\/es\/wp-json\/wp\/v2\/media?parent=3286"}],"curies":[{"name":"wp","href":"https:\/\/api.w.org\/{rel}","templated":true}]}}