
{"id":319,"date":"2013-05-28T12:22:09","date_gmt":"2013-05-28T12:22:09","guid":{"rendered":"http:\/\/www.bristolacademy.es\/?page_id=319"},"modified":"2022-03-21T12:04:36","modified_gmt":"2022-03-21T11:04:36","slug":"servicio-de-traduccion-e-interprete","status":"publish","type":"page","link":"https:\/\/www.bristolacademy.es\/es\/inicio\/empreses\/servicio-de-traduccion-e-interprete\/","title":{"rendered":"Servicio de Traducci\u00f3n e Interpretaci\u00f3n"},"content":{"rendered":"<div class=\"post-content\">\t\t<div data-elementor-type=\"wp-page\" data-elementor-id=\"319\" class=\"elementor elementor-319\">\n\t\t\t\t\t\t<section class=\"elementor-section elementor-top-section elementor-element elementor-element-416a1477 elementor-section-boxed elementor-section-height-default elementor-section-height-default\" data-id=\"416a1477\" data-element_type=\"section\">\n\t\t\t\t\t\t<div class=\"elementor-container elementor-column-gap-default\">\n\t\t\t\t\t<div class=\"elementor-column elementor-col-100 elementor-top-column elementor-element elementor-element-1485ebe9\" data-id=\"1485ebe9\" data-element_type=\"column\">\n\t\t\t<div class=\"elementor-widget-wrap elementor-element-populated\">\n\t\t\t\t\t\t<div class=\"elementor-element elementor-element-575a73ea elementor-widget elementor-widget-text-editor\" data-id=\"575a73ea\" data-element_type=\"widget\" data-widget_type=\"text-editor.default\">\n\t\t\t\t<div class=\"elementor-widget-container\">\n\t\t\t\t\t\t\t<p><\/p><h1><span style=\"color: #000000; font-family: tahoma, arial, helvetica, sans-serif;\">Servicio de traducci\u00f3n y de interpretaci\u00f3n<\/span><\/h1><p><span style=\"font-family: tahoma, arial, helvetica, sans-serif;\"><img fetchpriority=\"high\" decoding=\"async\" class=\"wp-image-3876 alignleft\" src=\"https:\/\/www.bristolacademy.es\/wp-content\/uploads\/2020\/11\/translation-in-dictionary-stock-1920.jpg\" alt=\"\" width=\"314\" height=\"177\" srcset=\"https:\/\/www.bristolacademy.es\/wp-content\/uploads\/2020\/11\/translation-in-dictionary-stock-1920.jpg 1920w, https:\/\/www.bristolacademy.es\/wp-content\/uploads\/2020\/11\/translation-in-dictionary-stock-1920-300x169.jpg 300w, https:\/\/www.bristolacademy.es\/wp-content\/uploads\/2020\/11\/translation-in-dictionary-stock-1920-1024x576.jpg 1024w, https:\/\/www.bristolacademy.es\/wp-content\/uploads\/2020\/11\/translation-in-dictionary-stock-1920-768x432.jpg 768w, https:\/\/www.bristolacademy.es\/wp-content\/uploads\/2020\/11\/translation-in-dictionary-stock-1920-1536x864.jpg 1536w\" sizes=\"(max-width: 314px) 100vw, 314px\" \/>Se presenta tambi\u00e9n como tu proveedor de servicios ling\u00fc\u00edsticos m\u00e1s completo. Les ofrecemos la posibilidad de contratarnos para cualquier servicio de traducci\u00f3n o interpretaci\u00f3n en cualquier idioma.<\/span><\/p><p><span style=\"font-family: tahoma, arial, helvetica, sans-serif;\">Business Services les pone a su disposici\u00f3n diferentes tipos de servicios de traducci\u00f3n e interpretaci\u00f3n para que usted pueda elegir el que mejor se adapte a su proyecto de empresa:<\/span><\/p><ul style=\"list-style-type: square;\"><li><strong><span style=\"color: #ff6600; font-family: tahoma, arial, helvetica, sans-serif; font-size: 18pt;\">Traducci\u00f3n est\u00e1ndar y especializada<\/span><\/strong><\/li><\/ul><p><span style=\"font-family: tahoma, arial, helvetica, sans-serif;\">Nos encargamos de traducir cualquier tipo de texto ya sean est\u00e1ndares, t\u00e9cnicos, comerciales, m\u00e9dicos, administrativos, etc. con la mayor profesionalidad.<\/span><\/p><h3>\u00a0<\/h3><ul style=\"list-style-type: square;\"><li><strong><span style=\"color: #ff6600; font-family: tahoma, arial, helvetica, sans-serif; font-size: 18pt;\">Revisi\u00f3n de traducciones<\/span><\/strong><\/li><\/ul><p><span style=\"font-family: tahoma, arial, helvetica, sans-serif;\">Bristol Academy le ofrece el servicio de revisi\u00f3n de traducciones para dotarlas del mejor estilo, as\u00ed como la correcta ortograf\u00eda, gram\u00e1tica y puntuaci\u00f3n del texto.<\/span><\/p><h3>\u00a0<\/h3><ul style=\"list-style-type: square;\"><li><span style=\"font-size: 18pt;\"><strong><span style=\"color: #ff6600; font-family: tahoma, arial, helvetica, sans-serif;\">Transcripci\u00f3n de audio<\/span><\/strong><\/span><\/li><\/ul><p><span style=\"font-family: tahoma, arial, helvetica, sans-serif;\">La transcripci\u00f3n de audio es una traducci\u00f3n escrita, donde el origen de la informaci\u00f3n a traducir es un archivo de sonido. Bristol Academy procesa toda la informaci\u00f3n con la mayor garant\u00eda de privacidad y seguridad, por lo que este servicio es especialmente recomendado para cuerpos de seguridad, jur\u00eddicos o cualquier persona que, a partir de una grabaci\u00f3n de sonido, necesite una traducci\u00f3n escrita fiel a dicha grabaci\u00f3n.<\/span><\/p><ul style=\"list-style-type: square;\"><li><span style=\"font-size: 18pt;\"><strong><span style=\"color: #ff6600; font-family: tahoma, arial, helvetica, sans-serif;\">Interpretaci\u00f3n de enlace<\/span><\/strong><\/span><\/li><\/ul><p><span style=\"font-family: tahoma, arial, helvetica, sans-serif;\"><img decoding=\"async\" class=\"wp-image-3877 alignright\" src=\"https:\/\/www.bristolacademy.es\/wp-content\/uploads\/2020\/11\/unnamed-1.jpg\" alt=\"\" width=\"355\" height=\"185\" srcset=\"https:\/\/www.bristolacademy.es\/wp-content\/uploads\/2020\/11\/unnamed-1.jpg 512w, https:\/\/www.bristolacademy.es\/wp-content\/uploads\/2020\/11\/unnamed-1-300x156.jpg 300w\" sizes=\"(max-width: 355px) 100vw, 355px\" \/>La interpretaci\u00f3n de enlace o bilateral es habitual en reuniones, entrevistas y encuentros de negocios. Se da cuando la tarea de interpretaci\u00f3n se tiene que hacer de manera bilateral entre personas. La traducci\u00f3n del mensaje se puede llevar a cabo simult\u00e1neamente o consecutivamente.<\/span><\/p><p><span style=\"font-family: tahoma, arial, helvetica, sans-serif;\">Los int\u00e9rpretes de enlace act\u00faan como acompa\u00f1antes de personas de manera individual e intervienen en grupos de debate muy reducidos, en visitas comerciales, de f\u00e1brica, tur\u00edsticas y t\u00e9cnicas, negociaciones, etc.<\/span><\/p><p><span style=\"font-family: tahoma, arial, helvetica, sans-serif;\">Bristol Academy los asegura en cualquier de nuestros servicios una comunicaci\u00f3n \u00e1gil y de calidad, atenci\u00f3n personalizada, buena presencia y experiencia en todo tipo de actas y una m\u00e1xima diligencia y discreci\u00f3n.<\/span><\/p><p><span style=\"font-family: tahoma, arial, helvetica, sans-serif;\">No dude en consultarnos nuestras tarifas y servicios o pedir un presupuesto personalizado<span style=\"color: #ff6600;\"><strong><em> <a style=\"color: #ff6600;\" title=\"Contacto\" href=\"https:\/\/forms.monday.com\/forms\/dd1b4dd5c8d9c6f55acc26aab49155ac?r=use1\">rellenando el siguiente formulario<\/a>.<\/em><\/strong><\/span><\/span><\/p>\t\t\t\t\t\t<\/div>\n\t\t\t\t<\/div>\n\t\t\t\t\t<\/div>\n\t\t<\/div>\n\t\t\t\t\t<\/div>\n\t\t<\/section>\n\t\t\t\t<\/div>\n\t\t<\/div>","protected":false},"excerpt":{"rendered":"<div class=\"entry-content-stat post-content\">Servicio de traducci\u00f3n y de interpretaci\u00f3n Se presenta tambi\u00e9n como tu proveedor de servicios ling\u00fc\u00edsticos m\u00e1s completo. Les ofrecemos la posibilidad de contratarnos para cualquier servicio de traducci\u00f3n o interpretaci\u00f3n en cualquier idioma. Business Services les pone a su disposici\u00f3n diferentes tipos de servicios de traducci\u00f3n e interpretaci\u00f3n para que usted pueda elegir el que mejor se adapte a su proyecto de empresa: Traducci\u00f3n est\u00e1ndar y especializada Nos encargamos de traducir cualquier tipo de texto ya sean est\u00e1ndares, t\u00e9cnicos, comerciales, m\u00e9dicos, administrativos, etc. con la mayor profesionalidad. \u00a0 Revisi\u00f3n de traducciones Bristol Academy le ofrece el servicio de revisi\u00f3n de<\/div>\n<p><a href=\"https:\/\/www.bristolacademy.es\/es\/inicio\/empreses\/servicio-de-traduccion-e-interprete\/\">Read More<i class=\"fa fa-long-arrow-right\" aria-hidden=\"true\"><\/i><\/a><\/p>\n","protected":false},"author":1,"featured_media":0,"parent":1759,"menu_order":0,"comment_status":"open","ping_status":"open","template":"","meta":{"_lmt_disableupdate":"no","_lmt_disable":"no","ngg_post_thumbnail":0,"footnotes":""},"_links":{"self":[{"href":"https:\/\/www.bristolacademy.es\/es\/wp-json\/wp\/v2\/pages\/319"}],"collection":[{"href":"https:\/\/www.bristolacademy.es\/es\/wp-json\/wp\/v2\/pages"}],"about":[{"href":"https:\/\/www.bristolacademy.es\/es\/wp-json\/wp\/v2\/types\/page"}],"author":[{"embeddable":true,"href":"https:\/\/www.bristolacademy.es\/es\/wp-json\/wp\/v2\/users\/1"}],"replies":[{"embeddable":true,"href":"https:\/\/www.bristolacademy.es\/es\/wp-json\/wp\/v2\/comments?post=319"}],"version-history":[{"count":23,"href":"https:\/\/www.bristolacademy.es\/es\/wp-json\/wp\/v2\/pages\/319\/revisions"}],"predecessor-version":[{"id":4848,"href":"https:\/\/www.bristolacademy.es\/es\/wp-json\/wp\/v2\/pages\/319\/revisions\/4848"}],"up":[{"embeddable":true,"href":"https:\/\/www.bristolacademy.es\/es\/wp-json\/wp\/v2\/pages\/1759"}],"wp:attachment":[{"href":"https:\/\/www.bristolacademy.es\/es\/wp-json\/wp\/v2\/media?parent=319"}],"curies":[{"name":"wp","href":"https:\/\/api.w.org\/{rel}","templated":true}]}}