
{"id":310,"date":"2013-05-28T12:13:58","date_gmt":"2013-05-28T12:13:58","guid":{"rendered":"http:\/\/www.bristolacademy.es\/?page_id=310"},"modified":"2015-07-09T11:44:35","modified_gmt":"2015-07-09T10:44:35","slug":"cursos-intensivos-conversacion","status":"publish","type":"page","link":"https:\/\/www.bristolacademy.es\/es\/verano\/cursos-intensivos-conversacion\/","title":{"rendered":"Cursos intensivos de conversaci\u00f3n"},"content":{"rendered":"<div class=\"post-content\"><p><a href=\"http:\/\/www.bristolacademy.es\/wp-content\/uploads\/2013\/05\/Fotolia_43226451_M.jpg\"><img fetchpriority=\"high\" decoding=\"async\" class=\"aligncenter size-full wp-image-1465\" src=\"http:\/\/www.bristolacademy.es\/wp-content\/uploads\/2013\/05\/Fotolia_43226451_M.jpg\" alt=\"Livre pour l'\u00e9t\u00e9 \u00e0 la plage\" width=\"1589\" height=\"411\" srcset=\"https:\/\/www.bristolacademy.es\/wp-content\/uploads\/2013\/05\/Fotolia_43226451_M.jpg 1589w, https:\/\/www.bristolacademy.es\/wp-content\/uploads\/2013\/05\/Fotolia_43226451_M-300x78.jpg 300w, https:\/\/www.bristolacademy.es\/wp-content\/uploads\/2013\/05\/Fotolia_43226451_M-1024x265.jpg 1024w, https:\/\/www.bristolacademy.es\/wp-content\/uploads\/2013\/05\/Fotolia_43226451_M-1140x295.jpg 1140w\" sizes=\"(max-width: 1589px) 100vw, 1589px\" \/><\/a><\/p>\n<p>Cursos dirigidos a adultos donde se trabajar\u00e1n los contenidos correspondientes al nivel intermedio a partir de la expresi\u00f3n oral, reforzando pronunciaci\u00f3n, vocabulario y fluidez.<\/p>\n<h4>INTERMEDIATE (B1)<\/h4>\n<p>Curso dirigido a adultos donde se trabajar\u00e1n los contenidos correspondientes al nivel intermedio a partir de la expresi\u00f3n oral, reforzando pronunciaci\u00f3n, vocabulario y fluidez.<\/p>\n<h4>UPPER INTERMEDIATE (B2)<\/h4>\n<p>Curso dirigido a adultos donde se trabajar\u00e1n los contenidos correspondientes al nivel intermedio alto a partir de la expresi\u00f3n oral, reforzando pronunciaci\u00f3n, vocabulario y fluidez.<\/p>\n<p>Para cursos de otros idiomas o nivel, no dude en venir a informarse o escribirnos a trav\u00e9s del siguiente <a title=\"Contacto\" href=\"http:\/\/www.bristolacademy.es\/?page_id=462\">formulario de contacto<\/a>.<\/p>\n<\/div>","protected":false},"excerpt":{"rendered":"<div class=\"entry-content-stat post-content\">Cursos dirigidos a adultos donde se trabajar\u00e1n los contenidos correspondientes al nivel intermedio a partir de la expresi\u00f3n oral, reforzando pronunciaci\u00f3n, vocabulario y fluidez. INTERMEDIATE (B1) Curso dirigido a adultos donde se trabajar\u00e1n los contenidos correspondientes al nivel intermedio a partir de la expresi\u00f3n oral, reforzando pronunciaci\u00f3n, vocabulario y fluidez. UPPER INTERMEDIATE (B2) Curso dirigido a adultos donde se trabajar\u00e1n los contenidos correspondientes al nivel intermedio alto a partir de la expresi\u00f3n oral, reforzando pronunciaci\u00f3n, vocabulario y fluidez. Para cursos de otros idiomas o nivel, no dude en venir a informarse o escribirnos a trav\u00e9s del siguiente formulario de contacto.<\/div>\n","protected":false},"author":1,"featured_media":0,"parent":250,"menu_order":0,"comment_status":"open","ping_status":"open","template":"page-with-sidebar.php","meta":{"_lmt_disableupdate":"","_lmt_disable":"","ngg_post_thumbnail":0,"footnotes":""},"_links":{"self":[{"href":"https:\/\/www.bristolacademy.es\/es\/wp-json\/wp\/v2\/pages\/310"}],"collection":[{"href":"https:\/\/www.bristolacademy.es\/es\/wp-json\/wp\/v2\/pages"}],"about":[{"href":"https:\/\/www.bristolacademy.es\/es\/wp-json\/wp\/v2\/types\/page"}],"author":[{"embeddable":true,"href":"https:\/\/www.bristolacademy.es\/es\/wp-json\/wp\/v2\/users\/1"}],"replies":[{"embeddable":true,"href":"https:\/\/www.bristolacademy.es\/es\/wp-json\/wp\/v2\/comments?post=310"}],"version-history":[{"count":9,"href":"https:\/\/www.bristolacademy.es\/es\/wp-json\/wp\/v2\/pages\/310\/revisions"}],"predecessor-version":[{"id":1467,"href":"https:\/\/www.bristolacademy.es\/es\/wp-json\/wp\/v2\/pages\/310\/revisions\/1467"}],"up":[{"embeddable":true,"href":"https:\/\/www.bristolacademy.es\/es\/wp-json\/wp\/v2\/pages\/250"}],"wp:attachment":[{"href":"https:\/\/www.bristolacademy.es\/es\/wp-json\/wp\/v2\/media?parent=310"}],"curies":[{"name":"wp","href":"https:\/\/api.w.org\/{rel}","templated":true}]}}