
{"id":290,"date":"2013-05-28T12:02:00","date_gmt":"2013-05-28T12:02:00","guid":{"rendered":"http:\/\/www.bristolacademy.es\/?page_id=290"},"modified":"2015-07-29T11:21:45","modified_gmt":"2015-07-29T10:21:45","slug":"cursos-intesivos","status":"publish","type":"page","link":"https:\/\/www.bristolacademy.es\/es\/verano\/cursos-intesivos\/","title":{"rendered":"Cursos Intensivos de Ingl\u00e9s"},"content":{"rendered":"<div class=\"post-content\"><p><a href=\"http:\/\/www.bristolacademy.es\/wp-content\/uploads\/2013\/05\/Fotolia_43226451_M.jpg\"><img fetchpriority=\"high\" decoding=\"async\" class=\"aligncenter size-full wp-image-1465\" src=\"http:\/\/www.bristolacademy.es\/wp-content\/uploads\/2013\/05\/Fotolia_43226451_M.jpg\" alt=\"Livre pour l'\u00e9t\u00e9 \u00e0 la plage\" width=\"1589\" height=\"411\" srcset=\"https:\/\/www.bristolacademy.es\/wp-content\/uploads\/2013\/05\/Fotolia_43226451_M.jpg 1589w, https:\/\/www.bristolacademy.es\/wp-content\/uploads\/2013\/05\/Fotolia_43226451_M-300x78.jpg 300w, https:\/\/www.bristolacademy.es\/wp-content\/uploads\/2013\/05\/Fotolia_43226451_M-1024x265.jpg 1024w, https:\/\/www.bristolacademy.es\/wp-content\/uploads\/2013\/05\/Fotolia_43226451_M-1140x295.jpg 1140w\" sizes=\"(max-width: 1589px) 100vw, 1589px\" \/><\/a><\/p>\n<h2>Para ni\u00f1os y adolescentes, durante julio y \/ o agosto<\/h2>\n<h5>MOVERS<\/h5>\n<p>Curso dirigido a alumnos de entre 9 y 11 a\u00f1os de edad, donde se trabajar\u00e1n los contenidos correspondientes al examen oficial de Cambridge de este nivel. La duraci\u00f3n del curso equivaldr\u00e1 a 1 trimestre o 2 trimestres del curso est\u00e1ndar dependiendo de la duraci\u00f3n del curso intensivo (1 o 2 meses).<\/p>\n<h5>KET \/ FLYERS<\/h5>\n<p>Curso dirigido a alumnos de entre 11 y 13 a\u00f1os de edad, donde se trabajar\u00e1n los contenidos correspondientes al examen oficial de Cambridge de este nivel. La duraci\u00f3n del curso equivaldr\u00e1 a 1 trimestre o 2 trimestres del curso est\u00e1ndar dependiendo de la duraci\u00f3n del curso intensivo (1 o 2 meses).<\/p>\n<h5>PET<\/h5>\n<p>Curso dirigido a alumnos de entre 13 y 16 a\u00f1os de edad donde se trabajar\u00e1n los contenidos correspondientes al examen oficial de Cambridge de este nivel. La duraci\u00f3n del curso equivaldr\u00e1 a 1 trimestre o 2 trimestres del curso est\u00e1ndar dependiendo de la duraci\u00f3n del curso intensivo (1 o 2 meses).<\/p>\n<h5>FIRST CERTIFICATE<\/h5>\n<p>Curso dirigido a alumnos de entre 16 y 17 a\u00f1os de edad donde se trabajar\u00e1n los contenidos correspondientes al examen oficial de Cambridge de este nivel. La duraci\u00f3n del curso equivaldr\u00e1 a 1 trimestre o 2 trimestres del curso est\u00e1ndar dependiendo de la duraci\u00f3n del curso intensivo (1 o 2 meses).<\/p>\n<h5>ADVANCED, PROFICIENCY<\/h5>\n<p>Curso dirigido a alumnos de entre 17 y 19 a\u00f1os de edad donde se trabajar\u00e1n los contenidos correspondientes al examen oficial de Cambridge de este nivel. La duraci\u00f3n del curso equivaldr\u00e1 a 1 trimestre o 2 trimestres del curso est\u00e1ndar dependiendo de la duraci\u00f3n del curso intensivo (1 o 2 meses).<\/p>\n<h3>Para adultos, durante julio y \/ o agosto<\/h3>\n<h5>STARTERS<\/h5>\n<p>Curso dirigido a alumnos con nivel inicial (A1) donde se trabajar\u00e1n los contenidos generales de este nivel. La duraci\u00f3n del curso equivaldr\u00e1 a 1 trimestre o 2 trimestres del curso est\u00e1ndar dependiendo de la duraci\u00f3n del curso intensivo (1 o 2 meses).<\/p>\n<h5>ELEMENTARY<\/h5>\n<p>Curso dirigido a alumnos con nivel elemental (A2) donde se trabajar\u00e1n los contenidos generales de este nivel. La duraci\u00f3n del curso equivaldr\u00e1 a 1 trimestre o 2 trimestres del curso est\u00e1ndar dependiendo de la duraci\u00f3n del curso intensivo (1 o 2 meses).<\/p>\n<h5>PRE-INTERMEDIATE<\/h5>\n<p>Curso dirigido a alumnos con nivel pre intermedio (A2, segundo a\u00f1o) donde se trabajar\u00e1n los contenidos generales de este nivel. La duraci\u00f3n del curso equivaldr\u00e1 a 1 trimestre o 2 trimestres del curso est\u00e1ndar dependiendo de la duraci\u00f3n del curso intensivo (1 o 2 meses).<\/p>\n<h5>INTERMEDIATE<\/h5>\n<p>Curso dirigido a alumnos con nivel intermedio (B1) donde se trabajar\u00e1n los contenidos generales de este nivel. La duraci\u00f3n del curso equivaldr\u00e1 a 1 trimestre o 2 trimestres del curso est\u00e1ndar dependiendo de la duraci\u00f3n del curso intensivo (1 o 2 meses).<\/p>\n<h5>UPPER INTERMEDIATE<\/h5>\n<p>Curso dirigido a alumnos con nivel intermedio (B1, segundo a\u00f1o) donde se trabajar\u00e1n los contenidos generales de este nivel. La duraci\u00f3n del curso equivaldr\u00e1 a 1 trimestre o 2 trimestres del curso est\u00e1ndar dependiendo de la duraci\u00f3n del curso intensivo (1 o 2 meses).<\/p>\n<h5>ADVANCED, PROFICIENCY<\/h5>\n<p>Curso dirigido a alumnos con nivel avanzado (C1, C2) donde se trabajar\u00e1n los contenidos generales de este nivel. La duraci\u00f3n del curso equivaldr\u00e1 a 1 trimestre o 2 trimestres del curso est\u00e1ndar dependiendo de la duraci\u00f3n del curso intensivo (1 o 2 meses).<\/p>\n<p>Para cursos de cualquier otro idioma o nivel, no dude en venir a informarse o <a title=\"Contacto\" href=\"http:\/\/www.bristolacademy.es\/?page_id=462\">escribirnos a trav\u00e9s del formulario de contacto<\/a>.<\/p>\n<\/div>","protected":false},"excerpt":{"rendered":"<div class=\"entry-content-stat post-content\">Para ni\u00f1os y adolescentes, durante julio y \/ o agosto MOVERS Curso dirigido a alumnos de entre 9 y 11 a\u00f1os de edad, donde se trabajar\u00e1n los contenidos correspondientes al examen oficial de Cambridge de este nivel. La duraci\u00f3n del curso equivaldr\u00e1 a 1 trimestre o 2 trimestres del curso est\u00e1ndar dependiendo de la duraci\u00f3n del curso intensivo (1 o 2 meses). KET \/ FLYERS Curso dirigido a alumnos de entre 11 y 13 a\u00f1os de edad, donde se trabajar\u00e1n los contenidos correspondientes al examen oficial de Cambridge de este nivel. La duraci\u00f3n del curso equivaldr\u00e1 a 1 trimestre o<\/div>\n<p><a href=\"https:\/\/www.bristolacademy.es\/es\/verano\/cursos-intesivos\/\">Read More<i class=\"fa fa-long-arrow-right\" aria-hidden=\"true\"><\/i><\/a><\/p>\n","protected":false},"author":1,"featured_media":0,"parent":250,"menu_order":0,"comment_status":"open","ping_status":"open","template":"page-with-sidebar.php","meta":{"_lmt_disableupdate":"","_lmt_disable":"","ngg_post_thumbnail":0,"footnotes":""},"_links":{"self":[{"href":"https:\/\/www.bristolacademy.es\/es\/wp-json\/wp\/v2\/pages\/290"}],"collection":[{"href":"https:\/\/www.bristolacademy.es\/es\/wp-json\/wp\/v2\/pages"}],"about":[{"href":"https:\/\/www.bristolacademy.es\/es\/wp-json\/wp\/v2\/types\/page"}],"author":[{"embeddable":true,"href":"https:\/\/www.bristolacademy.es\/es\/wp-json\/wp\/v2\/users\/1"}],"replies":[{"embeddable":true,"href":"https:\/\/www.bristolacademy.es\/es\/wp-json\/wp\/v2\/comments?post=290"}],"version-history":[{"count":20,"href":"https:\/\/www.bristolacademy.es\/es\/wp-json\/wp\/v2\/pages\/290\/revisions"}],"predecessor-version":[{"id":1584,"href":"https:\/\/www.bristolacademy.es\/es\/wp-json\/wp\/v2\/pages\/290\/revisions\/1584"}],"up":[{"embeddable":true,"href":"https:\/\/www.bristolacademy.es\/es\/wp-json\/wp\/v2\/pages\/250"}],"wp:attachment":[{"href":"https:\/\/www.bristolacademy.es\/es\/wp-json\/wp\/v2\/media?parent=290"}],"curies":[{"name":"wp","href":"https:\/\/api.w.org\/{rel}","templated":true}]}}