
{"id":257,"date":"2013-05-28T11:16:51","date_gmt":"2013-05-28T11:16:51","guid":{"rendered":"http:\/\/www.bristolacademy.es\/?page_id=257"},"modified":"2022-03-21T11:50:41","modified_gmt":"2022-03-21T10:50:41","slug":"cursos-subvencionados","status":"publish","type":"page","link":"https:\/\/www.bristolacademy.es\/es\/inicio\/empreses\/cursos-subvencionados\/","title":{"rendered":"Coaching"},"content":{"rendered":"<div class=\"post-content\">\t\t<div data-elementor-type=\"wp-page\" data-elementor-id=\"257\" class=\"elementor elementor-257\">\n\t\t\t\t\t\t<section class=\"elementor-section elementor-top-section elementor-element elementor-element-37002631 elementor-section-boxed elementor-section-height-default elementor-section-height-default\" data-id=\"37002631\" data-element_type=\"section\">\n\t\t\t\t\t\t<div class=\"elementor-container elementor-column-gap-default\">\n\t\t\t\t\t<div class=\"elementor-column elementor-col-100 elementor-top-column elementor-element elementor-element-7f4a5b9d\" data-id=\"7f4a5b9d\" data-element_type=\"column\">\n\t\t\t<div class=\"elementor-widget-wrap elementor-element-populated\">\n\t\t\t\t\t\t<div class=\"elementor-element elementor-element-7aa1d436 elementor-widget elementor-widget-text-editor\" data-id=\"7aa1d436\" data-element_type=\"widget\" data-widget_type=\"text-editor.default\">\n\t\t\t\t<div class=\"elementor-widget-container\">\n\t\t\t\t\t\t\t<p><\/p><h1>Coaching<\/h1><p style=\"text-align: left;\"><span style=\"font-size: 14pt; font-family: tahoma, arial, helvetica, sans-serif;\">En Bristol Academy, creemos que la formaci\u00f3n de los trabajadores \u00e9s la una inversi\u00f3n de futuro necesaria para cualquier empresa bien sea peque\u00f1a, mediana o grande.<\/span><\/p><p style=\"text-align: left;\"><span style=\"font-family: tahoma, arial, helvetica, sans-serif; font-size: 14pt;\"><strong>Y es precisamente por eso, por lo que ofrecemos nuestro servicio de REAL coaching. Clica en el v\u00eddeo abajo para informaci\u00f3n m\u00e1s detallada.<\/strong><\/span><\/p><p><div style=\"width: 640px;\" class=\"wp-video\"><!--[if lt IE 9]><script>document.createElement('video');<\/script><![endif]-->\n<video class=\"wp-video-shortcode\" id=\"video-257-1\" width=\"640\" height=\"361\" preload=\"metadata\" controls=\"controls\"><source type=\"video\/mp4\" src=\"https:\/\/www.bristolacademy.es\/wp-content\/uploads\/2021\/10\/presentation2020.mp4?_=1\" \/><a href=\"https:\/\/www.bristolacademy.es\/wp-content\/uploads\/2021\/10\/presentation2020.mp4\">https:\/\/www.bristolacademy.es\/wp-content\/uploads\/2021\/10\/presentation2020.mp4<\/a><\/video><\/div><\/p><p style=\"text-align: left;\"><span style=\"font-size: 14pt; font-family: tahoma, arial, helvetica, sans-serif;\">Sabemos que los equipos son un sistema \u00fanico y con cualquiera de nuestros talleres de coaching , adem\u00e1s del objetivo concreto que se establezca,\u00a0 conseguiremos que vuestro equipo tome conciencia de la importancia de su labor as\u00ed como de potenciar su eficiencia y efectividad.<\/span><\/p><p style=\"text-align: left;\"><span style=\"font-size: 14pt; font-family: tahoma, arial, helvetica, sans-serif;\">Algunas de nuestras propuestas m\u00e1s generales son:<\/span><\/p><ul><li style=\"list-style-type: none;\"><ul><li style=\"list-style-type: none;\"><ul style=\"list-style-type: square;\"><li><span style=\"font-size: 14pt; font-family: tahoma, arial, helvetica, sans-serif;\"><span style=\"color: #ff6600;\">Control del estr\u00e9s \u2013 <em>Stress Control<\/em><\/span><\/span><\/li><li><span style=\"font-size: 14pt; font-family: tahoma, arial, helvetica, sans-serif; color: #ff6600;\">Transformaci\u00f3n de les reunions de trabajo- <em>Business Meetings transformation<\/em><\/span><\/li><li><span style=\"font-size: 14pt; font-family: tahoma, arial, helvetica, sans-serif; color: #ff6600;\">Mejora la comunicaci\u00f3n interna <em>\u2013 Improve your internal communication<\/em><\/span><\/li><li><span style=\"font-size: 14pt; font-family: tahoma, arial, helvetica, sans-serif; color: #ff6600;\">Gesti\u00f3n de la mem\u00f2ria i del aprendizaje- <em>Memory and Learning Management<\/em><\/span><\/li><li><span style=\"font-size: 14pt; font-family: tahoma, arial, helvetica, sans-serif; color: #ff6600;\">Gesti\u00f3n del tiempo-<em> Time management<\/em><\/span><\/li><\/ul><\/li><\/ul><\/li><\/ul><p style=\"text-align: left;\"><span style=\"font-family: tahoma, arial, helvetica, sans-serif; font-size: 14pt;\">Sin embargo, lo mejor es siempre que podamos estudiar cada caso y hacer una propuesta personalizada que m\u00e1s encaje con las necesidades de cada empresa.<\/span><\/p><p style=\"text-align: left;\"><span style=\"font-family: tahoma, arial, helvetica, sans-serif; font-size: 14pt;\">No dudes en contactarnos clicando <span style=\"color: #ff6600;\"><em><strong><a style=\"color: #ff6600;\" title=\"Contacto\" href=\"https:\/\/forms.monday.com\/forms\/dd1b4dd5c8d9c6f55acc26aab49155ac?r=use1\">aqu\u00ed.<\/a><\/strong><\/em><\/span><\/span><\/p><p><\/p>\t\t\t\t\t\t<\/div>\n\t\t\t\t<\/div>\n\t\t\t\t\t<\/div>\n\t\t<\/div>\n\t\t\t\t\t<\/div>\n\t\t<\/section>\n\t\t\t\t<section class=\"elementor-section elementor-top-section elementor-element elementor-element-7376b23b elementor-section-content-middle elementor-section-boxed elementor-section-height-default elementor-section-height-default\" data-id=\"7376b23b\" data-element_type=\"section\" data-settings=\"{&quot;background_background&quot;:&quot;classic&quot;}\">\n\t\t\t\t\t\t<div class=\"elementor-container elementor-column-gap-no\">\n\t\t\t\t\t<div class=\"elementor-column elementor-col-100 elementor-top-column elementor-element elementor-element-60106715\" data-id=\"60106715\" data-element_type=\"column\">\n\t\t\t<div class=\"elementor-widget-wrap elementor-element-populated\">\n\t\t\t\t\t\t<div class=\"elementor-element elementor-element-1c624e8 elementor-widget elementor-widget-heading\" data-id=\"1c624e8\" data-element_type=\"widget\" data-widget_type=\"heading.default\">\n\t\t\t\t<div class=\"elementor-widget-container\">\n\t\t\t<h2 class=\"elementor-heading-title elementor-size-default\">No ho dubtis, informa-te'n!<\/h2>\t\t<\/div>\n\t\t\t\t<\/div>\n\t\t\t\t<div class=\"elementor-element elementor-element-3b85fa7 elementor-align-center elementor-widget elementor-widget-button\" data-id=\"3b85fa7\" data-element_type=\"widget\" data-widget_type=\"button.default\">\n\t\t\t\t<div class=\"elementor-widget-container\">\n\t\t\t\t\t<div class=\"elementor-button-wrapper\">\n\t\t\t<a class=\"elementor-button elementor-button-link elementor-size-sm elementor-animation-grow\" href=\"https:\/\/forms.monday.com\/forms\/dd1b4dd5c8d9c6f55acc26aab49155ac?r=use1\">\n\t\t\t\t\t\t<span class=\"elementor-button-content-wrapper\">\n\t\t\t\t\t\t\t\t\t<span class=\"elementor-button-text\">CONTACTA'NS<\/span>\n\t\t\t\t\t<\/span>\n\t\t\t\t\t<\/a>\n\t\t<\/div>\n\t\t\t\t<\/div>\n\t\t\t\t<\/div>\n\t\t\t\t\t<\/div>\n\t\t<\/div>\n\t\t\t\t\t<\/div>\n\t\t<\/section>\n\t\t\t\t<\/div>\n\t\t<\/div>","protected":false},"excerpt":{"rendered":"<div class=\"entry-content-stat post-content\">Coaching En Bristol Academy, creemos que la formaci\u00f3n de los trabajadores \u00e9s la una inversi\u00f3n de futuro necesaria para cualquier empresa bien sea peque\u00f1a, mediana o grande. Y es precisamente por eso, por lo que ofrecemos nuestro servicio de REAL coaching. Clica en el v\u00eddeo abajo para informaci\u00f3n m\u00e1s detallada. Sabemos que los equipos son un sistema \u00fanico y con cualquiera de nuestros talleres de coaching , adem\u00e1s del objetivo concreto que se establezca,\u00a0 conseguiremos que vuestro equipo tome conciencia de la importancia de su labor as\u00ed como de potenciar su eficiencia y efectividad. Algunas de nuestras propuestas m\u00e1s generales<\/div>\n<p><a href=\"https:\/\/www.bristolacademy.es\/es\/inicio\/empreses\/cursos-subvencionados\/\">Read More<i class=\"fa fa-long-arrow-right\" aria-hidden=\"true\"><\/i><\/a><\/p>\n","protected":false},"author":1,"featured_media":0,"parent":1759,"menu_order":0,"comment_status":"open","ping_status":"open","template":"","meta":{"_lmt_disableupdate":"no","_lmt_disable":"no","ngg_post_thumbnail":0,"footnotes":""},"_links":{"self":[{"href":"https:\/\/www.bristolacademy.es\/es\/wp-json\/wp\/v2\/pages\/257"}],"collection":[{"href":"https:\/\/www.bristolacademy.es\/es\/wp-json\/wp\/v2\/pages"}],"about":[{"href":"https:\/\/www.bristolacademy.es\/es\/wp-json\/wp\/v2\/types\/page"}],"author":[{"embeddable":true,"href":"https:\/\/www.bristolacademy.es\/es\/wp-json\/wp\/v2\/users\/1"}],"replies":[{"embeddable":true,"href":"https:\/\/www.bristolacademy.es\/es\/wp-json\/wp\/v2\/comments?post=257"}],"version-history":[{"count":46,"href":"https:\/\/www.bristolacademy.es\/es\/wp-json\/wp\/v2\/pages\/257\/revisions"}],"predecessor-version":[{"id":4827,"href":"https:\/\/www.bristolacademy.es\/es\/wp-json\/wp\/v2\/pages\/257\/revisions\/4827"}],"up":[{"embeddable":true,"href":"https:\/\/www.bristolacademy.es\/es\/wp-json\/wp\/v2\/pages\/1759"}],"wp:attachment":[{"href":"https:\/\/www.bristolacademy.es\/es\/wp-json\/wp\/v2\/media?parent=257"}],"curies":[{"name":"wp","href":"https:\/\/api.w.org\/{rel}","templated":true}]}}