
{"id":232,"date":"2013-05-28T10:48:55","date_gmt":"2013-05-28T10:48:55","guid":{"rendered":"http:\/\/www.bristolacademy.es\/?page_id=232"},"modified":"2018-04-20T18:09:20","modified_gmt":"2018-04-20T16:09:20","slug":"obtencion-graduado-eso","status":"publish","type":"page","link":"https:\/\/www.bristolacademy.es\/es\/inicio\/formacion\/obtencion-graduado-eso\/","title":{"rendered":"Obtenci\u00f3n Graduado ESO"},"content":{"rendered":"<div class=\"post-content\"><p><img fetchpriority=\"high\" decoding=\"async\" class=\"aligncenter size-full wp-image-1059\" src=\"http:\/\/www.bristolacademy.es\/wp-content\/uploads\/2013\/05\/refuerzo.jpg\" alt=\"refuerzo\" width=\"827\" height=\"180\" srcset=\"https:\/\/www.bristolacademy.es\/wp-content\/uploads\/2013\/05\/refuerzo.jpg 827w, https:\/\/www.bristolacademy.es\/wp-content\/uploads\/2013\/05\/refuerzo-300x65.jpg 300w\" sizes=\"(max-width: 827px) 100vw, 827px\" \/><\/p>\n<h2>Obtenci\u00f3n Graduado ESO<\/h2>\n<p><span style=\"font-size: 12pt;\">En Bristol Academy creemos que la formaci\u00f3n es una inversi\u00f3n de futuro necesaria, y por este motivo te ayudaremos y acompa\u00f1aremos durante tu proceso de formaci\u00f3n y aprendizaje. Nuestro equipo de profesores te ayudar\u00e1 y dar\u00e1 todas las facilidades para asegurarte la obtenci\u00f3n del graduado en Educaci\u00f3n Secundaria Obligatoria.<\/span><\/p>\n<p><span style=\"font-size: 12pt;\">El Departamento de Educaci\u00f3n convoca una prueba libre para la obtenci\u00f3n del t\u00edtulo de Graduado en Educaci\u00f3n Secundaria en el mes de noviembre, y aqu\u00ed es donde entramos nosotros; te proponemos un curso donde podr\u00e1s alcanzar los contenidos curriculares 100% adaptados en un ambiente de cooperaci\u00f3n y de interacci\u00f3n con compa\u00f1eros con el objetivo \u00fanico de superar la prueba.<\/span><\/p>\n<h3>Requisitos<\/h3>\n<p><span style=\"font-size: 12pt;\">Para poder participar en estas pruebas, las personas interesadas tienen que cumplir los tres requisitos siguientes:<\/span><\/p>\n<p><span style=\"font-size: 12pt;\">Tener dieciocho a\u00f1os o cumplirlos dentro del a\u00f1o natural de realizaci\u00f3n de las pruebas (en determinadas circunstancias se podr\u00e1 rebajar hasta los diecis\u00e9is a\u00f1os la edad requerida).<\/span><\/p>\n<p><span style=\"font-size: 12pt;\">Haber finalizado la ESO sin haber obtenido el t\u00edtulo y no tener m\u00e1s de cinco materias pendientes de calificaci\u00f3n positiva.<\/span><\/p>\n<p><span style=\"font-size: 12pt;\">Haber finalizado la ESO durante uno de los dos cursos anteriores al que accede a las pruebas.<\/span><\/p>\n<h3>Estructura de la prueba<\/h3>\n<p><span style=\"font-size: 12pt;\">La prueba est\u00e1 estructurada en tres \u00e1mbitos: \u00e1mbito de la comunicaci\u00f3n, \u00e1mbito cient\u00edfico-tecnol\u00f3gico y \u00e1mbito social.<\/span><\/p>\n<p><span style=\"font-size: 12pt;\">Nuestras clases de refuerzo y recuperaci\u00f3n pueden recibirse de forma particular o en grupo,\u00a0<a title=\"Contacto\" href=\"http:\/\/www.bristolacademy.es\/?page_id=462\">contacta con nosotros para ampliar informaci\u00f3n<\/a>\u00a0y que te asesoremos sobre la mejor opci\u00f3n para ti.<\/span><\/p>\n<\/div>","protected":false},"excerpt":{"rendered":"<div class=\"entry-content-stat post-content\">Obtenci\u00f3n Graduado ESO En Bristol Academy creemos que la formaci\u00f3n es una inversi\u00f3n de futuro necesaria, y por este motivo te ayudaremos y acompa\u00f1aremos durante tu proceso de formaci\u00f3n y aprendizaje. Nuestro equipo de profesores te ayudar\u00e1 y dar\u00e1 todas las facilidades para asegurarte la obtenci\u00f3n del graduado en Educaci\u00f3n Secundaria Obligatoria. El Departamento de Educaci\u00f3n convoca una prueba libre para la obtenci\u00f3n del t\u00edtulo de Graduado en Educaci\u00f3n Secundaria en el mes de noviembre, y aqu\u00ed es donde entramos nosotros; te proponemos un curso donde podr\u00e1s alcanzar los contenidos curriculares 100% adaptados en un ambiente de cooperaci\u00f3n y de<\/div>\n<p><a href=\"https:\/\/www.bristolacademy.es\/es\/inicio\/formacion\/obtencion-graduado-eso\/\">Read More<i class=\"fa fa-long-arrow-right\" aria-hidden=\"true\"><\/i><\/a><\/p>\n","protected":false},"author":1,"featured_media":0,"parent":38,"menu_order":0,"comment_status":"open","ping_status":"open","template":"page-with-sidebar.php","meta":{"_lmt_disableupdate":"","_lmt_disable":"","ngg_post_thumbnail":0,"footnotes":""},"_links":{"self":[{"href":"https:\/\/www.bristolacademy.es\/es\/wp-json\/wp\/v2\/pages\/232"}],"collection":[{"href":"https:\/\/www.bristolacademy.es\/es\/wp-json\/wp\/v2\/pages"}],"about":[{"href":"https:\/\/www.bristolacademy.es\/es\/wp-json\/wp\/v2\/types\/page"}],"author":[{"embeddable":true,"href":"https:\/\/www.bristolacademy.es\/es\/wp-json\/wp\/v2\/users\/1"}],"replies":[{"embeddable":true,"href":"https:\/\/www.bristolacademy.es\/es\/wp-json\/wp\/v2\/comments?post=232"}],"version-history":[{"count":15,"href":"https:\/\/www.bristolacademy.es\/es\/wp-json\/wp\/v2\/pages\/232\/revisions"}],"predecessor-version":[{"id":2948,"href":"https:\/\/www.bristolacademy.es\/es\/wp-json\/wp\/v2\/pages\/232\/revisions\/2948"}],"up":[{"embeddable":true,"href":"https:\/\/www.bristolacademy.es\/es\/wp-json\/wp\/v2\/pages\/38"}],"wp:attachment":[{"href":"https:\/\/www.bristolacademy.es\/es\/wp-json\/wp\/v2\/media?parent=232"}],"curies":[{"name":"wp","href":"https:\/\/api.w.org\/{rel}","templated":true}]}}