
{"id":2265,"date":"2017-02-10T12:00:49","date_gmt":"2017-02-10T11:00:49","guid":{"rendered":"http:\/\/www.bristolacademy.es\/?page_id=2265"},"modified":"2018-04-16T11:43:18","modified_gmt":"2018-04-16T09:43:18","slug":"dicker-college-private-school-programa-english-plus","status":"publish","type":"page","link":"https:\/\/www.bristolacademy.es\/es\/dicker-college-private-school-programa-english-plus\/","title":{"rendered":"Dicker College Private School &#8211; Programa English Plus"},"content":{"rendered":"<div class=\"post-content\"><p><img fetchpriority=\"high\" decoding=\"async\" class=\" wp-image-2910 aligncenter\" src=\"http:\/\/www.bristolacademy.es\/wp-content\/uploads\/2018\/04\/dicker1.jpg\" alt=\"\" width=\"720\" height=\"282\" srcset=\"https:\/\/www.bristolacademy.es\/wp-content\/uploads\/2018\/04\/dicker1.jpg 600w, https:\/\/www.bristolacademy.es\/wp-content\/uploads\/2018\/04\/dicker1-300x118.jpg 300w\" sizes=\"(max-width: 720px) 100vw, 720px\" \/><\/p>\n<h1 style=\"text-align: center;\"><strong>Dicker College Private School<\/strong><\/h1>\n<p style=\"text-align: center;\"><span style=\"font-size: 12pt;\"><strong>CURSO DE INGL\u00c9S DE VERANO A \u00a0HAILSHAM,\u00a0<\/strong><\/span><span style=\"font-size: 16px;\"><b>INGLATERRA<\/b><\/span><\/p>\n<p style=\"text-align: center;\"><span style=\"font-size: 12pt;\"><b style=\"font-size: 12pt;\">22,5h \/ <\/b><span style=\"font-size: 16px;\"><b>semana<\/b><\/span><b style=\"font-size: 12pt;\">\u00a0de\u00a0<\/b><\/span><span style=\"font-size: 16px;\"><b>clases<\/b><\/span><\/p>\n<p style=\"text-align: center;\"><span style=\"font-size: 12pt;\"><b style=\"font-size: 12pt;\">14 <\/b><span style=\"font-size: 16px;\"><b>alumnos<\/b><\/span><b style=\"font-size: 12pt;\">\u00a0por clase<\/b><\/span><\/p>\n<p style=\"text-align: center;\"><span style=\"font-size: 12pt;\">Para alumnos de entre 12 y 17 a\u00f1os con ganas de aprovechar el verano y mejorar su nivel de ingl\u00e9s.<\/span><\/p>\n<div id=\"accordions-2272\" class=\"accordions-2272 accordions\" data-accordions={&quot;lazyLoad&quot;:false,&quot;id&quot;:&quot;2272&quot;,&quot;event&quot;:&quot;click&quot;,&quot;collapsible&quot;:&quot;true&quot;,&quot;heightStyle&quot;:&quot;content&quot;,&quot;animateStyle&quot;:&quot;swing&quot;,&quot;animateDelay&quot;:1000,&quot;navigation&quot;:true,&quot;active&quot;:999,&quot;expandedOther&quot;:&quot;no&quot;}>\r\n                <div class=\"items\" >\r\n    \r\n            <div post_id=\"2272\" itemcount=\"0\"  header_id=\"header-0\" id=\"header-0\" style=\"\" class=\"accordions-head head0 border-none\" toggle-text=\"\" main-text=\"REQUISITOS DE ADMISI\u00d3N\">\r\n                                    <span id=\"accordion-icons-0\" class=\"accordion-icons\">\r\n                        <span class=\"accordion-icon-active accordion-plus\"><i class=\"fa fa-chevron-up\"><\/i><\/span>\r\n                        <span class=\"accordion-icon-inactive accordion-minus\"><i class=\"fa fa-chevron-down\"><\/i><\/span>\r\n                    <\/span>\r\n                    <span id=\"header-text-0\" class=\"accordions-head-title\">REQUISITOS DE ADMISI\u00d3N<\/span>\r\n                            <\/div>\r\n            <div class=\"accordion-content content0 \">\r\n                <p><span style=\"font-size: 12pt;\"><strong>Edades<\/strong>: de 12 a 17 a\u00f1os<\/span><\/p>\n<p><span style=\"font-size: 12pt;\"><strong>Nivel de ingl\u00e9s inicial<\/strong>: m\u00ednimo Elementary A2.<\/span><\/p>\n            <\/div>\r\n    <\/div>\r\n\r\n\r\n\r\n            <\/div>\n<div id=\"accordions-2275\" class=\"accordions-2275 accordions\" data-accordions={&quot;lazyLoad&quot;:false,&quot;id&quot;:&quot;2275&quot;,&quot;event&quot;:&quot;click&quot;,&quot;collapsible&quot;:&quot;true&quot;,&quot;heightStyle&quot;:&quot;content&quot;,&quot;animateStyle&quot;:&quot;swing&quot;,&quot;animateDelay&quot;:1000,&quot;navigation&quot;:true,&quot;active&quot;:999,&quot;expandedOther&quot;:&quot;no&quot;}>\r\n                <div class=\"items\" >\r\n    \r\n            <div post_id=\"2275\" itemcount=\"0\"  header_id=\"header-0\" id=\"header-0\" style=\"\" class=\"accordions-head head0 border-none\" toggle-text=\"\" main-text=\"FECHAS DISPONIBLES\">\r\n                                    <span id=\"accordion-icons-0\" class=\"accordion-icons\">\r\n                        <span class=\"accordion-icon-active accordion-plus\"><i class=\"fa fa-chevron-up\"><\/i><\/span>\r\n                        <span class=\"accordion-icon-inactive accordion-minus\"><i class=\"fa fa-chevron-down\"><\/i><\/span>\r\n                    <\/span>\r\n                    <span id=\"header-text-0\" class=\"accordions-head-title\">FECHAS DISPONIBLES<\/span>\r\n                            <\/div>\r\n            <div class=\"accordion-content content0 \">\r\n                <p><span style=\"font-size: 12pt;\"><strong>Estancias de 2 semanas<\/strong><\/span><\/p>\n<ul>\n<li><span style=\"font-size: 12pt;\">1 al 14 julio 2018 (de domingo a s\u00e1bado)<\/span><\/li>\n<li><span style=\"font-size: 12pt;\">8 al 21 julio 2018 (de domingo a s\u00e1bado)<\/span><\/li>\n<li><span style=\"font-size: 12pt;\">15 al 28 julio 2018 (de domingo a s\u00e1bado)<\/span><\/li>\n<\/ul>\n<p><span style=\"font-size: 12pt;\"><strong>Estancias de 3 semanas<\/strong><\/span><\/p>\n<ul>\n<li><span style=\"font-size: 12pt;\">1 al 21 julio 2018 (de domingo a s\u00e1bado)<\/span><\/li>\n<li><span style=\"font-size: 12pt;\">8 al 28 julio 2018 (de domingo a s\u00e1bado)<\/span><\/li>\n<\/ul>\n            <\/div>\r\n    <\/div>\r\n\r\n\r\n\r\n            <\/div>\n<div id=\"accordions-2277\" class=\"accordions-2277 accordions\" data-accordions={&quot;lazyLoad&quot;:false,&quot;id&quot;:&quot;2277&quot;,&quot;event&quot;:&quot;click&quot;,&quot;collapsible&quot;:&quot;true&quot;,&quot;heightStyle&quot;:&quot;content&quot;,&quot;animateStyle&quot;:&quot;swing&quot;,&quot;animateDelay&quot;:1000,&quot;navigation&quot;:true,&quot;active&quot;:999,&quot;expandedOther&quot;:&quot;no&quot;}>\r\n                <div class=\"items\" >\r\n    \r\n            <div post_id=\"2277\" itemcount=\"0\"  header_id=\"header-0\" id=\"header-0\" style=\"\" class=\"accordions-head head0 border-none\" toggle-text=\"\" main-text=\"INFORMACI\u00d3N DE LA ESCUELA\">\r\n                                    <span id=\"accordion-icons-0\" class=\"accordion-icons\">\r\n                        <span class=\"accordion-icon-active accordion-plus\"><i class=\"fa fa-chevron-up\"><\/i><\/span>\r\n                        <span class=\"accordion-icon-inactive accordion-minus\"><i class=\"fa fa-chevron-down\"><\/i><\/span>\r\n                    <\/span>\r\n                    <span id=\"header-text-0\" class=\"accordions-head-title\">INFORMACI\u00d3N DE LA ESCUELA<\/span>\r\n                            <\/div>\r\n            <div class=\"accordion-content content0 \">\r\n                <p><img loading=\"lazy\" decoding=\"async\" class=\"wp-image-2279 size-thumbnail alignright\" src=\"http:\/\/www.bristolacademy.es\/wp-content\/uploads\/2017\/02\/05-12-150x150.jpg\" width=\"150\" height=\"150\" \/> <img loading=\"lazy\" decoding=\"async\" class=\"wp-image-2278 size-thumbnail alignright\" src=\"http:\/\/www.bristolacademy.es\/wp-content\/uploads\/2017\/02\/05-11-150x150.jpg\" width=\"150\" height=\"150\" \/><\/p>\n<p><span style=\"font-size: 12pt;\"><strong>Dicker College<\/strong> est\u00e1 situado en el pueblo rural de Upper Dicker en el coraz\u00f3n de la campi\u00f1a de Sussex, cerca de la localidad costera de Eastbourne. La escuela se encuentra en una antigua finca de m\u00e1s de 32 hect\u00e1reas, con varios edificios destinados a aulas, residencia y actividades complementarias, rodeados de jardines y excelentes instalaciones deportivas. El campus de la escuela tiene un ambiente interno \u00fanico, para que los alumnos se sientan como en casa y creando un verdadero sentido de comunidad y libertad.<\/span><\/p>\n<p><span style=\"font-size: 12pt;\"><strong>Instalaciones del centro<\/strong>: Colegio Privado Internacional, equipado con Residencia, Piscina cubierta climatizada, Pabell\u00f3n deportivo, Campos deportivos de juego, Centro de Fitness, Pistas de Tenis y Squash, Campos de f\u00fatbol y cricket y peque\u00f1o campo de golf. Salas de danza, de inform\u00e1tica, de arte y Teatro.<\/span><\/p>\n<p><span style=\"font-size: 12pt;\"><strong>Localizaci\u00f3n<\/strong>:\u00a0Hailsham, Reino Unido.\u00a0<span style=\"font-size: 10pt;\"><a href=\"https:\/\/www.google.es\/maps\/place\/Bede's+Senior+School\/@50.867125,0.200278,17z\/data=!4m7!1m4!3m3!1s0x0:0x0!2zNTDCsDUyJzAxLjYiTiAwwrAxMicwOC45IkU!3b1!3m1!1s0x0000000000000000:0xe0071ea55c377c15\" target=\"_blank\" rel=\"noopener\">Ampliar mapa (50.867125,0.200278)<\/a><\/span><\/span><\/p>\n<p><iframe src=\"\/\/www.youtube.com\/embed\/IhG77EKUgAo\" width=\"560\" height=\"314\" allowfullscreen=\"allowfullscreen\"><\/iframe><\/p>\n<p>&nbsp;<\/p>\n            <\/div>\r\n    <\/div>\r\n\r\n\r\n\r\n            <\/div>\n<div id=\"accordions-2281\" class=\"accordions-2281 accordions\" data-accordions={&quot;lazyLoad&quot;:false,&quot;id&quot;:&quot;2281&quot;,&quot;event&quot;:&quot;click&quot;,&quot;collapsible&quot;:&quot;true&quot;,&quot;heightStyle&quot;:&quot;content&quot;,&quot;animateStyle&quot;:&quot;swing&quot;,&quot;animateDelay&quot;:1000,&quot;navigation&quot;:true,&quot;active&quot;:999,&quot;expandedOther&quot;:&quot;no&quot;}>\r\n                <div class=\"items\" >\r\n    \r\n            <div post_id=\"2281\" itemcount=\"0\"  header_id=\"header-0\" id=\"header-0\" style=\"\" class=\"accordions-head head0 border-none\" toggle-text=\"\" main-text=\"PROGRAMA LING\u00dc\u00cdSTICO\">\r\n                                    <span id=\"accordion-icons-0\" class=\"accordion-icons\">\r\n                        <span class=\"accordion-icon-active accordion-plus\"><i class=\"fa fa-chevron-up\"><\/i><\/span>\r\n                        <span class=\"accordion-icon-inactive accordion-minus\"><i class=\"fa fa-chevron-down\"><\/i><\/span>\r\n                    <\/span>\r\n                    <span id=\"header-text-0\" class=\"accordions-head-title\">PROGRAMA LING\u00dc\u00cdSTICO<\/span>\r\n                            <\/div>\r\n            <div class=\"accordion-content content0 \">\r\n                <p><span style=\"font-size: 12pt;\"><strong>N\u00ba horas de clase por semana<\/strong>: 22,5<\/span><\/p>\n<p><span style=\"font-size: 12pt;\"><strong>M\u00e1ximo de alumnos por clase<\/strong>: 14<\/span><\/p>\n<p><span style=\"font-size: 12pt;\"><strong>Ratio profesor\/alumno<\/strong>: 1:5, un porcentaje que permite ofrecer una excelente supervisi\u00f3n y una atenci\u00f3n personalizada.<\/span><\/p>\n<p><span style=\"font-size: 12pt;\"><strong>Tipo de clases<\/strong>: Los alumnos aprenden ingl\u00e9s en sesiones de habilidades ling\u00fc\u00edsticas (2,5 h\/d\u00eda), enriquecimiento (1 h\/d\u00eda) y proyecto de investigaci\u00f3n (1h\/d\u00eda).<\/span><\/p>\n<ul>\n<li><span style=\"font-size: 12pt;\"><strong>Habilidades ling\u00fc\u00edsticas<\/strong>: Estas clases est\u00e1n dise\u00f1adas para mejorar las habilidades ling\u00fc\u00edsticas de los alumnos, ampliar su vocabulario, mejorar la pronunciaci\u00f3n y su comprensi\u00f3n de la gram\u00e1tica para ser m\u00e1s precisos en el lenguaje hablado y escrito.<\/span><\/li>\n<li><span style=\"font-size: 12pt;\"><strong>Enriquecimiento<\/strong>: Estas clases est\u00e1n dise\u00f1adas para mejorar los conocimientos ling\u00fc\u00edsticos mediante temas culturales (del Reino Unido), utilizando materiales de la vida real, tales como anuncios, folletos, programas de televisi\u00f3n, cortometrajes, art\u00edculos de peri\u00f3dicos y revistas.<\/span><\/li>\n<li><span style=\"font-size: 12pt;\"><strong>Proyecto de investigaci\u00f3n<\/strong>: Trabajo en grupo en el que los alumnos realizan un trabajo de investigaci\u00f3n completo basado en torno a un t\u00f3pico de la semana o al tema de su inter\u00e9s. Realizar\u00e1n la presentaci\u00f3n del mismo a la clase a trav\u00e9s de un boceto, cartel, noticia o cortometraje, desarrollando no s\u00f3lo su Ingl\u00e9s, sino tambi\u00e9n sus habilidades interpersonales.<\/span><\/li>\n<\/ul>\n            <\/div>\r\n    <\/div>\r\n\r\n\r\n\r\n            <\/div>\n<div id=\"accordions-2283\" class=\"accordions-2283 accordions\" data-accordions={&quot;lazyLoad&quot;:false,&quot;id&quot;:&quot;2283&quot;,&quot;event&quot;:&quot;click&quot;,&quot;collapsible&quot;:&quot;true&quot;,&quot;heightStyle&quot;:&quot;content&quot;,&quot;animateStyle&quot;:&quot;swing&quot;,&quot;animateDelay&quot;:1000,&quot;navigation&quot;:true,&quot;active&quot;:999,&quot;expandedOther&quot;:&quot;no&quot;}>\r\n                <div class=\"items\" >\r\n    \r\n            <div post_id=\"2283\" itemcount=\"0\"  header_id=\"header-0\" id=\"header-0\" style=\"\" class=\"accordions-head head0 border-none\" toggle-text=\"\" main-text=\"ALOJAMIENTO Y PLANNING SEMANAL\">\r\n                                    <span id=\"accordion-icons-0\" class=\"accordion-icons\">\r\n                        <span class=\"accordion-icon-active accordion-plus\"><i class=\"fa fa-chevron-up\"><\/i><\/span>\r\n                        <span class=\"accordion-icon-inactive accordion-minus\"><i class=\"fa fa-chevron-down\"><\/i><\/span>\r\n                    <\/span>\r\n                    <span id=\"header-text-0\" class=\"accordions-head-title\">ALOJAMIENTO Y PLANNING SEMANAL<\/span>\r\n                            <\/div>\r\n            <div class=\"accordion-content content0 \">\r\n                <p><span style=\"font-size: 12pt;\"><img decoding=\"async\" class=\"wp-image-2284 size-medium alignnone\" src=\"http:\/\/www.bristolacademy.es\/wp-content\/uploads\/2017\/02\/05-31-300x225.jpg\" width=\"300\" height=\"225\" srcset=\"https:\/\/www.bristolacademy.es\/wp-content\/uploads\/2017\/02\/05-31-300x225.jpg 300w, https:\/\/www.bristolacademy.es\/wp-content\/uploads\/2017\/02\/05-31.jpg 640w\" sizes=\"(max-width: 300px) 100vw, 300px\" \/> <img decoding=\"async\" class=\"wp-image-2285 size-medium alignnone\" src=\"http:\/\/www.bristolacademy.es\/wp-content\/uploads\/2017\/02\/05-32-300x225.jpg\" width=\"300\" height=\"225\" srcset=\"https:\/\/www.bristolacademy.es\/wp-content\/uploads\/2017\/02\/05-32-300x225.jpg 300w, https:\/\/www.bristolacademy.es\/wp-content\/uploads\/2017\/02\/05-32.jpg 640w\" sizes=\"(max-width: 300px) 100vw, 300px\" \/><\/span><\/p>\n<p><span style=\"font-size: 12pt;\">Los alumnos residen en el propio campus en habitaciones de 2-4 camas, lo que les ayuda a hacer nuevos amigos de otras nacionalidades.<\/span><\/p>\n<p><span style=\"font-size: 12pt;\">En cada dormitorio s\u00f3lo encontrar\u00e1n ni\u00f1os de su edad y de diferente nacionalidad. Ba\u00f1os compartidos.<\/span><\/p>\n<p><span style=\"font-size: 12pt;\">Se desayuna a las 8h15, se come a las 12h30 y se cena a las 18h.<\/span><\/p>\n<p><span style=\"font-size: 12pt;\">Los ni\u00f1os se levantan a las 8h y se van a la cama a las 22h45.<\/span><\/p>\n<p><span style=\"font-size: 12pt; color: #ff6600;\"><strong><a style=\"color: #ff6600;\" href=\"http:\/\/www.bristolacademy.es\/wp-content\/uploads\/2017\/02\/planning-dicker-english-plus.jpg\" target=\"_blank\">Descargate el Planning semanal<\/a><\/strong><\/span><\/p>\n            <\/div>\r\n    <\/div>\r\n\r\n\r\n\r\n            <\/div>\n<div id=\"accordions-2288\" class=\"accordions-2288 accordions\" data-accordions={&quot;lazyLoad&quot;:false,&quot;id&quot;:&quot;2288&quot;,&quot;event&quot;:&quot;click&quot;,&quot;collapsible&quot;:&quot;true&quot;,&quot;heightStyle&quot;:&quot;content&quot;,&quot;animateStyle&quot;:&quot;swing&quot;,&quot;animateDelay&quot;:1000,&quot;navigation&quot;:true,&quot;active&quot;:999,&quot;expandedOther&quot;:&quot;no&quot;}>\r\n                <div class=\"items\" >\r\n    \r\n            <div post_id=\"2288\" itemcount=\"0\"  header_id=\"header-0\" id=\"header-0\" style=\"\" class=\"accordions-head head0 border-none\" toggle-text=\"\" main-text=\"ACTIVIDADES COMPLEMENTARIAS\">\r\n                                    <span id=\"accordion-icons-0\" class=\"accordion-icons\">\r\n                        <span class=\"accordion-icon-active accordion-plus\"><i class=\"fa fa-chevron-up\"><\/i><\/span>\r\n                        <span class=\"accordion-icon-inactive accordion-minus\"><i class=\"fa fa-chevron-down\"><\/i><\/span>\r\n                    <\/span>\r\n                    <span id=\"header-text-0\" class=\"accordions-head-title\">ACTIVIDADES COMPLEMENTARIAS<\/span>\r\n                            <\/div>\r\n            <div class=\"accordion-content content0 \">\r\n                <p><img loading=\"lazy\" decoding=\"async\" class=\"alignnone wp-image-2289 size-medium\" src=\"http:\/\/www.bristolacademy.es\/wp-content\/uploads\/2017\/02\/05-41-300x225.jpg\" width=\"300\" height=\"225\" srcset=\"https:\/\/www.bristolacademy.es\/wp-content\/uploads\/2017\/02\/05-41-300x225.jpg 300w, https:\/\/www.bristolacademy.es\/wp-content\/uploads\/2017\/02\/05-41.jpg 640w\" sizes=\"(max-width: 300px) 100vw, 300px\" \/> <img loading=\"lazy\" decoding=\"async\" class=\"alignnone wp-image-2290 size-medium\" src=\"http:\/\/www.bristolacademy.es\/wp-content\/uploads\/2017\/02\/05-42-300x225.jpg\" width=\"300\" height=\"225\" srcset=\"https:\/\/www.bristolacademy.es\/wp-content\/uploads\/2017\/02\/05-42-300x225.jpg 300w, https:\/\/www.bristolacademy.es\/wp-content\/uploads\/2017\/02\/05-42.jpg 640w\" sizes=\"(max-width: 300px) 100vw, 300px\" \/> <img loading=\"lazy\" decoding=\"async\" class=\"alignnone wp-image-2291 size-medium\" src=\"http:\/\/www.bristolacademy.es\/wp-content\/uploads\/2017\/02\/05-43-300x225.jpg\" width=\"300\" height=\"225\" srcset=\"https:\/\/www.bristolacademy.es\/wp-content\/uploads\/2017\/02\/05-43-300x225.jpg 300w, https:\/\/www.bristolacademy.es\/wp-content\/uploads\/2017\/02\/05-43.jpg 640w\" sizes=\"(max-width: 300px) 100vw, 300px\" \/> <img loading=\"lazy\" decoding=\"async\" class=\"alignnone wp-image-2292 size-medium\" src=\"http:\/\/www.bristolacademy.es\/wp-content\/uploads\/2017\/02\/05-44-300x225.jpg\" width=\"300\" height=\"225\" srcset=\"https:\/\/www.bristolacademy.es\/wp-content\/uploads\/2017\/02\/05-44-300x225.jpg 300w, https:\/\/www.bristolacademy.es\/wp-content\/uploads\/2017\/02\/05-44.jpg 640w\" sizes=\"(max-width: 300px) 100vw, 300px\" \/> <img loading=\"lazy\" decoding=\"async\" class=\"alignnone wp-image-2293 size-medium\" src=\"http:\/\/www.bristolacademy.es\/wp-content\/uploads\/2017\/02\/05-45-300x225.jpg\" width=\"300\" height=\"225\" srcset=\"https:\/\/www.bristolacademy.es\/wp-content\/uploads\/2017\/02\/05-45-300x225.jpg 300w, https:\/\/www.bristolacademy.es\/wp-content\/uploads\/2017\/02\/05-45.jpg 640w\" sizes=\"(max-width: 300px) 100vw, 300px\" \/><\/p>\n<p><span style=\"font-size: 12pt;\"><strong>Actividades de las tardes (de 15 a 16h30): <\/strong>El programa de actividades de la tarde ofrece numerosas actividades deportivas y art\u00edsticas. Est\u00e1 dise\u00f1ado para brindar a los ni\u00f1os una total inmersi\u00f3n en la lengua y cultura inglesa de forma estimulante e innovadora mediante:<\/span><\/p>\n<ul>\n<li><span style=\"font-size: 12pt;\">Actividades f\u00edsicas: b\u00e1dminton, baloncesto, circuito de training, cricket, futbol, nataci\u00f3n, Tenis, Voleybol, Tenis de mesa, Rounders, Street Dance.<\/span><\/li>\n<li><span style=\"font-size: 12pt;\">Actividades art\u00edsticas: taller de joyer\u00eda, papiroflexia, fotograf\u00eda, marionetas, cuadros con arena.<\/span><\/li>\n<\/ul>\n<p><span style=\"font-size: 12pt;\"><strong>Excursiones:<\/strong> en donde los alumnos tienen la oportunidad de visitar sitios de inter\u00e9s hist\u00f3rico o cultural, a la vez que divertirse y realizar shopping.<\/span><\/p>\n<ul>\n<li><span style=\"font-size: 12pt;\">mi\u00e9rcoles por la tarde: castillos, parques naturales, granjas, museos, puertos, etc.<\/span><\/li>\n<li><span style=\"font-size: 12pt;\">s\u00e1bados todo el d\u00eda: Londres.<\/span><\/li>\n<li><span style=\"font-size: 12pt;\">Domingos: zonas de playa de Brighton o Portsmouth.<\/span><\/li>\n<\/ul>\n<p><span style=\"font-size: 12pt;\"><strong>Actividades de velada (de 19 a 20h30)<\/strong>: existe un programa social supervisado con el objetivo de que los alumnos hagan nuevos amigos y desarrollen sus habilidades comunicativas en ingl\u00e9s, potenciando la mezcla de nacionalidades. Ejemplos son karaokes, bowling, cine, concursos y juegos.<\/span><\/p>\n            <\/div>\r\n    <\/div>\r\n\r\n\r\n\r\n            <\/div>\n<p><div id=\"accordions-2295\" class=\"accordions-2295 accordions\" data-accordions={&quot;lazyLoad&quot;:false,&quot;id&quot;:&quot;2295&quot;,&quot;event&quot;:&quot;click&quot;,&quot;collapsible&quot;:&quot;true&quot;,&quot;heightStyle&quot;:&quot;content&quot;,&quot;animateStyle&quot;:&quot;swing&quot;,&quot;animateDelay&quot;:1000,&quot;navigation&quot;:true,&quot;active&quot;:999,&quot;expandedOther&quot;:&quot;no&quot;}>\r\n                <div class=\"items\" >\r\n    \r\n            <div post_id=\"2295\" itemcount=\"0\"  header_id=\"header-0\" id=\"header-0\" style=\"\" class=\"accordions-head head0 border-none\" toggle-text=\"\" main-text=\"PRECIOS\">\r\n                                    <span id=\"accordion-icons-0\" class=\"accordion-icons\">\r\n                        <span class=\"accordion-icon-active accordion-plus\"><i class=\"fa fa-chevron-up\"><\/i><\/span>\r\n                        <span class=\"accordion-icon-inactive accordion-minus\"><i class=\"fa fa-chevron-down\"><\/i><\/span>\r\n                    <\/span>\r\n                    <span id=\"header-text-0\" class=\"accordions-head-title\">PRECIOS<\/span>\r\n                            <\/div>\r\n            <div class=\"accordion-content content0 \">\r\n                <p><span style=\"font-size: 12pt;\"><strong>Estancia de 2 semanas: 3.040\u20ac\/alumno<\/strong><\/span><\/p>\n<p><span style=\"font-size: 12pt;\"><strong>Estancia de 3 semanas: 4.560\u20ac\/alumno<\/strong><\/span><\/p>\n<p><span style=\"font-size: 12pt;\"><strong>Incluyendo:\u00a0<\/strong><\/span><\/p>\n<ul>\n<li><span style=\"font-size: 12pt;\">Curso de ingl\u00e9s \"English Plus\" de 22,5 horas\/semana en la DICKER PRIVATE SUMMER SCHOOL y material necesario.<\/span><\/li>\n<li><span style=\"font-size: 12pt;\">Alojamiento y 3 comidas diarias en la Residencia de la\u00a0DICKER PRIVATE SUMMER SCHOOLL.<\/span><\/li>\n<li><span style=\"font-size: 12pt;\">Lavander\u00eda 2 veces por semana.<\/span><\/li>\n<li><span style=\"font-size: 12pt;\">Programa de inmersi\u00f3n internacional complementarias incluyendo diferentes actividades, deportes, 3 excursiones por semana y eventos sociales.<\/span><\/li>\n<li><span style=\"font-size: 12pt;\">Certificado-Diploma de\u00a0DICKER PRIVATE SUMMER SCHOOL.<\/span><\/li>\n<li><span style=\"font-size: 12pt;\">Informe personalizado.<\/span><\/li>\n<li><span style=\"font-size: 12pt;\">Traslado de ida y vuelta desde los aeropuertos de Heathrow, Gatwick y Stansted al Colegio.<\/span><\/li>\n<li><span style=\"font-size: 12pt;\">Diario de actividades realizadas.<\/span><\/li>\n<li><span style=\"font-size: 12pt;\">Seguro de asistencia sanitaria y responsabilidad civil y de cancelaci\u00f3n e interrupci\u00f3n del viaje.<\/span><\/li>\n<li><span style=\"font-size: 12pt;\">Tel\u00e9fono emergencias 24 h de recepci\u00f3n de llamadas durante la estancia.<\/span><\/li>\n<\/ul>\n<p><span style=\"font-size: 12pt;\"><strong>Suplementos a a\u00f1adir:<\/strong><\/span><\/p>\n<ul>\n<li><span style=\"font-size: 12pt;\">Vuelos Espa\u00f1a-Inglaterra con acompa\u00f1amiento de menores. Consultar.<\/span><\/li>\n<\/ul>\n            <\/div>\r\n    <\/div>\r\n\r\n\r\n\r\n            <\/div><\/p>\n<\/div>","protected":false},"excerpt":{"rendered":"<div class=\"entry-content-stat post-content\">Dicker College Private School CURSO DE INGL\u00c9S DE VERANO A \u00a0HAILSHAM,\u00a0INGLATERRA 22,5h \/ semana\u00a0de\u00a0clases 14 alumnos\u00a0por clase Para alumnos de entre 12 y 17 a\u00f1os con ganas de aprovechar el verano y mejorar su nivel de ingl\u00e9s.<\/div>\n","protected":false},"author":1,"featured_media":0,"parent":0,"menu_order":0,"comment_status":"closed","ping_status":"closed","template":"","meta":{"_lmt_disableupdate":"","_lmt_disable":"","ngg_post_thumbnail":0,"footnotes":""},"_links":{"self":[{"href":"https:\/\/www.bristolacademy.es\/es\/wp-json\/wp\/v2\/pages\/2265"}],"collection":[{"href":"https:\/\/www.bristolacademy.es\/es\/wp-json\/wp\/v2\/pages"}],"about":[{"href":"https:\/\/www.bristolacademy.es\/es\/wp-json\/wp\/v2\/types\/page"}],"author":[{"embeddable":true,"href":"https:\/\/www.bristolacademy.es\/es\/wp-json\/wp\/v2\/users\/1"}],"replies":[{"embeddable":true,"href":"https:\/\/www.bristolacademy.es\/es\/wp-json\/wp\/v2\/comments?post=2265"}],"version-history":[{"count":39,"href":"https:\/\/www.bristolacademy.es\/es\/wp-json\/wp\/v2\/pages\/2265\/revisions"}],"predecessor-version":[{"id":2871,"href":"https:\/\/www.bristolacademy.es\/es\/wp-json\/wp\/v2\/pages\/2265\/revisions\/2871"}],"wp:attachment":[{"href":"https:\/\/www.bristolacademy.es\/es\/wp-json\/wp\/v2\/media?parent=2265"}],"curies":[{"name":"wp","href":"https:\/\/api.w.org\/{rel}","templated":true}]}}