
{"id":226,"date":"2013-05-28T10:44:22","date_gmt":"2013-05-28T10:44:22","guid":{"rendered":"http:\/\/www.bristolacademy.es\/?page_id=226"},"modified":"2018-04-20T18:04:47","modified_gmt":"2018-04-20T16:04:47","slug":"prueba-acceso-universidad-25","status":"publish","type":"page","link":"https:\/\/www.bristolacademy.es\/es\/inicio\/formacion\/prueba-acceso-universidad-25\/","title":{"rendered":"Prueba Acceso Universidad +25"},"content":{"rendered":"<div class=\"post-content\"><p><img fetchpriority=\"high\" decoding=\"async\" class=\"aligncenter size-full wp-image-1059\" src=\"http:\/\/www.bristolacademy.es\/wp-content\/uploads\/2013\/05\/refuerzo.jpg\" alt=\"refuerzo\" width=\"827\" height=\"180\" srcset=\"https:\/\/www.bristolacademy.es\/wp-content\/uploads\/2013\/05\/refuerzo.jpg 827w, https:\/\/www.bristolacademy.es\/wp-content\/uploads\/2013\/05\/refuerzo-300x65.jpg 300w\" sizes=\"(max-width: 827px) 100vw, 827px\" \/><\/p>\n<h2>Universidad +25<\/h2>\n<p><span style=\"font-size: 12pt;\">Bristol Academy quiere ser tu primer paso para un futuro mejor en el que la formaci\u00f3n toma protagonismo en tu vida. Por este motivo, te ayudaremos y acompa\u00f1aremos en tu proceso de formaci\u00f3n y aprendizaje para superar las pruebas de acceso a la universidad y as\u00ed acceder.<\/span><\/p>\n<p><span style=\"font-size: 12pt;\">Las pruebas son comunes para todas las universidades de Catalu\u00f1a y cada candidato dispone de un n\u00famero ilimitado de convocatorias para superarlas.<\/span><\/p>\n<p><span style=\"font-size: 12pt;\">Una vez superada la prueba de acceso, \u00e9sta tiene validez indefinida; sin embargo los candidatos podr\u00e1n presentarse de nuevo en convocatorias posteriores para mejorar la calificaci\u00f3n.<\/span><\/p>\n<h3>Requisitos<\/h3>\n<p><span style=\"font-size: 12pt;\">Los requisitos que se necesitan para presentarse a la prueba de acceso son:<\/span><\/p>\n<ul>\n<li><span style=\"line-height: 1.71429; font-size: 12pt;\">Tener 25 a\u00f1os antes del 1 de octubre del a\u00f1o de inscripci\u00f3n.<\/span><\/li>\n<li><span style=\"line-height: 1.71429; font-size: 12pt;\">No tener superadas las PAU.<\/span><\/li>\n<\/ul>\n<h3>Estructura de la Prueba<\/h3>\n<p><span style=\"font-size: 12pt;\">La prueba de acceso a la universidad para mayores de 25 a\u00f1os se estructura en dos fases: la general, igual para todos los candidatos, y la espec\u00edfica, que se estructura en cinco opciones vinculadas con las cinco ramas de conocimiento en que se articulan los t\u00edtulos universitarios oficiales de Grado.<\/span><\/p>\n<p><span style=\"font-size: 12pt;\">As\u00ed pues, te proponemos una variedad de servicios que se adaptar\u00e1n a tus necesidades y que garantizar\u00e1n un aprendizaje de \u00e9xito con un plan de estudios hecho a medida y dise\u00f1ado para conseguir estos objetivos.<\/span><\/p>\n<h3>FASE GENERAL<\/h3>\n<p><span style=\"font-size: 12pt;\">La fase general consta de cuatro ejercicios:<\/span><\/p>\n<ul>\n<li><span style=\"font-size: 12pt;\"><em id=\"__mceDel\" style=\"line-height: 1.71429;\">Comentario de texto<\/em><\/span><\/li>\n<li><span style=\"font-size: 12pt;\"><em id=\"__mceDel\" style=\"line-height: 1.71429;\">Lengua catalana<\/em><\/span><\/li>\n<li><span style=\"font-size: 12pt;\"><em id=\"__mceDel\" style=\"line-height: 1.71429;\">Lengua castellana<\/em><\/span><\/li>\n<li><span style=\"font-size: 12pt;\"><em id=\"__mceDel\" style=\"line-height: 1.71429;\">Lengua extranjera (a elegir entre ingl\u00e9s, franc\u00e9s, alem\u00e1n, italiano o portugu\u00e9s).<\/em><\/span><\/li>\n<\/ul>\n<h3>FASE ESPEC\u00cdFICA<\/h3>\n<p><span style=\"font-size: 12pt;\">La fase espec\u00edfica tiene por finalidad valorar las habilidades, las capacidades y las aptitudes de los candidatos para seguir y superar estudios vinculados a cada una de las ramas de conocimiento en torno a las cuales se organizan los t\u00edtulos universitarios oficiales de Grado.<\/span><\/p>\n<p><span style=\"font-size: 12pt;\">As\u00ed pues, esta estructura en cinco opciones:<\/span><\/p>\n<ul>\n<li><span style=\"line-height: 1.71429; font-size: 12pt;\">A. Artes y humanidades<\/span><\/li>\n<li><span style=\"line-height: 1.71429; font-size: 12pt;\">B. Ciencias<\/span><\/li>\n<li><span style=\"line-height: 1.71429; font-size: 12pt;\">C. Ciencias de la Salud<\/span><\/li>\n<li><span style=\"line-height: 1.71429; font-size: 12pt;\">D. Ciencias Sociales y Jur\u00eddicas<\/span><\/li>\n<li><span style=\"line-height: 1.71429; font-size: 12pt;\">E. Ingenier\u00eda y Arquitectura<\/span><\/li>\n<\/ul>\n<p><span style=\"font-size: 12pt;\">Estas clases pueden recibirse de forma particular o en grupo, <a title=\"Contacto\" href=\"http:\/\/www.bristolacademy.es\/?page_id=462\">contacta con nosotros para ampliar informaci\u00f3n<\/a> y que te asesoremos sobre la mejor opci\u00f3n para ti.<\/span><\/p>\n<\/div>","protected":false},"excerpt":{"rendered":"<div class=\"entry-content-stat post-content\">Universidad +25 Bristol Academy quiere ser tu primer paso para un futuro mejor en el que la formaci\u00f3n toma protagonismo en tu vida. Por este motivo, te ayudaremos y acompa\u00f1aremos en tu proceso de formaci\u00f3n y aprendizaje para superar las pruebas de acceso a la universidad y as\u00ed acceder. Las pruebas son comunes para todas las universidades de Catalu\u00f1a y cada candidato dispone de un n\u00famero ilimitado de convocatorias para superarlas. Una vez superada la prueba de acceso, \u00e9sta tiene validez indefinida; sin embargo los candidatos podr\u00e1n presentarse de nuevo en convocatorias posteriores para mejorar la calificaci\u00f3n. Requisitos Los requisitos<\/div>\n<p><a href=\"https:\/\/www.bristolacademy.es\/es\/inicio\/formacion\/prueba-acceso-universidad-25\/\">Read More<i class=\"fa fa-long-arrow-right\" aria-hidden=\"true\"><\/i><\/a><\/p>\n","protected":false},"author":1,"featured_media":0,"parent":38,"menu_order":0,"comment_status":"open","ping_status":"open","template":"page-with-sidebar.php","meta":{"_lmt_disableupdate":"","_lmt_disable":"","ngg_post_thumbnail":0,"footnotes":""},"_links":{"self":[{"href":"https:\/\/www.bristolacademy.es\/es\/wp-json\/wp\/v2\/pages\/226"}],"collection":[{"href":"https:\/\/www.bristolacademy.es\/es\/wp-json\/wp\/v2\/pages"}],"about":[{"href":"https:\/\/www.bristolacademy.es\/es\/wp-json\/wp\/v2\/types\/page"}],"author":[{"embeddable":true,"href":"https:\/\/www.bristolacademy.es\/es\/wp-json\/wp\/v2\/users\/1"}],"replies":[{"embeddable":true,"href":"https:\/\/www.bristolacademy.es\/es\/wp-json\/wp\/v2\/comments?post=226"}],"version-history":[{"count":18,"href":"https:\/\/www.bristolacademy.es\/es\/wp-json\/wp\/v2\/pages\/226\/revisions"}],"predecessor-version":[{"id":2946,"href":"https:\/\/www.bristolacademy.es\/es\/wp-json\/wp\/v2\/pages\/226\/revisions\/2946"}],"up":[{"embeddable":true,"href":"https:\/\/www.bristolacademy.es\/es\/wp-json\/wp\/v2\/pages\/38"}],"wp:attachment":[{"href":"https:\/\/www.bristolacademy.es\/es\/wp-json\/wp\/v2\/media?parent=226"}],"curies":[{"name":"wp","href":"https:\/\/api.w.org\/{rel}","templated":true}]}}