
{"id":220,"date":"2013-05-28T10:41:10","date_gmt":"2013-05-28T10:41:10","guid":{"rendered":"http:\/\/www.bristolacademy.es\/?page_id=220"},"modified":"2021-02-12T20:40:43","modified_gmt":"2021-02-12T19:40:43","slug":"cursos-semipresenciales","status":"publish","type":"page","link":"https:\/\/www.bristolacademy.es\/es\/inicio\/idiomas\/cursos-semipresenciales\/","title":{"rendered":"Cursos ONLINE"},"content":{"rendered":"<div class=\"post-content\">\t\t<div data-elementor-type=\"wp-page\" data-elementor-id=\"220\" class=\"elementor elementor-220\">\n\t\t\t\t\t\t<section class=\"elementor-section elementor-top-section elementor-element elementor-element-19945394 elementor-section-boxed elementor-section-height-default elementor-section-height-default\" data-id=\"19945394\" data-element_type=\"section\">\n\t\t\t\t\t\t<div class=\"elementor-container elementor-column-gap-default\">\n\t\t\t\t\t<div class=\"elementor-column elementor-col-100 elementor-top-column elementor-element elementor-element-6c4b923\" data-id=\"6c4b923\" data-element_type=\"column\">\n\t\t\t<div class=\"elementor-widget-wrap elementor-element-populated\">\n\t\t\t\t\t\t<div class=\"elementor-element elementor-element-36051f63 animated-slow elementor-invisible elementor-widget elementor-widget-text-editor\" data-id=\"36051f63\" data-element_type=\"widget\" data-settings=\"{&quot;_animation&quot;:&quot;fadeIn&quot;}\" data-widget_type=\"text-editor.default\">\n\t\t\t\t<div class=\"elementor-widget-container\">\n\t\t\t\t\t\t\t<p><div style=\"width: 480px;\" class=\"wp-video\"><!--[if lt IE 9]><script>document.createElement('video');<\/script><![endif]-->\n<video class=\"wp-video-shortcode\" id=\"video-220-1\" width=\"480\" height=\"320\" loop=\"1\" autoplay=\"1\" preload=\"metadata\" controls=\"controls\"><source type=\"video\/mp4\" src=\"https:\/\/www.bristolacademy.es\/wp-content\/uploads\/2021\/02\/online_superlow.mp4?_=1\" \/><a href=\"https:\/\/www.bristolacademy.es\/wp-content\/uploads\/2021\/02\/online_superlow.mp4\">https:\/\/www.bristolacademy.es\/wp-content\/uploads\/2021\/02\/online_superlow.mp4<\/a><\/video><\/div><\/p><p><\/p><h2>Cursos ONLINE<\/h2><p><span style=\"font-size: 12pt;\"><span style=\"font-family: helvetica, arial, sans-serif;\">Bristol Academy os propone un nuevo modelo de aprendizaje para todos aquellos que por motivos de horario no hab\u00e9is podido empezar o continuar un curso de idiomas: los cursos online.<\/span><\/span><\/p><p><span style=\"font-size: 12pt; font-family: helvetica, arial, sans-serif;\">Los cursos online combinan la formaci\u00f3n a distancia con sesiones particulars ( online o presenciales); es decir, que pod\u00e9is realizar un curso desde casa con toda la libertad horaria, mientras que a la vez dispondr\u00e9is de sesiones pr\u00e1cticas presenciales o por video conferencia al final de cada unidad did\u00e1ctica.<\/span><\/p><p><span style=\"font-size: 12pt; font-family: helvetica, arial, sans-serif;\">El alumno dispondr\u00e1 de un tutor personal que llevar\u00e1 el seguimiento del trabajo realizado en casa, resolver\u00e1 las posibles dudas que se puedan presentar y llevar\u00e1 a cabo las clases pr\u00e1cticas.<\/span><\/p><p><span style=\"font-size: 12pt; font-family: helvetica, arial, sans-serif;\">Los contenidos del curso son exactamente los mismos que los que se imparten en el aula, por lo tanto, el nivel y los objetivos son exactamente los mismos que si realizarais un curso ordinario, seg\u00fan el nivel establecido.<\/span><\/p><h3><span style=\"font-size: 12pt; font-family: helvetica, arial, sans-serif;\">Requisitos<\/span><\/h3><ul><li><span style=\"font-size: 12pt; font-family: helvetica, arial, sans-serif;\">Realizar una prueba de nivel.<\/span><\/li><li><span style=\"font-size: 12pt; font-family: helvetica, arial, sans-serif;\">Establecer un plan de trabajo con el centro antes de empezar el curso.<\/span><\/li><li><span style=\"font-size: 12pt; font-family: helvetica, arial, sans-serif;\">\u00a1Ser disciplinado y comprometido para poder trabajar en casa siguiendo las pautas indicadas<\/span><\/li><\/ul><p><span style=\"font-family: helvetica, arial, sans-serif;\"><span style=\"font-size: 12pt;\">Para m\u00e1s informaci\u00f3n ll\u00e1manos al 977844731, env\u00edanos un correo a <a title=\"secretaria@bristolacademy.es\" href=\"mailto:info@bristolacademy.es\">info@bristolacademy.es<\/a>.<\/span><\/span><\/p>\t\t\t\t\t\t<\/div>\n\t\t\t\t<\/div>\n\t\t\t\t\t<\/div>\n\t\t<\/div>\n\t\t\t\t\t<\/div>\n\t\t<\/section>\n\t\t\t\t<\/div>\n\t\t<\/div>","protected":false},"excerpt":{"rendered":"<div class=\"entry-content-stat post-content\">Cursos ONLINE Bristol Academy os propone un nuevo modelo de aprendizaje para todos aquellos que por motivos de horario no hab\u00e9is podido empezar o continuar un curso de idiomas: los cursos online. Los cursos online combinan la formaci\u00f3n a distancia con sesiones particulars ( online o presenciales); es decir, que pod\u00e9is realizar un curso desde casa con toda la libertad horaria, mientras que a la vez dispondr\u00e9is de sesiones pr\u00e1cticas presenciales o por video conferencia al final de cada unidad did\u00e1ctica. El alumno dispondr\u00e1 de un tutor personal que llevar\u00e1 el seguimiento del trabajo realizado en casa, resolver\u00e1 las posibles<\/div>\n<p><a href=\"https:\/\/www.bristolacademy.es\/es\/inicio\/idiomas\/cursos-semipresenciales\/\">Read More<i class=\"fa fa-long-arrow-right\" aria-hidden=\"true\"><\/i><\/a><\/p>\n","protected":false},"author":1,"featured_media":0,"parent":36,"menu_order":0,"comment_status":"open","ping_status":"closed","template":"","meta":{"_lmt_disableupdate":"no","_lmt_disable":"no","ngg_post_thumbnail":0,"footnotes":""},"_links":{"self":[{"href":"https:\/\/www.bristolacademy.es\/es\/wp-json\/wp\/v2\/pages\/220"}],"collection":[{"href":"https:\/\/www.bristolacademy.es\/es\/wp-json\/wp\/v2\/pages"}],"about":[{"href":"https:\/\/www.bristolacademy.es\/es\/wp-json\/wp\/v2\/types\/page"}],"author":[{"embeddable":true,"href":"https:\/\/www.bristolacademy.es\/es\/wp-json\/wp\/v2\/users\/1"}],"replies":[{"embeddable":true,"href":"https:\/\/www.bristolacademy.es\/es\/wp-json\/wp\/v2\/comments?post=220"}],"version-history":[{"count":36,"href":"https:\/\/www.bristolacademy.es\/es\/wp-json\/wp\/v2\/pages\/220\/revisions"}],"predecessor-version":[{"id":4082,"href":"https:\/\/www.bristolacademy.es\/es\/wp-json\/wp\/v2\/pages\/220\/revisions\/4082"}],"up":[{"embeddable":true,"href":"https:\/\/www.bristolacademy.es\/es\/wp-json\/wp\/v2\/pages\/36"}],"wp:attachment":[{"href":"https:\/\/www.bristolacademy.es\/es\/wp-json\/wp\/v2\/media?parent=220"}],"curies":[{"name":"wp","href":"https:\/\/api.w.org\/{rel}","templated":true}]}}