
{"id":216,"date":"2013-05-28T10:38:33","date_gmt":"2013-05-28T10:38:33","guid":{"rendered":"http:\/\/www.bristolacademy.es\/?page_id=216"},"modified":"2023-05-24T18:45:44","modified_gmt":"2023-05-24T16:45:44","slug":"cursos-para-adultos","status":"publish","type":"page","link":"https:\/\/www.bristolacademy.es\/es\/inicio\/idiomas\/cursos-para-adultos\/","title":{"rendered":"Cursos para adultos"},"content":{"rendered":"<div class=\"post-content\">\t\t<div data-elementor-type=\"wp-page\" data-elementor-id=\"216\" class=\"elementor elementor-216\">\n\t\t\t\t\t\t<section class=\"elementor-section elementor-top-section elementor-element elementor-element-43caf42e elementor-section-boxed elementor-section-height-default elementor-section-height-default\" data-id=\"43caf42e\" data-element_type=\"section\">\n\t\t\t\t\t\t<div class=\"elementor-container elementor-column-gap-default\">\n\t\t\t\t\t<div class=\"elementor-column elementor-col-100 elementor-top-column elementor-element elementor-element-5744fb06\" data-id=\"5744fb06\" data-element_type=\"column\">\n\t\t\t<div class=\"elementor-widget-wrap elementor-element-populated\">\n\t\t\t\t\t\t<div class=\"elementor-element elementor-element-3c1f8964 elementor-widget elementor-widget-text-editor\" data-id=\"3c1f8964\" data-element_type=\"widget\" data-widget_type=\"text-editor.default\">\n\t\t\t\t<div class=\"elementor-widget-container\">\n\t\t\t\t\t\t\t<p><img fetchpriority=\"high\" decoding=\"async\" class=\"aligncenter size-full wp-image-1021\" src=\"http:\/\/www.bristolacademy.es\/wp-content\/uploads\/2013\/05\/cursos-idiomas.jpg\" alt=\"cursos-idiomas\" width=\"827\" height=\"180\" srcset=\"https:\/\/www.bristolacademy.es\/wp-content\/uploads\/2013\/05\/cursos-idiomas.jpg 827w, https:\/\/www.bristolacademy.es\/wp-content\/uploads\/2013\/05\/cursos-idiomas-300x65.jpg 300w\" sizes=\"(max-width: 827px) 100vw, 827px\" \/><\/p><h2><strong>Cursos para adultos<\/strong><\/h2><p>\u00a0<\/p><p>Si necesitas mejorar tu ingl\u00e9s para tu <span style=\"color: #ff6600;\"><strong>carrera profesional,<\/strong><\/span> para aprobar un <span style=\"color: #ff6600;\"><strong>examen oficial<\/strong> <\/span>o porque senzillamente, quieres <strong><span style=\"color: #ff6600;\">aprender desde cero<\/span><\/strong>, te ofrecemos cursos para adults que se adecuan a <strong>tus necesidades y objetivos.<\/strong><\/p><p>\u00a0<\/p><p>En nuestras clases, el profesor o profesora te ayudar\u00e1 a aprender de una manera <strong>c\u00f3moda y din\u00e1mica<\/strong>: hablando y usando el idioma en sitauciones reales que ser\u00e1n \u00fatiles en tu d\u00eda a d\u00eda.<\/p><p>\u00a0<\/p><p>Nos centramos en <strong>la parte m\u00e1s comunicativa del idioma<\/strong>, la expresi\u00f3n oral y tambi\u00e9n en las \u00e1reas troncales que permiten un buen aprendizaje del idioma : la gram\u00e1tica, la comprensi\u00f3n auditiva y lectora y la expresi\u00f3n oral.<\/p><p>\u00a0<\/p><p>\u00bfQUIERES SABER QU\u00c9 NIVEL TIENES?<\/p><p><span style=\"color: #ff6600;\">Haz este test y aver\u00edgualo!<\/span><\/p><p><img decoding=\"async\" class=\"aligncenter size-full wp-image-5215\" src=\"https:\/\/www.bristolacademy.es\/wp-content\/uploads\/2023\/05\/LEVELTEST_ELEM.jpg\" alt=\"\" width=\"445\" height=\"451\" srcset=\"https:\/\/www.bristolacademy.es\/wp-content\/uploads\/2023\/05\/LEVELTEST_ELEM.jpg 445w, https:\/\/www.bristolacademy.es\/wp-content\/uploads\/2023\/05\/LEVELTEST_ELEM-296x300.jpg 296w\" sizes=\"(max-width: 445px) 100vw, 445px\" \/><\/p><p>Si lo prefieres, clicka <span style=\"color: #ff6600;\"><a style=\"color: #ff6600;\" href=\"https:\/\/forms.monday.com\/forms\/9c82f3639012f56e5bb1d812547e5568?r=use1\">aqu\u00ed<\/a> <\/span>para hacer el test.<\/p><p><span style=\"font-size: 12pt;\">Si no encuentras lo que necesitas, <a title=\"Contacto\" href=\"http:\/\/www.bristolacademy.es\/?page_id=462\">contacta con nosotros<\/a> para que te preparemos un curso a medida.<\/span><\/p><p><span style=\"font-size: 12pt;\">En Bristol Academy <strong><span style=\"color: #ff6600;\">ponemos a su disposici\u00f3n\u00a0los recursos y la t\u00e9cnica<\/span><\/strong>\u00a0para conseguirlo, dirigiendo con la m\u00e1xima eficacia todos nuestros programas.<\/span><\/p>\t\t\t\t\t\t<\/div>\n\t\t\t\t<\/div>\n\t\t\t\t\t<\/div>\n\t\t<\/div>\n\t\t\t\t\t<\/div>\n\t\t<\/section>\n\t\t\t\t<section class=\"elementor-section elementor-top-section elementor-element elementor-element-20befec1 elementor-section-content-middle elementor-section-boxed elementor-section-height-default elementor-section-height-default\" data-id=\"20befec1\" data-element_type=\"section\">\n\t\t\t\t\t\t<div class=\"elementor-container elementor-column-gap-no\">\n\t\t\t\t\t<div class=\"elementor-column elementor-col-50 elementor-top-column elementor-element elementor-element-7217d1d\" data-id=\"7217d1d\" data-element_type=\"column\" data-settings=\"{&quot;background_background&quot;:&quot;classic&quot;}\">\n\t\t\t<div class=\"elementor-widget-wrap elementor-element-populated\">\n\t\t\t\t\t\t<div class=\"elementor-element elementor-element-2bbb16c5 elementor-widget elementor-widget-heading\" data-id=\"2bbb16c5\" data-element_type=\"widget\" data-widget_type=\"heading.default\">\n\t\t\t\t<div class=\"elementor-widget-container\">\n\t\t\t<h4 class=\"elementor-heading-title elementor-size-default\"><a href=\"https:\/\/forms.monday.com\/forms\/dd1b4dd5c8d9c6f55acc26aab49155ac?r=use1\">CONTACTA'NS<\/a><\/h4>\t\t<\/div>\n\t\t\t\t<\/div>\n\t\t\t\t\t<\/div>\n\t\t<\/div>\n\t\t\t\t<div class=\"elementor-column elementor-col-50 elementor-top-column elementor-element elementor-element-51078642\" data-id=\"51078642\" data-element_type=\"column\" data-settings=\"{&quot;background_background&quot;:&quot;classic&quot;}\">\n\t\t\t<div class=\"elementor-widget-wrap elementor-element-populated\">\n\t\t\t\t\t\t<div class=\"elementor-element elementor-element-29b7e6a8 elementor-shape-square elementor-grid-0 e-grid-align-center elementor-widget elementor-widget-social-icons\" data-id=\"29b7e6a8\" data-element_type=\"widget\" data-widget_type=\"social-icons.default\">\n\t\t\t\t<div class=\"elementor-widget-container\">\n\t\t\t\t\t<div class=\"elementor-social-icons-wrapper elementor-grid\">\n\t\t\t\t\t\t\t<span class=\"elementor-grid-item\">\n\t\t\t\t\t<a class=\"elementor-icon elementor-social-icon elementor-social-icon-facebook-f elementor-repeater-item-9e36a96\" href=\"https:\/\/www.facebook.com\/bristolacademy.laselva\/\" target=\"_blank\">\n\t\t\t\t\t\t<span class=\"elementor-screen-only\">Facebook-f<\/span>\n\t\t\t\t\t\t<i class=\"fab fa-facebook-f\"><\/i>\t\t\t\t\t<\/a>\n\t\t\t\t<\/span>\n\t\t\t\t\t\t\t<span class=\"elementor-grid-item\">\n\t\t\t\t\t<a class=\"elementor-icon elementor-social-icon elementor-social-icon-google-plus-g elementor-repeater-item-c4716e8\" href=\"https:\/\/www.facebook.com\/bristolacademy.laselva\/\" target=\"_blank\">\n\t\t\t\t\t\t<span class=\"elementor-screen-only\">Google-plus-g<\/span>\n\t\t\t\t\t\t<i class=\"fab fa-google-plus-g\"><\/i>\t\t\t\t\t<\/a>\n\t\t\t\t<\/span>\n\t\t\t\t\t\t\t<span class=\"elementor-grid-item\">\n\t\t\t\t\t<a class=\"elementor-icon elementor-social-icon elementor-social-icon-instagram elementor-repeater-item-0ac4190\" href=\"https:\/\/www.instagram.com\/bristolacademylm\" target=\"_blank\">\n\t\t\t\t\t\t<span class=\"elementor-screen-only\">Instagram<\/span>\n\t\t\t\t\t\t<i class=\"fab fa-instagram\"><\/i>\t\t\t\t\t<\/a>\n\t\t\t\t<\/span>\n\t\t\t\t\t\t\t<span class=\"elementor-grid-item\">\n\t\t\t\t\t<a class=\"elementor-icon elementor-social-icon elementor-social-icon-linkedin elementor-repeater-item-e84005d\" href=\"https:\/\/www.linkedin.com\/company\/bristol-academy-learning-motivation\" target=\"_blank\">\n\t\t\t\t\t\t<span class=\"elementor-screen-only\">Linkedin<\/span>\n\t\t\t\t\t\t<i class=\"fab fa-linkedin\"><\/i>\t\t\t\t\t<\/a>\n\t\t\t\t<\/span>\n\t\t\t\t\t<\/div>\n\t\t\t\t<\/div>\n\t\t\t\t<\/div>\n\t\t\t\t<div class=\"elementor-element elementor-element-75ad9f3f elementor-widget elementor-widget-heading\" data-id=\"75ad9f3f\" data-element_type=\"widget\" data-widget_type=\"heading.default\">\n\t\t\t\t<div class=\"elementor-widget-container\">\n\t\t\t<h2 class=\"elementor-heading-title elementor-size-default\">connect with us<\/h2>\t\t<\/div>\n\t\t\t\t<\/div>\n\t\t\t\t\t<\/div>\n\t\t<\/div>\n\t\t\t\t\t<\/div>\n\t\t<\/section>\n\t\t\t\t<\/div>\n\t\t<\/div>","protected":false},"excerpt":{"rendered":"<div class=\"entry-content-stat post-content\">Cursos para adultos \u00a0 Si necesitas mejorar tu ingl\u00e9s para tu carrera profesional, para aprobar un examen oficial o porque senzillamente, quieres aprender desde cero, te ofrecemos cursos para adults que se adecuan a tus necesidades y objetivos. \u00a0 En nuestras clases, el profesor o profesora te ayudar\u00e1 a aprender de una manera c\u00f3moda y din\u00e1mica: hablando y usando el idioma en sitauciones reales que ser\u00e1n \u00fatiles en tu d\u00eda a d\u00eda. \u00a0 Nos centramos en la parte m\u00e1s comunicativa del idioma, la expresi\u00f3n oral y tambi\u00e9n en las \u00e1reas troncales que permiten un buen aprendizaje del idioma : la<\/div>\n<p><a href=\"https:\/\/www.bristolacademy.es\/es\/inicio\/idiomas\/cursos-para-adultos\/\">Read More<i class=\"fa fa-long-arrow-right\" aria-hidden=\"true\"><\/i><\/a><\/p>\n","protected":false},"author":1,"featured_media":0,"parent":36,"menu_order":0,"comment_status":"open","ping_status":"closed","template":"","meta":{"_lmt_disableupdate":"","_lmt_disable":"","ngg_post_thumbnail":0,"footnotes":""},"_links":{"self":[{"href":"https:\/\/www.bristolacademy.es\/es\/wp-json\/wp\/v2\/pages\/216"}],"collection":[{"href":"https:\/\/www.bristolacademy.es\/es\/wp-json\/wp\/v2\/pages"}],"about":[{"href":"https:\/\/www.bristolacademy.es\/es\/wp-json\/wp\/v2\/types\/page"}],"author":[{"embeddable":true,"href":"https:\/\/www.bristolacademy.es\/es\/wp-json\/wp\/v2\/users\/1"}],"replies":[{"embeddable":true,"href":"https:\/\/www.bristolacademy.es\/es\/wp-json\/wp\/v2\/comments?post=216"}],"version-history":[{"count":34,"href":"https:\/\/www.bristolacademy.es\/es\/wp-json\/wp\/v2\/pages\/216\/revisions"}],"predecessor-version":[{"id":5231,"href":"https:\/\/www.bristolacademy.es\/es\/wp-json\/wp\/v2\/pages\/216\/revisions\/5231"}],"up":[{"embeddable":true,"href":"https:\/\/www.bristolacademy.es\/es\/wp-json\/wp\/v2\/pages\/36"}],"wp:attachment":[{"href":"https:\/\/www.bristolacademy.es\/es\/wp-json\/wp\/v2\/media?parent=216"}],"curies":[{"name":"wp","href":"https:\/\/api.w.org\/{rel}","templated":true}]}}