
{"id":214,"date":"2013-05-28T10:37:15","date_gmt":"2013-05-28T10:37:15","guid":{"rendered":"http:\/\/www.bristolacademy.es\/?page_id=214"},"modified":"2017-04-19T13:04:21","modified_gmt":"2017-04-19T11:04:21","slug":"cursos-examenes-oficiales","status":"publish","type":"page","link":"https:\/\/www.bristolacademy.es\/es\/inicio\/idiomas\/cursos-examenes-oficiales\/","title":{"rendered":"Cursos Ex\u00e1menes Oficiales"},"content":{"rendered":"<div class=\"post-content\"><p><img fetchpriority=\"high\" decoding=\"async\" class=\"aligncenter size-full wp-image-1021\" src=\"http:\/\/www.bristolacademy.es\/wp-content\/uploads\/2013\/05\/cursos-idiomas.jpg\" alt=\"cursos-idiomas\" width=\"827\" height=\"180\" srcset=\"https:\/\/www.bristolacademy.es\/wp-content\/uploads\/2013\/05\/cursos-idiomas.jpg 827w, https:\/\/www.bristolacademy.es\/wp-content\/uploads\/2013\/05\/cursos-idiomas-300x65.jpg 300w\" sizes=\"(max-width: 827px) 100vw, 827px\" \/><\/p>\n<h2><strong>Somos tu centro de idiomas de ingl\u00e9s, franc\u00e9s, alem\u00e1n e italiano<\/strong><\/h2>\n<p><span style=\"font-size: 12pt;\">Desde Bristol Academy proponemos una tipolog\u00eda diferente de cursos dependiendo de cu\u00e1les sean los objetivos y necesidades de nuestros alumnos.<\/span><\/p>\n<p><span style=\"font-size: 12pt;\">En un <strong><span style=\"color: #ff6600;\">plano 100% acad\u00e9mico ofrecemos cursos a aquellos alumnos que quieran obtener los t\u00edtulos m\u00e1s internacionalmente reconocidos<\/span><\/strong>:<\/span><\/p>\n<p><span style=\"font-size: 12pt;\">Universidad de Cambridge, Trinity College, Escuela Oficial de Idiomas, Ministerio de Educaci\u00f3n Franc\u00e9s o goethiano-Instituto, entre otros.<\/span><\/p>\n<p><span style=\"font-size: 12pt;\"><span style=\"color: #ff6600;\"><strong>Por otro lado<\/strong><\/span>, para aquellos que quieren introducirse en el idioma ingl\u00e9s de una manera m\u00e1s relajada y din\u00e1mica, <strong><span style=\"color: #ff6600;\">ofrecemos cursos interactivos desde niveles Playschool hasta nivel B1<\/span><\/strong>. Los cursos interactivos ponen a disposici\u00f3n del alumno y del profesor una gran variedad de recursos digitales para llevar a cabo la clase, siguiendo las \u00faltimas tendencias en tecnolog\u00eda dirigidas al aprendizaje. Todos estos recursos est\u00e1n dise\u00f1ados para complementar de manera interactiva las clases tradicionales haciendo que las clases se transformen en una experiencia \u00fanica para el alumno.<\/span><\/p>\n<p><span style=\"font-size: 12pt;\"><span style=\"color: #ff6600;\"><strong>Finalmente<\/strong><\/span>, los <strong><span style=\"color: #ff6600;\">cursos para adultos<\/span><\/strong> est\u00e1n pensados \u200b\u200bpara conseguir una adaptaci\u00f3n \u00f3ptima entre el idioma extranjero y el proceso de aprendizaje de los adultos que es, por definici\u00f3n, muy diferente del de un alumno en edad escolar. As\u00ed pues, tanto mediante cursos gen\u00e9ricos como cursos especializados, los alumnos ir\u00e1n incorporando la nueva lengua extranjera trabajando las diferentes \u00e1reas del idioma desde un aspecto pr\u00e1ctico y funcional.<\/span><\/p>\n<p><span style=\"font-size: 12pt;\">Cons\u00faltanos sin compromiso cualquier duda que tengas <a title=\"Contacto\" href=\"http:\/\/www.bristolacademy.es\/?page_id=462\">pinchando aqu\u00ed<\/a>.<\/span><\/p>\n<\/div>","protected":false},"excerpt":{"rendered":"<div class=\"entry-content-stat post-content\">Somos tu centro de idiomas de ingl\u00e9s, franc\u00e9s, alem\u00e1n e italiano Desde Bristol Academy proponemos una tipolog\u00eda diferente de cursos dependiendo de cu\u00e1les sean los objetivos y necesidades de nuestros alumnos. En un plano 100% acad\u00e9mico ofrecemos cursos a aquellos alumnos que quieran obtener los t\u00edtulos m\u00e1s internacionalmente reconocidos: Universidad de Cambridge, Trinity College, Escuela Oficial de Idiomas, Ministerio de Educaci\u00f3n Franc\u00e9s o goethiano-Instituto, entre otros. Por otro lado, para aquellos que quieren introducirse en el idioma ingl\u00e9s de una manera m\u00e1s relajada y din\u00e1mica, ofrecemos cursos interactivos desde niveles Playschool hasta nivel B1. Los cursos interactivos ponen a disposici\u00f3n<\/div>\n<p><a href=\"https:\/\/www.bristolacademy.es\/es\/inicio\/idiomas\/cursos-examenes-oficiales\/\">Read More<i class=\"fa fa-long-arrow-right\" aria-hidden=\"true\"><\/i><\/a><\/p>\n","protected":false},"author":1,"featured_media":0,"parent":36,"menu_order":0,"comment_status":"open","ping_status":"open","template":"page-with-sidebar.php","meta":{"_lmt_disableupdate":"","_lmt_disable":"","ngg_post_thumbnail":0,"footnotes":""},"_links":{"self":[{"href":"https:\/\/www.bristolacademy.es\/es\/wp-json\/wp\/v2\/pages\/214"}],"collection":[{"href":"https:\/\/www.bristolacademy.es\/es\/wp-json\/wp\/v2\/pages"}],"about":[{"href":"https:\/\/www.bristolacademy.es\/es\/wp-json\/wp\/v2\/types\/page"}],"author":[{"embeddable":true,"href":"https:\/\/www.bristolacademy.es\/es\/wp-json\/wp\/v2\/users\/1"}],"replies":[{"embeddable":true,"href":"https:\/\/www.bristolacademy.es\/es\/wp-json\/wp\/v2\/comments?post=214"}],"version-history":[{"count":20,"href":"https:\/\/www.bristolacademy.es\/es\/wp-json\/wp\/v2\/pages\/214\/revisions"}],"predecessor-version":[{"id":385,"href":"https:\/\/www.bristolacademy.es\/es\/wp-json\/wp\/v2\/pages\/214\/revisions\/385"}],"up":[{"embeddable":true,"href":"https:\/\/www.bristolacademy.es\/es\/wp-json\/wp\/v2\/pages\/36"}],"wp:attachment":[{"href":"https:\/\/www.bristolacademy.es\/es\/wp-json\/wp\/v2\/media?parent=214"}],"curies":[{"name":"wp","href":"https:\/\/api.w.org\/{rel}","templated":true}]}}