
{"id":2063,"date":"2017-01-26T13:17:56","date_gmt":"2017-01-26T12:17:56","guid":{"rendered":"http:\/\/www.bristolacademy.es\/?page_id=2063"},"modified":"2021-03-01T20:29:08","modified_gmt":"2021-03-01T19:29:08","slug":"cursos-playschool","status":"publish","type":"page","link":"https:\/\/www.bristolacademy.es\/es\/cursos-playschool\/","title":{"rendered":"Cursos Playschool"},"content":{"rendered":"<div class=\"post-content\">\t\t<div data-elementor-type=\"wp-page\" data-elementor-id=\"2063\" class=\"elementor elementor-2063\">\n\t\t\t\t\t\t<section class=\"elementor-section elementor-top-section elementor-element elementor-element-6b7e929f elementor-section-boxed elementor-section-height-default elementor-section-height-default\" data-id=\"6b7e929f\" data-element_type=\"section\">\n\t\t\t\t\t\t<div class=\"elementor-container elementor-column-gap-default\">\n\t\t\t\t\t<div class=\"elementor-column elementor-col-100 elementor-top-column elementor-element elementor-element-409fdc8a\" data-id=\"409fdc8a\" data-element_type=\"column\">\n\t\t\t<div class=\"elementor-widget-wrap elementor-element-populated\">\n\t\t\t\t\t\t<div class=\"elementor-element elementor-element-8250d08 elementor-widget elementor-widget-image\" data-id=\"8250d08\" data-element_type=\"widget\" data-widget_type=\"image.default\">\n\t\t\t\t<div class=\"elementor-widget-container\">\n\t\t\t\t\t\t\t\t\t\t\t\t\t<img fetchpriority=\"high\" decoding=\"async\" width=\"640\" height=\"905\" src=\"https:\/\/www.bristolacademy.es\/wp-content\/uploads\/2021\/03\/playschool_fb-768x1086.png\" class=\"attachment-medium_large size-medium_large wp-image-4153\" alt=\"\" srcset=\"https:\/\/www.bristolacademy.es\/wp-content\/uploads\/2021\/03\/playschool_fb-768x1086.png 768w, https:\/\/www.bristolacademy.es\/wp-content\/uploads\/2021\/03\/playschool_fb-212x300.png 212w, https:\/\/www.bristolacademy.es\/wp-content\/uploads\/2021\/03\/playschool_fb-724x1024.png 724w, https:\/\/www.bristolacademy.es\/wp-content\/uploads\/2021\/03\/playschool_fb-1086x1536.png 1086w, https:\/\/www.bristolacademy.es\/wp-content\/uploads\/2021\/03\/playschool_fb-1448x2048.png 1448w, https:\/\/www.bristolacademy.es\/wp-content\/uploads\/2021\/03\/playschool_fb.png 1587w\" sizes=\"(max-width: 640px) 100vw, 640px\" \/>\t\t\t\t\t\t\t\t\t\t\t\t\t<\/div>\n\t\t\t\t<\/div>\n\t\t\t\t<div class=\"elementor-element elementor-element-60798188 elementor-widget elementor-widget-text-editor\" data-id=\"60798188\" data-element_type=\"widget\" data-widget_type=\"text-editor.default\">\n\t\t\t\t<div class=\"elementor-widget-container\">\n\t\t\t\t\t\t\t<p><img decoding=\"async\" class=\"size-full wp-image-3846 alignright\" src=\"https:\/\/www.bristolacademy.es\/wp-content\/uploads\/2020\/10\/manualitats.jpg\" alt=\"\" width=\"257\" height=\"196\" \/><\/span><\/span><\/p><p><span style=\"font-size: 12pt;\"><span style=\"font-size: 14pt; color: #ff6600;\"><strong>La capacidad de los ni\u00f1os m\u00e1s peque\u00f1os para aprender idiomas es reconocida <\/strong><\/span><span style=\"font-size: 14pt;\"><span style=\"font-size: 12pt;\">por los<\/span><\/span>\u00a0especialistas\u00a0ya que cuando los ni\u00f1os tienen este contacto con una lengua extranjera a una edad tan temprana como la preescolar, desarrollar\u00e1n, <span style=\"font-size: 14pt; color: #ff6600;\"><strong>con un esfuerzo m\u00ednimo<\/strong><\/span>, un conjunto de aptitudes y capacidades; sobre todo de <span style=\"font-size: 14pt; color: #ff6600;\"><strong>comprensi\u00f3n auditiva<\/strong> y de <strong>pronunciaci\u00f3n<\/strong>.<\/span><\/span><\/p><p><span style=\"font-size: 12pt;\">Por todo esto, en <span style=\"color: #ff6600;\"><strong><span style=\"font-size: 14pt;\">Bristol Academy<\/span><\/strong><\/span> ponemos a su disposici\u00f3n<strong>\u00a0<span style=\"font-size: 14pt; color: #ff6600;\">los recursos y la t\u00e9cnica<\/span><\/strong>\u00a0para conseguirlo a trav\u00e9s de nuestros cursos de<strong> Playschool.<\/strong><\/span><\/p><p>El objetivo es <strong style=\"color: #ff6600; font-size: 14pt;\">que la adquisici\u00f3n de la lengua se realice de una manera\u00a0 estimulante<\/strong><span style=\"font-size: 12pt;\"> donde ofrecemos una base de aprendizaje en el que el ni\u00f1o o la ni\u00f1a utilizan la lengua inglesa de forma natural, contextualizada y familiar para expresarse en el contexto social de la clase. Adem\u00e1s, los alumnos desarrollaran con esfuerzo m\u00ednimo, su comprensi\u00f3n auditiva y pronunciaci\u00f3n de la lengua inglesa.<\/span><\/p><p><\/p>\t\t\t\t\t\t<\/div>\n\t\t\t\t<\/div>\n\t\t\t\t\t<\/div>\n\t\t<\/div>\n\t\t\t\t\t<\/div>\n\t\t<\/section>\n\t\t\t\t<section class=\"elementor-section elementor-top-section elementor-element elementor-element-3ab4129a elementor-section-content-middle elementor-section-height-min-height elementor-section-boxed elementor-section-height-default elementor-section-items-middle\" data-id=\"3ab4129a\" data-element_type=\"section\" data-settings=\"{&quot;background_background&quot;:&quot;classic&quot;}\">\n\t\t\t\t\t\t<div class=\"elementor-container elementor-column-gap-no\">\n\t\t\t\t\t<div class=\"elementor-column elementor-col-100 elementor-top-column elementor-element elementor-element-3dbe6268\" data-id=\"3dbe6268\" data-element_type=\"column\">\n\t\t\t<div class=\"elementor-widget-wrap elementor-element-populated\">\n\t\t\t\t\t\t<div class=\"elementor-element elementor-element-712cc321 elementor-widget elementor-widget-heading\" data-id=\"712cc321\" data-element_type=\"widget\" data-widget_type=\"heading.default\">\n\t\t\t\t<div class=\"elementor-widget-container\">\n\t\t\t<h4 class=\"elementor-heading-title elementor-size-default\">+ info:<\/h4>\t\t<\/div>\n\t\t\t\t<\/div>\n\t\t\t\t<div class=\"elementor-element elementor-element-1aa61c19 elementor-widget elementor-widget-heading\" data-id=\"1aa61c19\" data-element_type=\"widget\" data-widget_type=\"heading.default\">\n\t\t\t\t<div class=\"elementor-widget-container\">\n\t\t\t<h4 class=\"elementor-heading-title elementor-size-large\">info@bristolacademy.es<\/h4>\t\t<\/div>\n\t\t\t\t<\/div>\n\t\t\t\t<div class=\"elementor-element elementor-element-6f24983 elementor-shape-square elementor-grid-0 e-grid-align-center elementor-widget elementor-widget-social-icons\" data-id=\"6f24983\" data-element_type=\"widget\" data-widget_type=\"social-icons.default\">\n\t\t\t\t<div class=\"elementor-widget-container\">\n\t\t\t\t\t<div class=\"elementor-social-icons-wrapper elementor-grid\">\n\t\t\t\t\t\t\t<span class=\"elementor-grid-item\">\n\t\t\t\t\t<a class=\"elementor-icon elementor-social-icon elementor-social-icon-facebook-f elementor-animation-grow elementor-repeater-item-dc1f85f\" href=\"https:\/\/www.facebook.com\/bristolacademy.laselva\" target=\"_blank\">\n\t\t\t\t\t\t<span class=\"elementor-screen-only\">Facebook-f<\/span>\n\t\t\t\t\t\t<i class=\"fab fa-facebook-f\"><\/i>\t\t\t\t\t<\/a>\n\t\t\t\t<\/span>\n\t\t\t\t\t\t\t<span class=\"elementor-grid-item\">\n\t\t\t\t\t<a class=\"elementor-icon elementor-social-icon elementor-social-icon-google-plus-g elementor-animation-grow elementor-repeater-item-7e1d56b\" href=\"https:\/\/g.page\/bristolacademy-laselva?gm\" target=\"_blank\">\n\t\t\t\t\t\t<span class=\"elementor-screen-only\">Google-plus-g<\/span>\n\t\t\t\t\t\t<i class=\"fab fa-google-plus-g\"><\/i>\t\t\t\t\t<\/a>\n\t\t\t\t<\/span>\n\t\t\t\t\t\t\t<span class=\"elementor-grid-item\">\n\t\t\t\t\t<a class=\"elementor-icon elementor-social-icon elementor-social-icon-instagram elementor-animation-grow elementor-repeater-item-7bcbd9e\" href=\"https:\/\/www.instagram.com\/bristolacademylm\/\" target=\"_blank\">\n\t\t\t\t\t\t<span class=\"elementor-screen-only\">Instagram<\/span>\n\t\t\t\t\t\t<i class=\"fab fa-instagram\"><\/i>\t\t\t\t\t<\/a>\n\t\t\t\t<\/span>\n\t\t\t\t\t<\/div>\n\t\t\t\t<\/div>\n\t\t\t\t<\/div>\n\t\t\t\t\t<\/div>\n\t\t<\/div>\n\t\t\t\t\t<\/div>\n\t\t<\/section>\n\t\t\t\t<\/div>\n\t\t<\/div>","protected":false},"excerpt":{"rendered":"<div class=\"entry-content-stat post-content\">La capacidad de los ni\u00f1os m\u00e1s peque\u00f1os para aprender idiomas es reconocida por los\u00a0especialistas\u00a0ya que cuando los ni\u00f1os tienen este contacto con una lengua extranjera a una edad tan temprana como la preescolar, desarrollar\u00e1n, con un esfuerzo m\u00ednimo, un conjunto de aptitudes y capacidades; sobre todo de comprensi\u00f3n auditiva y de pronunciaci\u00f3n. Por todo esto, en Bristol Academy ponemos a su disposici\u00f3n\u00a0los recursos y la t\u00e9cnica\u00a0para conseguirlo a trav\u00e9s de nuestros cursos de Playschool. El objetivo es que la adquisici\u00f3n de la lengua se realice de una manera\u00a0 estimulante donde ofrecemos una base de aprendizaje en el que el ni\u00f1o<\/div>\n<p><a href=\"https:\/\/www.bristolacademy.es\/es\/cursos-playschool\/\">Read More<i class=\"fa fa-long-arrow-right\" aria-hidden=\"true\"><\/i><\/a><\/p>\n","protected":false},"author":1,"featured_media":0,"parent":0,"menu_order":0,"comment_status":"closed","ping_status":"closed","template":"","meta":{"_lmt_disableupdate":"","_lmt_disable":"","ngg_post_thumbnail":0,"footnotes":""},"_links":{"self":[{"href":"https:\/\/www.bristolacademy.es\/es\/wp-json\/wp\/v2\/pages\/2063"}],"collection":[{"href":"https:\/\/www.bristolacademy.es\/es\/wp-json\/wp\/v2\/pages"}],"about":[{"href":"https:\/\/www.bristolacademy.es\/es\/wp-json\/wp\/v2\/types\/page"}],"author":[{"embeddable":true,"href":"https:\/\/www.bristolacademy.es\/es\/wp-json\/wp\/v2\/users\/1"}],"replies":[{"embeddable":true,"href":"https:\/\/www.bristolacademy.es\/es\/wp-json\/wp\/v2\/comments?post=2063"}],"version-history":[{"count":28,"href":"https:\/\/www.bristolacademy.es\/es\/wp-json\/wp\/v2\/pages\/2063\/revisions"}],"predecessor-version":[{"id":4166,"href":"https:\/\/www.bristolacademy.es\/es\/wp-json\/wp\/v2\/pages\/2063\/revisions\/4166"}],"wp:attachment":[{"href":"https:\/\/www.bristolacademy.es\/es\/wp-json\/wp\/v2\/media?parent=2063"}],"curies":[{"name":"wp","href":"https:\/\/api.w.org\/{rel}","templated":true}]}}