
{"id":1671,"date":"2016-11-18T10:27:59","date_gmt":"2016-11-18T09:27:59","guid":{"rendered":"http:\/\/www.bristolacademy.es\/?page_id=1671"},"modified":"2023-05-24T18:55:20","modified_gmt":"2023-05-24T16:55:20","slug":"classes-de-conversa","status":"publish","type":"page","link":"https:\/\/www.bristolacademy.es\/es\/classes-de-conversa\/","title":{"rendered":"Clases de conversaci\u00f3n"},"content":{"rendered":"<div class=\"post-content\">\t\t<div data-elementor-type=\"wp-page\" data-elementor-id=\"1671\" class=\"elementor elementor-1671\">\n\t\t\t\t\t\t<section class=\"elementor-section elementor-top-section elementor-element elementor-element-57e26cdc elementor-section-boxed elementor-section-height-default elementor-section-height-default\" data-id=\"57e26cdc\" data-element_type=\"section\">\n\t\t\t\t\t\t<div class=\"elementor-container elementor-column-gap-default\">\n\t\t\t\t\t<div class=\"elementor-column elementor-col-100 elementor-top-column elementor-element elementor-element-4799ca9a\" data-id=\"4799ca9a\" data-element_type=\"column\">\n\t\t\t<div class=\"elementor-widget-wrap elementor-element-populated\">\n\t\t\t\t\t\t<div class=\"elementor-element elementor-element-fedd8fa elementor-widget elementor-widget-text-editor\" data-id=\"fedd8fa\" data-element_type=\"widget\" data-widget_type=\"text-editor.default\">\n\t\t\t\t<div class=\"elementor-widget-container\">\n\t\t\t\t\t\t\t<p><\/p><h3><span style=\"font-size: 12pt;\"><img fetchpriority=\"high\" decoding=\"async\" class=\"wp-image-3974 alignleft\" src=\"https:\/\/www.bristolacademy.es\/wp-content\/uploads\/2021\/01\/Captura2.png\" alt=\"\" width=\"303\" height=\"241\" srcset=\"https:\/\/www.bristolacademy.es\/wp-content\/uploads\/2021\/01\/Captura2.png 582w, https:\/\/www.bristolacademy.es\/wp-content\/uploads\/2021\/01\/Captura2-300x238.png 300w\" sizes=\"(max-width: 303px) 100vw, 303px\" \/><\/span><\/h3><h3><span style=\"font-size: 12pt;\"><span style=\"font-family: helvetica, arial, sans-serif;\">Cursos de conversaci\u00f3n como objetivo principal de mejorar su expresi\u00f3n oral y comprensi\u00f3n auditiva, a partir de un nivel intermedio.<\/span><\/span><\/h3><p>\u00a0<\/p><p><span style=\"font-size: 12pt; font-family: helvetica, arial, sans-serif;\">Estos cursos ayudan a mejorar la pronunciaci\u00f3n del idioma i la fluidez, a dem\u00e1s de ampliar el vocabulario i la gram\u00e1tica para que el alumno se pueda comunicar de forma efectiva.<\/span><\/p><p>\u00a0<\/p><p><span style=\"font-size: 12pt; font-family: helvetica, arial, sans-serif;\">En cada sesi\u00f3n se realizar\u00e1n actividades enfocadas al di\u00e1logo y al debate con el objetivo principal de conseguir una conversaci\u00f3n m\u00e1s compleja, correcta y variada; que el mensaje sea m\u00e1s coherente, aprendan a responder con naturalidad y fluidez.<\/span><\/p><p>\u00a0<\/p><h2><span style=\"font-family: helvetica, arial, sans-serif; color: #ff6600;\">\u00a1Ahora, tambi\u00e9n con el nuevo formato <a href=\"https:\/\/www.bristolacademy.es\/2021\/01\/espanol-tanimes-matricula-gratuita\/\">clases flexibles!\u00a0<\/a><\/span><\/h2><p>\u00a0<\/p><p>\u00bfQUIERES SABER QU\u00c9 NIVEL TIENES?<\/p><p><span style=\"color: #ff6600;\">Haz este test y aver\u00edgualo!<\/span><\/p><p><img decoding=\"async\" class=\"aligncenter size-full wp-image-5215\" src=\"https:\/\/www.bristolacademy.es\/wp-content\/uploads\/2023\/05\/LEVELTEST_ELEM.jpg\" alt=\"\" width=\"445\" height=\"451\" srcset=\"https:\/\/www.bristolacademy.es\/wp-content\/uploads\/2023\/05\/LEVELTEST_ELEM.jpg 445w, https:\/\/www.bristolacademy.es\/wp-content\/uploads\/2023\/05\/LEVELTEST_ELEM-296x300.jpg 296w\" sizes=\"(max-width: 445px) 100vw, 445px\" \/><\/p><p>Si lo prefieres, haz click <a href=\"https:\/\/forms.monday.com\/forms\/9c82f3639012f56e5bb1d812547e5568?r=use1\"><span style=\"color: #ff6600;\">aqu\u00ed<\/span><\/a> para hacer el test.<\/p><p><div style=\"width: 480px;\" class=\"wp-video\"><!--[if lt IE 9]><script>document.createElement('video');<\/script><![endif]-->\n<video class=\"wp-video-shortcode\" id=\"video-1671-1\" width=\"480\" height=\"320\" preload=\"metadata\" controls=\"controls\"><source type=\"video\/mp4\" src=\"https:\/\/www.bristolacademy.es\/wp-content\/uploads\/2021\/01\/speaking_superlow.mp4?_=1\" \/><a href=\"https:\/\/www.bristolacademy.es\/wp-content\/uploads\/2021\/01\/speaking_superlow.mp4\">https:\/\/www.bristolacademy.es\/wp-content\/uploads\/2021\/01\/speaking_superlow.mp4<\/a><\/video><\/div><\/p><p><span style=\"font-size: 12pt; font-family: helvetica, arial, sans-serif;\">\u00a1Pide m\u00e1s informaci\u00f3n sobre nuestros nuevos cursos de conversaci\u00f3n <a href=\"mailto:info@bristolacademy.es\">aqu\u00ed!<\/a><\/span><\/p>\t\t\t\t\t\t<\/div>\n\t\t\t\t<\/div>\n\t\t\t\t\t<\/div>\n\t\t<\/div>\n\t\t\t\t\t<\/div>\n\t\t<\/section>\n\t\t\t\t<\/div>\n\t\t<\/div>","protected":false},"excerpt":{"rendered":"<div class=\"entry-content-stat post-content\">Cursos de conversaci\u00f3n como objetivo principal de mejorar su expresi\u00f3n oral y comprensi\u00f3n auditiva, a partir de un nivel intermedio. Estos cursos ayudan a mejorar la pronunciaci\u00f3n del idioma i la fluidez, a dem\u00e1s de ampliar el vocabulario i la gram\u00e1tica para que el alumno se pueda comunicar de forma efectiva. En cada sesi\u00f3n se realizar\u00e1n actividades enfocadas al di\u00e1logo y al debate con el objetivo principal de conseguir una conversaci\u00f3n m\u00e1s compleja, correcta y variada; que el mensaje sea m\u00e1s coherente, aprendan a responder con naturalidad y fluidez. \u00a1Ahora, tambi\u00e9n con el nuevo formato clases flexibles!&nbsp; \u00bfQUIERES SABER QU\u00c9<\/div>\n<p><a href=\"https:\/\/www.bristolacademy.es\/es\/classes-de-conversa\/\">Read More<i class=\"fa fa-long-arrow-right\" aria-hidden=\"true\"><\/i><\/a><\/p>\n","protected":false},"author":1,"featured_media":0,"parent":0,"menu_order":0,"comment_status":"open","ping_status":"open","template":"","meta":{"_lmt_disableupdate":"no","_lmt_disable":"no","ngg_post_thumbnail":0,"footnotes":""},"_links":{"self":[{"href":"https:\/\/www.bristolacademy.es\/es\/wp-json\/wp\/v2\/pages\/1671"}],"collection":[{"href":"https:\/\/www.bristolacademy.es\/es\/wp-json\/wp\/v2\/pages"}],"about":[{"href":"https:\/\/www.bristolacademy.es\/es\/wp-json\/wp\/v2\/types\/page"}],"author":[{"embeddable":true,"href":"https:\/\/www.bristolacademy.es\/es\/wp-json\/wp\/v2\/users\/1"}],"replies":[{"embeddable":true,"href":"https:\/\/www.bristolacademy.es\/es\/wp-json\/wp\/v2\/comments?post=1671"}],"version-history":[{"count":16,"href":"https:\/\/www.bristolacademy.es\/es\/wp-json\/wp\/v2\/pages\/1671\/revisions"}],"predecessor-version":[{"id":5235,"href":"https:\/\/www.bristolacademy.es\/es\/wp-json\/wp\/v2\/pages\/1671\/revisions\/5235"}],"wp:attachment":[{"href":"https:\/\/www.bristolacademy.es\/es\/wp-json\/wp\/v2\/media?parent=1671"}],"curies":[{"name":"wp","href":"https:\/\/api.w.org\/{rel}","templated":true}]}}