
{"id":1665,"date":"2016-11-18T09:59:37","date_gmt":"2016-11-18T08:59:37","guid":{"rendered":"http:\/\/www.bristolacademy.es\/?page_id=1665"},"modified":"2017-01-26T10:42:02","modified_gmt":"2017-01-26T09:42:02","slug":"bristol-clublets-get-out","status":"publish","type":"page","link":"https:\/\/www.bristolacademy.es\/es\/bristol-clublets-get-out\/","title":{"rendered":"Let&#8217;s Get Out!"},"content":{"rendered":"<div class=\"post-content\"><p><a href=\"http:\/\/www.bristolacademy.es\/wp-content\/uploads\/2013\/05\/title.png\"><img fetchpriority=\"high\" decoding=\"async\" class=\" size-full wp-image-1135 aligncenter\" src=\"http:\/\/www.bristolacademy.es\/wp-content\/uploads\/2013\/05\/title.png\" alt=\"title\" width=\"675\" height=\"268\" srcset=\"https:\/\/www.bristolacademy.es\/wp-content\/uploads\/2013\/05\/title.png 675w, https:\/\/www.bristolacademy.es\/wp-content\/uploads\/2013\/05\/title-300x119.png 300w\" sizes=\"(max-width: 675px) 100vw, 675px\" \/><\/a><\/p>\n<h1><strong>Let\u2019s Get out!<\/strong><\/h1>\n<h3><img decoding=\"async\" class=\" size-full wp-image-1686 alignleft\" src=\"http:\/\/www.bristolacademy.es\/wp-content\/uploads\/2016\/11\/3.png\" alt=\"3\" width=\"373\" height=\"169\" srcset=\"https:\/\/www.bristolacademy.es\/wp-content\/uploads\/2016\/11\/3.png 373w, https:\/\/www.bristolacademy.es\/wp-content\/uploads\/2016\/11\/3-300x136.png 300w\" sizes=\"(max-width: 373px) 100vw, 373px\" \/><strong>\u00a1Nuevo curso, nuevos talleres!<\/strong><\/h3>\n<p>Des de Bristol Club, queremos renovarnos y ofreceros nuevas propuestas, \u00a1y este nuevo curso 2016-17 no pod\u00eda ser menos!<a href=\"http:\/\/www.bristolacademy.es\/wp-content\/uploads\/2016\/11\/1.png\"><img decoding=\"async\" class=\" size-full wp-image-1684 alignright\" src=\"http:\/\/www.bristolacademy.es\/wp-content\/uploads\/2016\/11\/1.png\" alt=\"1\" width=\"250\" height=\"250\" srcset=\"https:\/\/www.bristolacademy.es\/wp-content\/uploads\/2016\/11\/1.png 250w, https:\/\/www.bristolacademy.es\/wp-content\/uploads\/2016\/11\/1-150x150.png 150w\" sizes=\"(max-width: 250px) 100vw, 250px\" \/><\/a><\/p>\n<p>Os presentamos <strong>Let\u2019s Get out!<\/strong>, \u00a1una nueva secci\u00f3n que a lo largo del curso os ofrecer\u00e1 distintas<strong>\u00a0salidas<\/strong>\u00a0para poder seguir practicando el ingl\u00e9s a la vez que <strong>experimentamos y vivimos nuevas experiencias fuera de la academia!<\/strong><\/p>\n<p>Organizaremos talleres y actividades muy interesantes y divertidas como por ejemplo catas de vinos, talleres de cocina, entre otros.\u00a1Contamos con\u00a0vuestra participaci\u00f3n!<\/p>\n<p>Estos <strong>talleres estar\u00e1n abiertos a todo el p\u00fablico<\/strong>, es decir, tanto a nuestros alumnos como a los acompa\u00f1antes que quieran traer,<strong>\u00a0Y se podr\u00e1 participar a partir de 18 a\u00f1os.<\/strong><\/p>\n<p><strong><em><a href=\"http:\/\/www.bristolacademy.es\/wp-content\/uploads\/2016\/11\/2.png\"><img loading=\"lazy\" decoding=\"async\" class=\" size-full wp-image-1685 alignleft\" src=\"http:\/\/www.bristolacademy.es\/wp-content\/uploads\/2016\/11\/2.png\" alt=\"2\" width=\"346\" height=\"184\" srcset=\"https:\/\/www.bristolacademy.es\/wp-content\/uploads\/2016\/11\/2.png 346w, https:\/\/www.bristolacademy.es\/wp-content\/uploads\/2016\/11\/2-300x160.png 300w\" sizes=\"(max-width: 346px) 100vw, 346px\" \/><\/a>Estad bien atentos a las actividades y fechas de inscripci\u00f3n y \u00a1animaros a participar!<\/em><\/strong><\/p>\n<p>&nbsp;<\/p>\n<p>&nbsp;<\/p>\n<\/div>","protected":false},"excerpt":{"rendered":"<div class=\"entry-content-stat post-content\">Let\u2019s Get out! \u00a1Nuevo curso, nuevos talleres! Des de Bristol Club, queremos renovarnos y ofreceros nuevas propuestas, \u00a1y este nuevo curso 2016-17 no pod\u00eda ser menos! Os presentamos Let\u2019s Get out!, \u00a1una nueva secci\u00f3n que a lo largo del curso os ofrecer\u00e1 distintas\u00a0salidas\u00a0para poder seguir practicando el ingl\u00e9s a la vez que experimentamos y vivimos nuevas experiencias fuera de la academia! Organizaremos talleres y actividades muy interesantes y divertidas como por ejemplo catas de vinos, talleres de cocina, entre otros.\u00a1Contamos con\u00a0vuestra participaci\u00f3n! Estos talleres estar\u00e1n abiertos a todo el p\u00fablico, es decir, tanto a nuestros alumnos como a los acompa\u00f1antes<\/div>\n<p><a href=\"https:\/\/www.bristolacademy.es\/es\/bristol-clublets-get-out\/\">Read More<i class=\"fa fa-long-arrow-right\" aria-hidden=\"true\"><\/i><\/a><\/p>\n","protected":false},"author":1,"featured_media":0,"parent":0,"menu_order":0,"comment_status":"open","ping_status":"open","template":"","meta":{"_lmt_disableupdate":"","_lmt_disable":"","ngg_post_thumbnail":0,"footnotes":""},"_links":{"self":[{"href":"https:\/\/www.bristolacademy.es\/es\/wp-json\/wp\/v2\/pages\/1665"}],"collection":[{"href":"https:\/\/www.bristolacademy.es\/es\/wp-json\/wp\/v2\/pages"}],"about":[{"href":"https:\/\/www.bristolacademy.es\/es\/wp-json\/wp\/v2\/types\/page"}],"author":[{"embeddable":true,"href":"https:\/\/www.bristolacademy.es\/es\/wp-json\/wp\/v2\/users\/1"}],"replies":[{"embeddable":true,"href":"https:\/\/www.bristolacademy.es\/es\/wp-json\/wp\/v2\/comments?post=1665"}],"version-history":[{"count":7,"href":"https:\/\/www.bristolacademy.es\/es\/wp-json\/wp\/v2\/pages\/1665\/revisions"}],"predecessor-version":[{"id":2057,"href":"https:\/\/www.bristolacademy.es\/es\/wp-json\/wp\/v2\/pages\/1665\/revisions\/2057"}],"wp:attachment":[{"href":"https:\/\/www.bristolacademy.es\/es\/wp-json\/wp\/v2\/media?parent=1665"}],"curies":[{"name":"wp","href":"https:\/\/api.w.org\/{rel}","templated":true}]}}