
{"id":1565,"date":"2015-07-29T10:48:10","date_gmt":"2015-07-29T09:48:10","guid":{"rendered":"http:\/\/www.bristolacademy.es\/?page_id=1565"},"modified":"2017-01-26T11:16:45","modified_gmt":"2017-01-26T10:16:45","slug":"tallers","status":"publish","type":"page","link":"https:\/\/www.bristolacademy.es\/es\/verano\/tallers\/","title":{"rendered":"Talleres Infantiles de Ingl\u00e9s"},"content":{"rendered":"<div class=\"post-content\"><p><a href=\"http:\/\/www.bristolacademy.es\/wp-content\/uploads\/2013\/05\/Fotolia_43226451_M.jpg\"><img fetchpriority=\"high\" decoding=\"async\" class=\"aligncenter wp-image-1465 size-large\" src=\"http:\/\/www.bristolacademy.es\/wp-content\/uploads\/2013\/05\/Fotolia_43226451_M-1024x265.jpg\" alt=\"Livre pour l'\u00e9t\u00e9 \u00e0 la plage\" width=\"640\" height=\"166\" srcset=\"https:\/\/www.bristolacademy.es\/wp-content\/uploads\/2013\/05\/Fotolia_43226451_M-1024x265.jpg 1024w, https:\/\/www.bristolacademy.es\/wp-content\/uploads\/2013\/05\/Fotolia_43226451_M-300x78.jpg 300w, https:\/\/www.bristolacademy.es\/wp-content\/uploads\/2013\/05\/Fotolia_43226451_M-1140x295.jpg 1140w, https:\/\/www.bristolacademy.es\/wp-content\/uploads\/2013\/05\/Fotolia_43226451_M.jpg 1589w\" sizes=\"(max-width: 640px) 100vw, 640px\" \/><\/a><\/p>\n<h3>\u00a0Taller de Manualidades<\/h3>\n<p><span style=\"font-size: 12pt;\">Actividad dirigida a <strong><span style=\"color: #ff6600;\">alumnos entre 6 y 8 a\u00f1os<\/span><\/strong> donde se trabajar\u00e1n los contenidos de vocabulario <img decoding=\"async\" class=\" wp-image-1174 alignright\" src=\"http:\/\/www.bristolacademy.es\/wp-content\/uploads\/2013\/07\/letsfun-1.png\" alt=\"letsfun-1\" width=\"239\" height=\"137\" \/>de\u00a0clase, vocabulario correspondiente a cada actividad, pronuncia y fluidez a partir de trabajos pl\u00e1sticos.<\/span><\/p>\n<p>&nbsp;<\/p>\n<h3>Taller de Juegos<\/h3>\n<p><img decoding=\"async\" class=\"wp-image-1572 alignleft\" src=\"http:\/\/www.bristolacademy.es\/wp-content\/uploads\/2015\/07\/ninos-reales-jugando-150x150.jpg\" alt=\"que beneficios reales tienen las actividades extraescolares\" width=\"210\" height=\"210\" \/><span style=\"font-size: 12pt;\">Actividad dirigida a <span style=\"color: #ff6600;\"><strong>alumnos entre 8 y 10<\/strong><\/span> a\u00f1os donde se trabajar\u00e1n los contenidos de vocabulario de<\/span><br \/>\n<span style=\"font-size: 12pt;\"> clase, vocabulario correspondiente a cada actividad, pronuncia y fluidez a partir de\u00a0distintos juegos.<\/span><\/p>\n<p>&nbsp;<\/p>\n<\/div>","protected":false},"excerpt":{"rendered":"<div class=\"entry-content-stat post-content\">\u00a0Taller de Manualidades Actividad dirigida a alumnos entre 6 y 8 a\u00f1os donde se trabajar\u00e1n los contenidos de vocabulario de\u00a0clase, vocabulario correspondiente a cada actividad, pronuncia y fluidez a partir de trabajos pl\u00e1sticos. &nbsp; Taller de Juegos Actividad dirigida a alumnos entre 8 y 10 a\u00f1os donde se trabajar\u00e1n los contenidos de vocabulario de clase, vocabulario correspondiente a cada actividad, pronuncia y fluidez a partir de\u00a0distintos juegos. &nbsp;<\/div>\n","protected":false},"author":1,"featured_media":0,"parent":250,"menu_order":0,"comment_status":"open","ping_status":"open","template":"page-with-sidebar.php","meta":{"_lmt_disableupdate":"","_lmt_disable":"","ngg_post_thumbnail":0,"footnotes":""},"_links":{"self":[{"href":"https:\/\/www.bristolacademy.es\/es\/wp-json\/wp\/v2\/pages\/1565"}],"collection":[{"href":"https:\/\/www.bristolacademy.es\/es\/wp-json\/wp\/v2\/pages"}],"about":[{"href":"https:\/\/www.bristolacademy.es\/es\/wp-json\/wp\/v2\/types\/page"}],"author":[{"embeddable":true,"href":"https:\/\/www.bristolacademy.es\/es\/wp-json\/wp\/v2\/users\/1"}],"replies":[{"embeddable":true,"href":"https:\/\/www.bristolacademy.es\/es\/wp-json\/wp\/v2\/comments?post=1565"}],"version-history":[{"count":15,"href":"https:\/\/www.bristolacademy.es\/es\/wp-json\/wp\/v2\/pages\/1565\/revisions"}],"predecessor-version":[{"id":2062,"href":"https:\/\/www.bristolacademy.es\/es\/wp-json\/wp\/v2\/pages\/1565\/revisions\/2062"}],"up":[{"embeddable":true,"href":"https:\/\/www.bristolacademy.es\/es\/wp-json\/wp\/v2\/pages\/250"}],"wp:attachment":[{"href":"https:\/\/www.bristolacademy.es\/es\/wp-json\/wp\/v2\/media?parent=1565"}],"curies":[{"name":"wp","href":"https:\/\/api.w.org\/{rel}","templated":true}]}}