
{"id":1497,"date":"2015-07-22T11:38:57","date_gmt":"2015-07-22T10:38:57","guid":{"rendered":"http:\/\/www.bristolacademy.es\/?page_id=1497"},"modified":"2018-04-20T18:02:53","modified_gmt":"2018-04-20T16:02:53","slug":"reforc-i-recuperacio-p-2","status":"publish","type":"page","link":"https:\/\/www.bristolacademy.es\/es\/inicio\/formacion\/reforc-i-recuperacio-p-2\/","title":{"rendered":"Refuerzo y Recuperaci\u00f3n"},"content":{"rendered":"<div class=\"post-content\"><p><a href=\"http:\/\/www.bristolacademy.es\/wp-content\/uploads\/2013\/05\/refuerzo.jpg\"><img fetchpriority=\"high\" decoding=\"async\" class=\"aligncenter wp-image-1059 size-full\" src=\"http:\/\/www.bristolacademy.es\/wp-content\/uploads\/2013\/05\/refuerzo.jpg\" alt=\"refuerzo\" width=\"827\" height=\"180\" srcset=\"https:\/\/www.bristolacademy.es\/wp-content\/uploads\/2013\/05\/refuerzo.jpg 827w, https:\/\/www.bristolacademy.es\/wp-content\/uploads\/2013\/05\/refuerzo-300x65.jpg 300w\" sizes=\"(max-width: 827px) 100vw, 827px\" \/><\/a><\/p>\n<p><span style=\"font-size: 12pt;\">A Bristol Academy impartimos clases de refuerzo de <span style=\"font-size: 14pt;\"><strong>todas las materias escolares<\/strong> <\/span>para los ciclos de primaria as\u00ed como de las materias de letras para los ciclos de ESO y Bachillerato.<\/span><\/p>\n<p><span style=\"font-size: 12pt;\">Las clases de refuerzo no son s\u00f3lo para aquellos quien han suspendido alguna asignatura sino que tambi\u00e9n son indicadas para todos esos alumnos los cuales necesitan seguimiento y ayuda durante sus horas de estudio igual que para aquellos que quieren asegurarse unos buenos resultados durante el curso escolar.<\/span><\/p>\n<p><span style=\"font-size: 12pt;\">Os ofrecemos clases en grupo teniendo en cuenta que muchos alumnos necesitan un ambiente cooperaci\u00f3n con sus compa\u00f1eros e interacci\u00f3n para poder conseguir el mayor grado de aprovechamiento. No obstante, a Bristol Academy te garantizamos que las clases de grupo ser\u00e1n de un <span style=\"font-size: 14pt;\"><strong>m\u00e1ximo de 6 alumnos<\/strong><\/span>\u00a0para garantizar la eficacia de un grupo muy reducido a la vez que las ventajas de trabajar en equipo.<\/span><\/p>\n<p><span style=\"font-size: 12pt;\">Te preparamos las asignaturas curriculares que m\u00e1s necesites, con profesores titulados y cualificados para ense\u00f1arte lo que m\u00e1s de convenga. Nuestros profesores trabajan contigo para mejorar tu rendimiento i tus resultados en el \u00e1mbito que necesites.<\/span><\/p>\n<p>&nbsp;<\/p>\n<\/div>","protected":false},"excerpt":{"rendered":"<div class=\"entry-content-stat post-content\">A Bristol Academy impartimos clases de refuerzo de todas las materias escolares para los ciclos de primaria as\u00ed como de las materias de letras para los ciclos de ESO y Bachillerato. Las clases de refuerzo no son s\u00f3lo para aquellos quien han suspendido alguna asignatura sino que tambi\u00e9n son indicadas para todos esos alumnos los cuales necesitan seguimiento y ayuda durante sus horas de estudio igual que para aquellos que quieren asegurarse unos buenos resultados durante el curso escolar. Os ofrecemos clases en grupo teniendo en cuenta que muchos alumnos necesitan un ambiente cooperaci\u00f3n con sus compa\u00f1eros e interacci\u00f3n para<\/div>\n<p><a href=\"https:\/\/www.bristolacademy.es\/es\/inicio\/formacion\/reforc-i-recuperacio-p-2\/\">Read More<i class=\"fa fa-long-arrow-right\" aria-hidden=\"true\"><\/i><\/a><\/p>\n","protected":false},"author":1,"featured_media":0,"parent":38,"menu_order":0,"comment_status":"open","ping_status":"open","template":"page-with-sidebar.php","meta":{"_lmt_disableupdate":"","_lmt_disable":"","ngg_post_thumbnail":0,"footnotes":""},"_links":{"self":[{"href":"https:\/\/www.bristolacademy.es\/es\/wp-json\/wp\/v2\/pages\/1497"}],"collection":[{"href":"https:\/\/www.bristolacademy.es\/es\/wp-json\/wp\/v2\/pages"}],"about":[{"href":"https:\/\/www.bristolacademy.es\/es\/wp-json\/wp\/v2\/types\/page"}],"author":[{"embeddable":true,"href":"https:\/\/www.bristolacademy.es\/es\/wp-json\/wp\/v2\/users\/1"}],"replies":[{"embeddable":true,"href":"https:\/\/www.bristolacademy.es\/es\/wp-json\/wp\/v2\/comments?post=1497"}],"version-history":[{"count":11,"href":"https:\/\/www.bristolacademy.es\/es\/wp-json\/wp\/v2\/pages\/1497\/revisions"}],"predecessor-version":[{"id":2945,"href":"https:\/\/www.bristolacademy.es\/es\/wp-json\/wp\/v2\/pages\/1497\/revisions\/2945"}],"up":[{"embeddable":true,"href":"https:\/\/www.bristolacademy.es\/es\/wp-json\/wp\/v2\/pages\/38"}],"wp:attachment":[{"href":"https:\/\/www.bristolacademy.es\/es\/wp-json\/wp\/v2\/media?parent=1497"}],"curies":[{"name":"wp","href":"https:\/\/api.w.org\/{rel}","templated":true}]}}