
{"id":1444,"date":"2015-07-01T11:54:26","date_gmt":"2015-07-01T10:54:26","guid":{"rendered":"http:\/\/www.bristolacademy.es\/?page_id=1444"},"modified":"2021-01-29T14:23:07","modified_gmt":"2021-01-29T13:23:07","slug":"centro-preparador-de-cambridge","status":"publish","type":"page","link":"https:\/\/www.bristolacademy.es\/es\/centro-preparador-de-cambridge\/","title":{"rendered":"Exam Preparation Centre"},"content":{"rendered":"<div class=\"post-content\">\t\t<div data-elementor-type=\"wp-page\" data-elementor-id=\"1444\" class=\"elementor elementor-1444\">\n\t\t\t\t\t\t<section class=\"elementor-section elementor-top-section elementor-element elementor-element-468dd182 elementor-section-boxed elementor-section-height-default elementor-section-height-default\" data-id=\"468dd182\" data-element_type=\"section\">\n\t\t\t\t\t\t<div class=\"elementor-container elementor-column-gap-default\">\n\t\t\t\t\t<div class=\"elementor-column elementor-col-100 elementor-top-column elementor-element elementor-element-16a4a0b6\" data-id=\"16a4a0b6\" data-element_type=\"column\">\n\t\t\t<div class=\"elementor-widget-wrap elementor-element-populated\">\n\t\t\t\t\t\t<div class=\"elementor-element elementor-element-52d3b358 elementor-widget elementor-widget-text-editor\" data-id=\"52d3b358\" data-element_type=\"widget\" data-widget_type=\"text-editor.default\">\n\t\t\t\t<div class=\"elementor-widget-container\">\n\t\t\t\t\t\t\t<p style=\"text-align: center;\"><span style=\"font-size: 12pt;\">Bristol Academy <\/span><span style=\"font-size: 12pt;\">es<\/span><span style=\"font-size: 14pt; color: #ff6600;\"><strong> EXAM PREPARATION CENTRE <\/strong><\/span><span style=\"font-size: 12pt;\">autorizado\u00a0por <span style=\"color: #ff6600;\"><strong>CAMBRIDGE<\/strong><\/span>;<\/span><\/p><p style=\"text-align: center;\"><span style=\"font-size: 12pt;\"> es decir,\u00a0somos un centro el cual prepara a sus alumnos para los diferentes ex\u00e1menes oficiales que Cambridge convoca cada a\u00f1o. <\/span><\/p><p style=\"text-align: center;\"><span style=\"font-size: 12pt;\">A dem\u00e1s, <\/span><span style=\"color: #ff6600;\"><span style=\"font-size: 12pt;\"><strong>la directora del centro forma parte del equipo examinador de Cambridge<\/strong>.<\/span><\/span><\/p><p style=\"text-align: center;\">\u00a0<\/p>\t\t\t\t\t\t<\/div>\n\t\t\t\t<\/div>\n\t\t\t\t\t<\/div>\n\t\t<\/div>\n\t\t\t\t\t<\/div>\n\t\t<\/section>\n\t\t\t\t<section class=\"elementor-section elementor-top-section elementor-element elementor-element-70a3efe elementor-section-boxed elementor-section-height-default elementor-section-height-default\" data-id=\"70a3efe\" data-element_type=\"section\">\n\t\t\t\t\t\t<div class=\"elementor-container elementor-column-gap-default\">\n\t\t\t\t\t<div class=\"elementor-column elementor-col-100 elementor-top-column elementor-element elementor-element-b5c3e10\" data-id=\"b5c3e10\" data-element_type=\"column\">\n\t\t\t<div class=\"elementor-widget-wrap elementor-element-populated\">\n\t\t\t\t\t\t<div class=\"elementor-element elementor-element-1297dba elementor-widget elementor-widget-image\" data-id=\"1297dba\" data-element_type=\"widget\" data-widget_type=\"image.default\">\n\t\t\t\t<div class=\"elementor-widget-container\">\n\t\t\t\t\t\t\t\t\t\t\t\t\t<img fetchpriority=\"high\" decoding=\"async\" width=\"512\" height=\"321\" src=\"https:\/\/www.bristolacademy.es\/wp-content\/uploads\/2021\/01\/unnamed-1.jpg\" class=\"attachment-large size-large wp-image-3999\" alt=\"\" srcset=\"https:\/\/www.bristolacademy.es\/wp-content\/uploads\/2021\/01\/unnamed-1.jpg 512w, https:\/\/www.bristolacademy.es\/wp-content\/uploads\/2021\/01\/unnamed-1-300x188.jpg 300w\" sizes=\"(max-width: 512px) 100vw, 512px\" \/>\t\t\t\t\t\t\t\t\t\t\t\t\t<\/div>\n\t\t\t\t<\/div>\n\t\t\t\t\t<\/div>\n\t\t<\/div>\n\t\t\t\t\t<\/div>\n\t\t<\/section>\n\t\t\t\t<section class=\"elementor-section elementor-top-section elementor-element elementor-element-ac14a9e elementor-section-boxed elementor-section-height-default elementor-section-height-default\" data-id=\"ac14a9e\" data-element_type=\"section\">\n\t\t\t\t\t\t<div class=\"elementor-container elementor-column-gap-default\">\n\t\t\t\t\t<div class=\"elementor-column elementor-col-100 elementor-top-column elementor-element elementor-element-6d0b1ac\" data-id=\"6d0b1ac\" data-element_type=\"column\">\n\t\t\t<div class=\"elementor-widget-wrap elementor-element-populated\">\n\t\t\t\t\t\t<div class=\"elementor-element elementor-element-88fa2a9 elementor-widget elementor-widget-image\" data-id=\"88fa2a9\" data-element_type=\"widget\" data-widget_type=\"image.default\">\n\t\t\t\t<div class=\"elementor-widget-container\">\n\t\t\t\t\t\t\t\t\t\t\t\t\t<img decoding=\"async\" width=\"640\" height=\"905\" src=\"https:\/\/www.bristolacademy.es\/wp-content\/uploads\/2021\/01\/CENTRE_PREPARADOR_2019-20-724x1024.jpg\" class=\"attachment-large size-large wp-image-3998\" alt=\"\" srcset=\"https:\/\/www.bristolacademy.es\/wp-content\/uploads\/2021\/01\/CENTRE_PREPARADOR_2019-20-724x1024.jpg 724w, https:\/\/www.bristolacademy.es\/wp-content\/uploads\/2021\/01\/CENTRE_PREPARADOR_2019-20-212x300.jpg 212w, https:\/\/www.bristolacademy.es\/wp-content\/uploads\/2021\/01\/CENTRE_PREPARADOR_2019-20-768x1086.jpg 768w, https:\/\/www.bristolacademy.es\/wp-content\/uploads\/2021\/01\/CENTRE_PREPARADOR_2019-20-1086x1536.jpg 1086w, https:\/\/www.bristolacademy.es\/wp-content\/uploads\/2021\/01\/CENTRE_PREPARADOR_2019-20.jpg 1189w\" sizes=\"(max-width: 640px) 100vw, 640px\" \/>\t\t\t\t\t\t\t\t\t\t\t\t\t<\/div>\n\t\t\t\t<\/div>\n\t\t\t\t\t<\/div>\n\t\t<\/div>\n\t\t\t\t\t<\/div>\n\t\t<\/section>\n\t\t\t\t<section class=\"elementor-section elementor-top-section elementor-element elementor-element-6364877 elementor-section-boxed elementor-section-height-default elementor-section-height-default\" data-id=\"6364877\" data-element_type=\"section\">\n\t\t\t\t\t\t<div class=\"elementor-container elementor-column-gap-default\">\n\t\t\t\t\t<div class=\"elementor-column elementor-col-25 elementor-top-column elementor-element elementor-element-43d1856\" data-id=\"43d1856\" data-element_type=\"column\">\n\t\t\t<div class=\"elementor-widget-wrap elementor-element-populated\">\n\t\t\t\t\t\t<div class=\"elementor-element elementor-element-5f95fc8 elementor-widget elementor-widget-image\" data-id=\"5f95fc8\" data-element_type=\"widget\" data-widget_type=\"image.default\">\n\t\t\t\t<div class=\"elementor-widget-container\">\n\t\t\t\t\t\t\t\t\t\t\t\t\t<img decoding=\"async\" width=\"640\" height=\"480\" src=\"https:\/\/www.bristolacademy.es\/wp-content\/uploads\/2021\/01\/IMG_20190330_100759_116-1024x768.jpg\" class=\"attachment-large size-large wp-image-4000\" alt=\"\" srcset=\"https:\/\/www.bristolacademy.es\/wp-content\/uploads\/2021\/01\/IMG_20190330_100759_116-1024x768.jpg 1024w, https:\/\/www.bristolacademy.es\/wp-content\/uploads\/2021\/01\/IMG_20190330_100759_116-300x225.jpg 300w, https:\/\/www.bristolacademy.es\/wp-content\/uploads\/2021\/01\/IMG_20190330_100759_116-768x576.jpg 768w, https:\/\/www.bristolacademy.es\/wp-content\/uploads\/2021\/01\/IMG_20190330_100759_116-1536x1152.jpg 1536w, https:\/\/www.bristolacademy.es\/wp-content\/uploads\/2021\/01\/IMG_20190330_100759_116-2048x1536.jpg 2048w\" sizes=\"(max-width: 640px) 100vw, 640px\" \/>\t\t\t\t\t\t\t\t\t\t\t\t\t<\/div>\n\t\t\t\t<\/div>\n\t\t\t\t\t<\/div>\n\t\t<\/div>\n\t\t\t\t<div class=\"elementor-column elementor-col-25 elementor-top-column elementor-element elementor-element-ac3a291\" data-id=\"ac3a291\" data-element_type=\"column\">\n\t\t\t<div class=\"elementor-widget-wrap elementor-element-populated\">\n\t\t\t\t\t\t<div class=\"elementor-element elementor-element-fe27cfd elementor-widget elementor-widget-image\" data-id=\"fe27cfd\" data-element_type=\"widget\" data-widget_type=\"image.default\">\n\t\t\t\t<div class=\"elementor-widget-container\">\n\t\t\t\t\t\t\t\t\t\t\t\t\t<img loading=\"lazy\" decoding=\"async\" width=\"640\" height=\"640\" src=\"https:\/\/www.bristolacademy.es\/wp-content\/uploads\/2021\/01\/40100556_2293240694025292_4661848487665598464_o-1024x1024.jpg\" class=\"attachment-large size-large wp-image-4002\" alt=\"\" srcset=\"https:\/\/www.bristolacademy.es\/wp-content\/uploads\/2021\/01\/40100556_2293240694025292_4661848487665598464_o-1024x1024.jpg 1024w, https:\/\/www.bristolacademy.es\/wp-content\/uploads\/2021\/01\/40100556_2293240694025292_4661848487665598464_o-300x300.jpg 300w, https:\/\/www.bristolacademy.es\/wp-content\/uploads\/2021\/01\/40100556_2293240694025292_4661848487665598464_o-150x150.jpg 150w, https:\/\/www.bristolacademy.es\/wp-content\/uploads\/2021\/01\/40100556_2293240694025292_4661848487665598464_o-768x768.jpg 768w, https:\/\/www.bristolacademy.es\/wp-content\/uploads\/2021\/01\/40100556_2293240694025292_4661848487665598464_o.jpg 1080w\" sizes=\"(max-width: 640px) 100vw, 640px\" \/>\t\t\t\t\t\t\t\t\t\t\t\t\t<\/div>\n\t\t\t\t<\/div>\n\t\t\t\t\t<\/div>\n\t\t<\/div>\n\t\t\t\t<div class=\"elementor-column elementor-col-25 elementor-top-column elementor-element elementor-element-933ee4f\" data-id=\"933ee4f\" data-element_type=\"column\">\n\t\t\t<div class=\"elementor-widget-wrap elementor-element-populated\">\n\t\t\t\t\t\t<div class=\"elementor-element elementor-element-84af89c elementor-widget elementor-widget-image\" data-id=\"84af89c\" data-element_type=\"widget\" data-widget_type=\"image.default\">\n\t\t\t\t<div class=\"elementor-widget-container\">\n\t\t\t\t\t\t\t\t\t\t\t\t\t<img loading=\"lazy\" decoding=\"async\" width=\"640\" height=\"853\" src=\"https:\/\/www.bristolacademy.es\/wp-content\/uploads\/2021\/01\/35415484_2171451006204262_38941901537148928_o-768x1024.jpg\" class=\"attachment-large size-large wp-image-4003\" alt=\"\" srcset=\"https:\/\/www.bristolacademy.es\/wp-content\/uploads\/2021\/01\/35415484_2171451006204262_38941901537148928_o-768x1024.jpg 768w, https:\/\/www.bristolacademy.es\/wp-content\/uploads\/2021\/01\/35415484_2171451006204262_38941901537148928_o-225x300.jpg 225w, https:\/\/www.bristolacademy.es\/wp-content\/uploads\/2021\/01\/35415484_2171451006204262_38941901537148928_o-1152x1536.jpg 1152w, https:\/\/www.bristolacademy.es\/wp-content\/uploads\/2021\/01\/35415484_2171451006204262_38941901537148928_o.jpg 1536w\" sizes=\"(max-width: 640px) 100vw, 640px\" \/>\t\t\t\t\t\t\t\t\t\t\t\t\t<\/div>\n\t\t\t\t<\/div>\n\t\t\t\t\t<\/div>\n\t\t<\/div>\n\t\t\t\t<div class=\"elementor-column elementor-col-25 elementor-top-column elementor-element elementor-element-98b81b4\" data-id=\"98b81b4\" data-element_type=\"column\">\n\t\t\t<div class=\"elementor-widget-wrap elementor-element-populated\">\n\t\t\t\t\t\t<div class=\"elementor-element elementor-element-470e86f elementor-widget elementor-widget-image\" data-id=\"470e86f\" data-element_type=\"widget\" data-widget_type=\"image.default\">\n\t\t\t\t<div class=\"elementor-widget-container\">\n\t\t\t\t\t\t\t\t\t\t\t\t\t<img loading=\"lazy\" decoding=\"async\" width=\"640\" height=\"480\" src=\"https:\/\/www.bristolacademy.es\/wp-content\/uploads\/2021\/01\/cambridge-examiner-1024x768.jpg\" class=\"attachment-large size-large wp-image-4001\" alt=\"\" srcset=\"https:\/\/www.bristolacademy.es\/wp-content\/uploads\/2021\/01\/cambridge-examiner-1024x768.jpg 1024w, https:\/\/www.bristolacademy.es\/wp-content\/uploads\/2021\/01\/cambridge-examiner-300x225.jpg 300w, https:\/\/www.bristolacademy.es\/wp-content\/uploads\/2021\/01\/cambridge-examiner-768x576.jpg 768w, https:\/\/www.bristolacademy.es\/wp-content\/uploads\/2021\/01\/cambridge-examiner-1536x1152.jpg 1536w, https:\/\/www.bristolacademy.es\/wp-content\/uploads\/2021\/01\/cambridge-examiner-2048x1536.jpg 2048w\" sizes=\"(max-width: 640px) 100vw, 640px\" \/>\t\t\t\t\t\t\t\t\t\t\t\t\t<\/div>\n\t\t\t\t<\/div>\n\t\t\t\t\t<\/div>\n\t\t<\/div>\n\t\t\t\t\t<\/div>\n\t\t<\/section>\n\t\t\t\t<\/div>\n\t\t<\/div>","protected":false},"excerpt":{"rendered":"<div class=\"entry-content-stat post-content\">Bristol Academy es EXAM PREPARATION CENTRE autorizado\u00a0por CAMBRIDGE; es decir,\u00a0somos un centro el cual prepara a sus alumnos para los diferentes ex\u00e1menes oficiales que Cambridge convoca cada a\u00f1o. A dem\u00e1s, la directora del centro forma parte del equipo examinador de Cambridge. \u00a0<\/div>\n","protected":false},"author":1,"featured_media":0,"parent":0,"menu_order":0,"comment_status":"open","ping_status":"open","template":"","meta":{"_lmt_disableupdate":"","_lmt_disable":"","ngg_post_thumbnail":0,"footnotes":""},"_links":{"self":[{"href":"https:\/\/www.bristolacademy.es\/es\/wp-json\/wp\/v2\/pages\/1444"}],"collection":[{"href":"https:\/\/www.bristolacademy.es\/es\/wp-json\/wp\/v2\/pages"}],"about":[{"href":"https:\/\/www.bristolacademy.es\/es\/wp-json\/wp\/v2\/types\/page"}],"author":[{"embeddable":true,"href":"https:\/\/www.bristolacademy.es\/es\/wp-json\/wp\/v2\/users\/1"}],"replies":[{"embeddable":true,"href":"https:\/\/www.bristolacademy.es\/es\/wp-json\/wp\/v2\/comments?post=1444"}],"version-history":[{"count":36,"href":"https:\/\/www.bristolacademy.es\/es\/wp-json\/wp\/v2\/pages\/1444\/revisions"}],"predecessor-version":[{"id":4009,"href":"https:\/\/www.bristolacademy.es\/es\/wp-json\/wp\/v2\/pages\/1444\/revisions\/4009"}],"wp:attachment":[{"href":"https:\/\/www.bristolacademy.es\/es\/wp-json\/wp\/v2\/media?parent=1444"}],"curies":[{"name":"wp","href":"https:\/\/api.w.org\/{rel}","templated":true}]}}