
{"id":1235,"date":"2015-02-23T17:25:18","date_gmt":"2015-02-23T15:25:18","guid":{"rendered":"http:\/\/www.bristolacademy.es\/?page_id=1235"},"modified":"2018-04-24T11:23:59","modified_gmt":"2018-04-24T09:23:59","slug":"lets-help","status":"publish","type":"page","link":"https:\/\/www.bristolacademy.es\/es\/bristol-club\/lets-help\/","title":{"rendered":"Let&#8217;s Help!"},"content":{"rendered":"<div class=\"post-content\"><p><\/p>\n<h3><img fetchpriority=\"high\" decoding=\"async\" class=\"size-full wp-image-1135 aligncenter\" src=\"http:\/\/www.bristolacademy.es\/wp-content\/uploads\/2013\/05\/title.png\" alt=\"\" width=\"675\" height=\"268\" srcset=\"https:\/\/www.bristolacademy.es\/wp-content\/uploads\/2013\/05\/title.png 675w, https:\/\/www.bristolacademy.es\/wp-content\/uploads\/2013\/05\/title-300x119.png 300w\" sizes=\"(max-width: 675px) 100vw, 675px\" \/><\/h3>\n<h3><span style=\"font-size: 14pt;\"><strong><span style=\"color: #ff6600;\">Bristol Club<\/span> amplia horizontes y esta vez inicia una secci\u00f3n solidaria. <\/strong><\/span><\/h3>\n<p><span style=\"font-size: 12pt;\">Sabemos que los tiempos que corren son dif\u00edciles para todos y con esta nueva secci\u00f3n <a href=\"http:\/\/www.bristolacademy.es\/wp-content\/uploads\/2015\/02\/Lets-help.jpg\"><img decoding=\"async\" class=\"alignright wp-image-1309 \" src=\"http:\/\/www.bristolacademy.es\/wp-content\/uploads\/2015\/02\/Lets-help-150x150.jpg\" alt=\"Let's help\" width=\"246\" height=\"246\" srcset=\"https:\/\/www.bristolacademy.es\/wp-content\/uploads\/2015\/02\/Lets-help-150x150.jpg 150w, https:\/\/www.bristolacademy.es\/wp-content\/uploads\/2015\/02\/Lets-help.jpg 300w\" sizes=\"(max-width: 246px) 100vw, 246px\" \/><\/a>podremos\u00a0dar un peque\u00f1o empuj\u00f3n a quien m\u00e1s lo necesite.<\/span><\/p>\n<p><span style=\"font-size: 12pt;\"><strong>Cada curso organizaremos una acci\u00f3n solidaria<\/strong> a trav\u00e9s de la cual, todo aquel que quiera podr\u00e1 participar y poner su granito de arena en las distintas causas.<\/span><\/p>\n<p><span style=\"font-size: 12pt;\">Estad atentos a los nuevos proyectos. \u00a1Esperamos vuestra colaboraci\u00f3n!<\/span><\/p>\n<p><span style=\"font-size: 12pt;\"><em>\u00a1Esperamos que esta nueva iniciativa tenga una gran acogida!<\/em><\/span><\/p>\n<p><span style=\"font-size: 14pt;\">\u00a1An\u00edmate a participar en nuestro nuevo proyecto!<\/span><\/p>\n<p><a class=\"link-to-pdf\" title=\"Lets Help 2018\" href=\"http:\/\/www.bristolacademy.es\/wp-content\/uploads\/2018\/02\/Lets-Help-2018.pdf\" target=\"_blank\" rel=\"attachment noopener wp-att-2755\"><img decoding=\"async\" class=\"thumb-of-pdf alignnone wp-image-2756 size-large\" src=\"http:\/\/www.bristolacademy.es\/wp-content\/uploads\/2018\/02\/Lets-Help-2018-pdf-724x1024.jpg\" alt=\"thumbnail of Lets Help 2018\" width=\"640\" height=\"905\" srcset=\"https:\/\/www.bristolacademy.es\/wp-content\/uploads\/2018\/02\/Lets-Help-2018-pdf.jpg 724w, https:\/\/www.bristolacademy.es\/wp-content\/uploads\/2018\/02\/Lets-Help-2018-pdf-212x300.jpg 212w, https:\/\/www.bristolacademy.es\/wp-content\/uploads\/2018\/02\/Lets-Help-2018-pdf-707x1000.jpg 707w\" sizes=\"(max-width: 640px) 100vw, 640px\" \/><\/a><\/p>\n<h2>Algunas fotos de las \u00faltimas acciones del<em> Let&#8217;s help<\/em><\/h2>\n<p><!-- Carousel Style & Script for  gallery-69eb4d9f2fa5e -->\r\n\r\n<script type=\"text\/javascript\">\r\n\/\/ <![CDATA[\r\n\/* START --- Image Carousel --- *\/\r\n\r\njQuery(document).ready(function($) {\r\n\r\n    \r\n    $('.ghozylab-gallery img').each(function(i) {\r\n\r\n        $alt = $(this).attr('alt');\r\n\r\n        \/\/ Replace default title to more fancy :)\r\n        $(this).attr('alt', $alt.replace(\/-|_\/g, ' '));\r\n\r\n        $altnew = $(this).attr('alt').toLowerCase().replace(\/\\b[a-z]\/g, function(letter) {\r\n\r\n            return letter.toUpperCase();\r\n\r\n        });\r\n\r\n        $(this).attr('alt', $altnew);\r\n        \/\/ Compatibility with Zoom Lite Theme Image LazyLoad\r\n        $(this).removeAttr('data-lazy-src');\r\n\r\n    });\r\n\r\n    \r\n    $('#icppreloader-gallery-69eb4d9f2fa5e').fadeOut(300, function() {\r\n        $('#gallery-69eb4d9f2fa5e').fadeIn(300);\r\n        var slider69eb4d9f2fa5e = $('#gallery-69eb4d9f2fa5e').bxSlider({\r\n            auto: true,\r\n            pause: 5000,\r\n            autoHover: true,\r\n            moveSlides: 3,\r\n            minSlides: 3,\r\n            maxSlides: 3,\r\n            slideWidth: 500,\r\n            slideMargin: 10,\r\n            startSlide: 0,\r\n            infiniteLoop: true,\r\n            captions: true,\r\n            captionsMode: 'alt',\r\n            adaptiveHeight: true,\r\n            useCSS: false,\r\n            pager: true,\r\n            easing: 'easeOutBounce',\r\n            speed: 2500,\r\n            preloadImages: 'all',\r\n            onSlideBefore: function() {\r\n                                $('#gallery-69eb4d9f2fa5e .bx-caption').slideUp();\r\n                            },\r\n            onSlideAfter: function($slideElement, oldIndex, newIndex) {\r\n                                slider69eb4d9f2fa5e.stopAuto();\r\n                slider69eb4d9f2fa5e.startAuto();\r\n                                $('#gallery-69eb4d9f2fa5e .bx-caption').slideDown();\r\n                            }\r\n        });\r\n\r\n    });\r\n});\r\n\r\n\/* END --- Image Carousel --- *\/\r\n\r\n\/\/ ]]>\r\n<\/script>\r\n\r\n<style type=\"text\/css\">\r\n.markup-gallery-69eb4d9f2fa5e .carousel-item img {width: 100%;margin: 0 auto;border:none !important;border-radius: 0px !important;box-shadow:none !important;}.markup-gallery-69eb4d9f2fa5e .bx-controls-direction a {display: none;}.markup-gallery-69eb4d9f2fa5e .bx-wrapper:hover .bx-controls-direction a {display: block;}.markup-gallery-69eb4d9f2fa5e .bx-controls-direction a { display: block !important;}1<\/style>\r\n\r\n\n\t\t<div id='icppreloader-gallery-69eb4d9f2fa5e' class='icpsliderpreloader'><\/div><div class='markup-gallery-69eb4d9f2fa5e'><div style='display:none;' id='gallery-69eb4d9f2fa5e' class='ghozylab-gallery galleryid-1235 gallery-size-full'><div class='carousel-item'><a   href='https:\/\/www.bristolacademy.es\/wp-content\/uploads\/2018\/04\/RESI-3.jpg'><img loading=\"lazy\" decoding=\"async\" width=\"960\" height=\"720\" src=\"https:\/\/www.bristolacademy.es\/wp-content\/uploads\/2018\/04\/RESI-3.jpg\" class=\"attachment-full size-full\" alt=\"\" srcset=\"https:\/\/www.bristolacademy.es\/wp-content\/uploads\/2018\/04\/RESI-3.jpg 960w, https:\/\/www.bristolacademy.es\/wp-content\/uploads\/2018\/04\/RESI-3-300x225.jpg 300w, https:\/\/www.bristolacademy.es\/wp-content\/uploads\/2018\/04\/RESI-3-768x576.jpg 768w\" sizes=\"(max-width: 960px) 100vw, 960px\" \/><\/a><\/div><div class='carousel-item'><a   href='https:\/\/www.bristolacademy.es\/wp-content\/uploads\/2018\/04\/RESI-2.jpg'><img loading=\"lazy\" decoding=\"async\" width=\"960\" height=\"720\" src=\"https:\/\/www.bristolacademy.es\/wp-content\/uploads\/2018\/04\/RESI-2.jpg\" class=\"attachment-full size-full\" alt=\"\" srcset=\"https:\/\/www.bristolacademy.es\/wp-content\/uploads\/2018\/04\/RESI-2.jpg 960w, https:\/\/www.bristolacademy.es\/wp-content\/uploads\/2018\/04\/RESI-2-300x225.jpg 300w, https:\/\/www.bristolacademy.es\/wp-content\/uploads\/2018\/04\/RESI-2-768x576.jpg 768w\" sizes=\"(max-width: 960px) 100vw, 960px\" \/><\/a><\/div><div class='carousel-item'><a   href='https:\/\/www.bristolacademy.es\/wp-content\/uploads\/2018\/04\/RESI1.jpg'><img loading=\"lazy\" decoding=\"async\" width=\"960\" height=\"720\" src=\"https:\/\/www.bristolacademy.es\/wp-content\/uploads\/2018\/04\/RESI1.jpg\" class=\"attachment-full size-full\" alt=\"\" srcset=\"https:\/\/www.bristolacademy.es\/wp-content\/uploads\/2018\/04\/RESI1.jpg 960w, https:\/\/www.bristolacademy.es\/wp-content\/uploads\/2018\/04\/RESI1-300x225.jpg 300w, https:\/\/www.bristolacademy.es\/wp-content\/uploads\/2018\/04\/RESI1-768x576.jpg 768w\" sizes=\"(max-width: 960px) 100vw, 960px\" \/><\/a><\/div><div class='carousel-item'><a   href='https:\/\/www.bristolacademy.es\/wp-content\/uploads\/2015\/02\/recollida-768x1024.jpg'><img loading=\"lazy\" decoding=\"async\" width=\"1200\" height=\"1600\" src=\"https:\/\/www.bristolacademy.es\/wp-content\/uploads\/2015\/02\/recollida.jpg\" class=\"attachment-full size-full\" alt=\"\" srcset=\"https:\/\/www.bristolacademy.es\/wp-content\/uploads\/2015\/02\/recollida.jpg 1200w, https:\/\/www.bristolacademy.es\/wp-content\/uploads\/2015\/02\/recollida-225x300.jpg 225w, https:\/\/www.bristolacademy.es\/wp-content\/uploads\/2015\/02\/recollida-768x1024.jpg 768w, https:\/\/www.bristolacademy.es\/wp-content\/uploads\/2015\/02\/recollida-750x1000.jpg 750w\" sizes=\"(max-width: 1200px) 100vw, 1200px\" \/><\/a><\/div><div class='carousel-item'><a   href='https:\/\/www.bristolacademy.es\/wp-content\/uploads\/2015\/02\/recollida2-768x1024.jpg'><img loading=\"lazy\" decoding=\"async\" width=\"1200\" height=\"1600\" src=\"https:\/\/www.bristolacademy.es\/wp-content\/uploads\/2015\/02\/recollida2.jpg\" class=\"attachment-full size-full\" alt=\"\" srcset=\"https:\/\/www.bristolacademy.es\/wp-content\/uploads\/2015\/02\/recollida2.jpg 1200w, https:\/\/www.bristolacademy.es\/wp-content\/uploads\/2015\/02\/recollida2-225x300.jpg 225w, https:\/\/www.bristolacademy.es\/wp-content\/uploads\/2015\/02\/recollida2-768x1024.jpg 768w, https:\/\/www.bristolacademy.es\/wp-content\/uploads\/2015\/02\/recollida2-750x1000.jpg 750w\" sizes=\"(max-width: 1200px) 100vw, 1200px\" \/><\/a><\/div><div class='carousel-item'><a   href='https:\/\/www.bristolacademy.es\/wp-content\/uploads\/2015\/02\/2017-02-01-16.53.22-1024x768.jpg'><img loading=\"lazy\" decoding=\"async\" width=\"3264\" height=\"2448\" src=\"https:\/\/www.bristolacademy.es\/wp-content\/uploads\/2015\/02\/2017-02-01-16.53.22.jpg\" class=\"attachment-full size-full\" alt=\"\" srcset=\"https:\/\/www.bristolacademy.es\/wp-content\/uploads\/2015\/02\/2017-02-01-16.53.22.jpg 3264w, https:\/\/www.bristolacademy.es\/wp-content\/uploads\/2015\/02\/2017-02-01-16.53.22-300x225.jpg 300w, https:\/\/www.bristolacademy.es\/wp-content\/uploads\/2015\/02\/2017-02-01-16.53.22-768x576.jpg 768w, https:\/\/www.bristolacademy.es\/wp-content\/uploads\/2015\/02\/2017-02-01-16.53.22-1024x768.jpg 1024w, https:\/\/www.bristolacademy.es\/wp-content\/uploads\/2015\/02\/2017-02-01-16.53.22-1140x855.jpg 1140w\" sizes=\"(max-width: 3264px) 100vw, 3264px\" \/><\/a><\/div><div class='carousel-item'><a   href='https:\/\/www.bristolacademy.es\/wp-content\/uploads\/2015\/02\/2017-02-01-16.53.05-768x1024.jpg'><img loading=\"lazy\" decoding=\"async\" width=\"2448\" height=\"3264\" src=\"https:\/\/www.bristolacademy.es\/wp-content\/uploads\/2015\/02\/2017-02-01-16.53.05.jpg\" class=\"attachment-full size-full\" alt=\"\" srcset=\"https:\/\/www.bristolacademy.es\/wp-content\/uploads\/2015\/02\/2017-02-01-16.53.05.jpg 2448w, https:\/\/www.bristolacademy.es\/wp-content\/uploads\/2015\/02\/2017-02-01-16.53.05-225x300.jpg 225w, https:\/\/www.bristolacademy.es\/wp-content\/uploads\/2015\/02\/2017-02-01-16.53.05-768x1024.jpg 768w, https:\/\/www.bristolacademy.es\/wp-content\/uploads\/2015\/02\/2017-02-01-16.53.05-750x1000.jpg 750w\" sizes=\"(max-width: 2448px) 100vw, 2448px\" \/><\/a><\/div><div class='carousel-item'><a   href='https:\/\/www.bristolacademy.es\/wp-content\/uploads\/2015\/02\/2017-02-01-16.52.59-1024x768.jpg'><img loading=\"lazy\" decoding=\"async\" width=\"3264\" height=\"2448\" src=\"https:\/\/www.bristolacademy.es\/wp-content\/uploads\/2015\/02\/2017-02-01-16.52.59.jpg\" class=\"attachment-full size-full\" alt=\"\" srcset=\"https:\/\/www.bristolacademy.es\/wp-content\/uploads\/2015\/02\/2017-02-01-16.52.59.jpg 3264w, https:\/\/www.bristolacademy.es\/wp-content\/uploads\/2015\/02\/2017-02-01-16.52.59-300x225.jpg 300w, https:\/\/www.bristolacademy.es\/wp-content\/uploads\/2015\/02\/2017-02-01-16.52.59-768x576.jpg 768w, https:\/\/www.bristolacademy.es\/wp-content\/uploads\/2015\/02\/2017-02-01-16.52.59-1024x768.jpg 1024w, https:\/\/www.bristolacademy.es\/wp-content\/uploads\/2015\/02\/2017-02-01-16.52.59-1140x855.jpg 1140w\" sizes=\"(max-width: 3264px) 100vw, 3264px\" \/><\/a><\/div><div class='carousel-item'><a   href='https:\/\/www.bristolacademy.es\/wp-content\/uploads\/2015\/02\/letshelp2017-1024x616.jpg'><img loading=\"lazy\" decoding=\"async\" width=\"1210\" height=\"728\" src=\"https:\/\/www.bristolacademy.es\/wp-content\/uploads\/2015\/02\/letshelp2017.jpg\" class=\"attachment-full size-full\" alt=\"\" srcset=\"https:\/\/www.bristolacademy.es\/wp-content\/uploads\/2015\/02\/letshelp2017.jpg 1210w, https:\/\/www.bristolacademy.es\/wp-content\/uploads\/2015\/02\/letshelp2017-300x180.jpg 300w, https:\/\/www.bristolacademy.es\/wp-content\/uploads\/2015\/02\/letshelp2017-768x462.jpg 768w, https:\/\/www.bristolacademy.es\/wp-content\/uploads\/2015\/02\/letshelp2017-1024x616.jpg 1024w, https:\/\/www.bristolacademy.es\/wp-content\/uploads\/2015\/02\/letshelp2017-1140x686.jpg 1140w\" sizes=\"(max-width: 1210px) 100vw, 1210px\" \/><\/a><\/div><div class='carousel-item'><a   href='https:\/\/www.bristolacademy.es\/wp-content\/uploads\/2015\/02\/2015-12-19-11.05.53-768x1024.jpg'><img loading=\"lazy\" decoding=\"async\" width=\"2448\" height=\"3264\" src=\"https:\/\/www.bristolacademy.es\/wp-content\/uploads\/2015\/02\/2015-12-19-11.05.53.jpg\" class=\"attachment-full size-full\" alt=\"\" srcset=\"https:\/\/www.bristolacademy.es\/wp-content\/uploads\/2015\/02\/2015-12-19-11.05.53.jpg 2448w, https:\/\/www.bristolacademy.es\/wp-content\/uploads\/2015\/02\/2015-12-19-11.05.53-225x300.jpg 225w, https:\/\/www.bristolacademy.es\/wp-content\/uploads\/2015\/02\/2015-12-19-11.05.53-768x1024.jpg 768w, https:\/\/www.bristolacademy.es\/wp-content\/uploads\/2015\/02\/2015-12-19-11.05.53-750x1000.jpg 750w\" sizes=\"(max-width: 2448px) 100vw, 2448px\" \/><\/a><\/div><div class='carousel-item'><a   href='https:\/\/www.bristolacademy.es\/wp-content\/uploads\/2015\/02\/lets-help-2015.jpg'><img loading=\"lazy\" decoding=\"async\" width=\"617\" height=\"872\" src=\"https:\/\/www.bristolacademy.es\/wp-content\/uploads\/2015\/02\/lets-help-2015.jpg\" class=\"attachment-full size-full\" alt=\"\" srcset=\"https:\/\/www.bristolacademy.es\/wp-content\/uploads\/2015\/02\/lets-help-2015.jpg 617w, https:\/\/www.bristolacademy.es\/wp-content\/uploads\/2015\/02\/lets-help-2015-212x300.jpg 212w\" sizes=\"(max-width: 617px) 100vw, 617px\" \/><\/a><\/div><div class='carousel-item'><a   href='https:\/\/www.bristolacademy.es\/wp-content\/uploads\/2015\/02\/2014-12-21-16.50.26-1024x1024.jpg'><img loading=\"lazy\" decoding=\"async\" width=\"1280\" height=\"1280\" src=\"https:\/\/www.bristolacademy.es\/wp-content\/uploads\/2015\/02\/2014-12-21-16.50.26.jpg\" class=\"attachment-full size-full\" alt=\"\" srcset=\"https:\/\/www.bristolacademy.es\/wp-content\/uploads\/2015\/02\/2014-12-21-16.50.26.jpg 1280w, https:\/\/www.bristolacademy.es\/wp-content\/uploads\/2015\/02\/2014-12-21-16.50.26-150x150.jpg 150w, https:\/\/www.bristolacademy.es\/wp-content\/uploads\/2015\/02\/2014-12-21-16.50.26-300x300.jpg 300w, https:\/\/www.bristolacademy.es\/wp-content\/uploads\/2015\/02\/2014-12-21-16.50.26-768x768.jpg 768w, https:\/\/www.bristolacademy.es\/wp-content\/uploads\/2015\/02\/2014-12-21-16.50.26-1024x1024.jpg 1024w, https:\/\/www.bristolacademy.es\/wp-content\/uploads\/2015\/02\/2014-12-21-16.50.26-1000x1000.jpg 1000w\" sizes=\"(max-width: 1280px) 100vw, 1280px\" \/><\/a><\/div><div class='carousel-item'><a   href='https:\/\/www.bristolacademy.es\/wp-content\/uploads\/2015\/02\/IMG_4239-768x1024.jpg'><img loading=\"lazy\" decoding=\"async\" width=\"2448\" height=\"3264\" src=\"https:\/\/www.bristolacademy.es\/wp-content\/uploads\/2015\/02\/IMG_4239.jpg\" class=\"attachment-full size-full\" alt=\"\" srcset=\"https:\/\/www.bristolacademy.es\/wp-content\/uploads\/2015\/02\/IMG_4239.jpg 2448w, https:\/\/www.bristolacademy.es\/wp-content\/uploads\/2015\/02\/IMG_4239-225x300.jpg 225w, https:\/\/www.bristolacademy.es\/wp-content\/uploads\/2015\/02\/IMG_4239-768x1024.jpg 768w, https:\/\/www.bristolacademy.es\/wp-content\/uploads\/2015\/02\/IMG_4239-750x1000.jpg 750w\" sizes=\"(max-width: 2448px) 100vw, 2448px\" \/><\/a><\/div><div class='carousel-item'><a   href='https:\/\/www.bristolacademy.es\/wp-content\/uploads\/2015\/02\/2014-12-12-13.46.45-768x1024.jpg'><img loading=\"lazy\" decoding=\"async\" width=\"2448\" height=\"3264\" src=\"https:\/\/www.bristolacademy.es\/wp-content\/uploads\/2015\/02\/2014-12-12-13.46.45.jpg\" class=\"attachment-full size-full\" alt=\"\" srcset=\"https:\/\/www.bristolacademy.es\/wp-content\/uploads\/2015\/02\/2014-12-12-13.46.45.jpg 2448w, https:\/\/www.bristolacademy.es\/wp-content\/uploads\/2015\/02\/2014-12-12-13.46.45-225x300.jpg 225w, https:\/\/www.bristolacademy.es\/wp-content\/uploads\/2015\/02\/2014-12-12-13.46.45-768x1024.jpg 768w, https:\/\/www.bristolacademy.es\/wp-content\/uploads\/2015\/02\/2014-12-12-13.46.45-750x1000.jpg 750w\" sizes=\"(max-width: 2448px) 100vw, 2448px\" \/><\/a><\/div><div class='carousel-item'><a   href='https:\/\/www.bristolacademy.es\/wp-content\/uploads\/2015\/02\/letshelp2014.jpg'><img loading=\"lazy\" decoding=\"async\" width=\"489\" height=\"699\" src=\"https:\/\/www.bristolacademy.es\/wp-content\/uploads\/2015\/02\/letshelp2014.jpg\" class=\"attachment-full size-full\" alt=\"\" srcset=\"https:\/\/www.bristolacademy.es\/wp-content\/uploads\/2015\/02\/letshelp2014.jpg 489w, https:\/\/www.bristolacademy.es\/wp-content\/uploads\/2015\/02\/letshelp2014-210x300.jpg 210w\" sizes=\"(max-width: 489px) 100vw, 489px\" \/><\/a><\/div><div class='carousel-item'><a   href='https:\/\/www.bristolacademy.es\/wp-content\/uploads\/2015\/02\/LETSHELP2_2015.jpg'><img loading=\"lazy\" decoding=\"async\" width=\"535\" height=\"768\" src=\"https:\/\/www.bristolacademy.es\/wp-content\/uploads\/2015\/02\/LETSHELP2_2015.jpg\" class=\"attachment-full size-full\" alt=\"\" srcset=\"https:\/\/www.bristolacademy.es\/wp-content\/uploads\/2015\/02\/LETSHELP2_2015.jpg 535w, https:\/\/www.bristolacademy.es\/wp-content\/uploads\/2015\/02\/LETSHELP2_2015-209x300.jpg 209w\" sizes=\"(max-width: 535px) 100vw, 535px\" \/><\/a><\/div>\r\n\t\t<\/div><\/div>\n<\/p>\n<\/div>","protected":false},"excerpt":{"rendered":"<div class=\"entry-content-stat post-content\">Bristol Club amplia horizontes y esta vez inicia una secci\u00f3n solidaria. Sabemos que los tiempos que corren son dif\u00edciles para todos y con esta nueva secci\u00f3n podremos\u00a0dar un peque\u00f1o empuj\u00f3n a quien m\u00e1s lo necesite. Cada curso organizaremos una acci\u00f3n solidaria a trav\u00e9s de la cual, todo aquel que quiera podr\u00e1 participar y poner su granito de arena en las distintas causas. Estad atentos a los nuevos proyectos. \u00a1Esperamos vuestra colaboraci\u00f3n! \u00a1Esperamos que esta nueva iniciativa tenga una gran acogida! \u00a1An\u00edmate a participar en nuestro nuevo proyecto! Algunas fotos de las \u00faltimas acciones del Let&#8217;s help<\/div>\n","protected":false},"author":1,"featured_media":0,"parent":252,"menu_order":0,"comment_status":"open","ping_status":"open","template":"","meta":{"_lmt_disableupdate":"","_lmt_disable":"","ngg_post_thumbnail":0,"footnotes":""},"_links":{"self":[{"href":"https:\/\/www.bristolacademy.es\/es\/wp-json\/wp\/v2\/pages\/1235"}],"collection":[{"href":"https:\/\/www.bristolacademy.es\/es\/wp-json\/wp\/v2\/pages"}],"about":[{"href":"https:\/\/www.bristolacademy.es\/es\/wp-json\/wp\/v2\/types\/page"}],"author":[{"embeddable":true,"href":"https:\/\/www.bristolacademy.es\/es\/wp-json\/wp\/v2\/users\/1"}],"replies":[{"embeddable":true,"href":"https:\/\/www.bristolacademy.es\/es\/wp-json\/wp\/v2\/comments?post=1235"}],"version-history":[{"count":15,"href":"https:\/\/www.bristolacademy.es\/es\/wp-json\/wp\/v2\/pages\/1235\/revisions"}],"predecessor-version":[{"id":2967,"href":"https:\/\/www.bristolacademy.es\/es\/wp-json\/wp\/v2\/pages\/1235\/revisions\/2967"}],"up":[{"embeddable":true,"href":"https:\/\/www.bristolacademy.es\/es\/wp-json\/wp\/v2\/pages\/252"}],"wp:attachment":[{"href":"https:\/\/www.bristolacademy.es\/es\/wp-json\/wp\/v2\/media?parent=1235"}],"curies":[{"name":"wp","href":"https:\/\/api.w.org\/{rel}","templated":true}]}}