
{"id":1123,"date":"2013-07-07T19:35:41","date_gmt":"2013-07-07T18:35:41","guid":{"rendered":"http:\/\/www.bristolacademy.es\/?page_id=1123"},"modified":"2017-01-25T15:46:26","modified_gmt":"2017-01-25T14:46:26","slug":"lets-speak","status":"publish","type":"page","link":"https:\/\/www.bristolacademy.es\/es\/bristol-club\/lets-speak\/","title":{"rendered":"Let&#8217;s Speak!"},"content":{"rendered":"<div class=\"post-content\"><p><img fetchpriority=\"high\" decoding=\"async\" class=\"aligncenter size-full wp-image-1135\" src=\"http:\/\/www.bristolacademy.es\/wp-content\/uploads\/2013\/05\/title.png\" alt=\"title\" width=\"675\" height=\"268\" srcset=\"https:\/\/www.bristolacademy.es\/wp-content\/uploads\/2013\/05\/title.png 675w, https:\/\/www.bristolacademy.es\/wp-content\/uploads\/2013\/05\/title-300x119.png 300w\" sizes=\"(max-width: 675px) 100vw, 675px\" \/><\/p>\n<p align=\"center\"><b><i>Let\u2019s Speak<\/i><\/b> es un nuevo proyecto de Bristol Academy que forma parte de las actividades organizadas con el esp\u00edritu del <b>Bristol Club<\/b> y en la que organizaremos encuentros con nuestros alumnos con el objetivo de practicar <b>el <i>Speaking.<\/i><\/b><\/p>\n<p align=\"center\">\u00a0En forma de reuni\u00f3n informal trataremos desde los temas m\u00e1s actuales hasta las actividades m\u00e1s cotidianas, en un entorno relajado que estar\u00e1 abierto a los distintos grupos y niveles.<\/p>\n<p align=\"center\"><img decoding=\"async\" class=\"aligncenter size-full wp-image-1182\" src=\"http:\/\/www.bristolacademy.es\/wp-content\/uploads\/2013\/07\/speak.png\" alt=\"speak\" width=\"316\" height=\"166\" srcset=\"https:\/\/www.bristolacademy.es\/wp-content\/uploads\/2013\/07\/speak.png 316w, https:\/\/www.bristolacademy.es\/wp-content\/uploads\/2013\/07\/speak-300x157.png 300w\" sizes=\"(max-width: 316px) 100vw, 316px\" \/><\/p>\n<p><img decoding=\"async\" class=\"alignright size-full wp-image-1181\" src=\"http:\/\/www.bristolacademy.es\/wp-content\/uploads\/2013\/07\/speak-1.png\" alt=\"speak-1\" width=\"228\" height=\"139\" \/><\/p>\n<p><i>Creemos que es una actividad importante y que os permitir\u00e1 disfrutar de la oportunidad de ganar fluidez y confianza en la lengua; Adem\u00e1s, gracias al \u00a0ambiente informal, distendido y sin ning\u00fan \u201cguion\u00a0\u201cni libro a seguir, podr\u00e9is aventuraros en la lengua sin inhibiciones.<\/i><\/p>\n<p>&nbsp;<\/p>\n<p>&nbsp;<\/p>\n<p>&nbsp;<\/p>\n<h2>Algunas fotos de las \u00faltimas sesiones del <em>LET&#8217;S SPEAK<\/em><\/h2>\n<p><!-- Carousel Style & Script for  gallery-69eb4daed5cf2 -->\r\n\r\n<script type=\"text\/javascript\">\r\n\/\/ <![CDATA[\r\n\/* START --- Image Carousel --- *\/\r\n\r\njQuery(document).ready(function($) {\r\n\r\n    \r\n    $('.ghozylab-gallery img').each(function(i) {\r\n\r\n        $alt = $(this).attr('alt');\r\n\r\n        \/\/ Replace default title to more fancy :)\r\n        $(this).attr('alt', $alt.replace(\/-|_\/g, ' '));\r\n\r\n        $altnew = $(this).attr('alt').toLowerCase().replace(\/\\b[a-z]\/g, function(letter) {\r\n\r\n            return letter.toUpperCase();\r\n\r\n        });\r\n\r\n        $(this).attr('alt', $altnew);\r\n        \/\/ Compatibility with Zoom Lite Theme Image LazyLoad\r\n        $(this).removeAttr('data-lazy-src');\r\n\r\n    });\r\n\r\n    \r\n    $('#icppreloader-gallery-69eb4daed5cf2').fadeOut(300, function() {\r\n        $('#gallery-69eb4daed5cf2').fadeIn(300);\r\n        var slider69eb4daed5cf2 = $('#gallery-69eb4daed5cf2').bxSlider({\r\n            auto: true,\r\n            pause: 5000,\r\n            autoHover: true,\r\n            moveSlides: 3,\r\n            minSlides: 3,\r\n            maxSlides: 3,\r\n            slideWidth: 500,\r\n            slideMargin: 10,\r\n            startSlide: 0,\r\n            infiniteLoop: true,\r\n            captions: true,\r\n            captionsMode: 'alt',\r\n            adaptiveHeight: true,\r\n            useCSS: false,\r\n            pager: true,\r\n            easing: 'easeOutBounce',\r\n            speed: 2500,\r\n            preloadImages: 'all',\r\n            onSlideBefore: function() {\r\n                                $('#gallery-69eb4daed5cf2 .bx-caption').slideUp();\r\n                            },\r\n            onSlideAfter: function($slideElement, oldIndex, newIndex) {\r\n                                slider69eb4daed5cf2.stopAuto();\r\n                slider69eb4daed5cf2.startAuto();\r\n                                $('#gallery-69eb4daed5cf2 .bx-caption').slideDown();\r\n                            }\r\n        });\r\n\r\n    });\r\n});\r\n\r\n\/* END --- Image Carousel --- *\/\r\n\r\n\/\/ ]]>\r\n<\/script>\r\n\r\n<style type=\"text\/css\">\r\n.markup-gallery-69eb4daed5cf2 .carousel-item img {width: 100%;margin: 0 auto;border:none !important;border-radius: 0px !important;box-shadow:none !important;}.markup-gallery-69eb4daed5cf2 .bx-controls-direction a {display: none;}.markup-gallery-69eb4daed5cf2 .bx-wrapper:hover .bx-controls-direction a {display: block;}.markup-gallery-69eb4daed5cf2 .bx-controls-direction a { display: block !important;}1<\/style>\r\n\r\n\n\t\t<div id='icppreloader-gallery-69eb4daed5cf2' class='icpsliderpreloader'><\/div><div class='markup-gallery-69eb4daed5cf2'><div style='display:none;' id='gallery-69eb4daed5cf2' class='ghozylab-gallery galleryid-1123 gallery-size-full'><div class='carousel-item'><a   href='https:\/\/www.bristolacademy.es\/wp-content\/uploads\/2013\/07\/IMG_2073-1024x768.jpg'><img loading=\"lazy\" decoding=\"async\" width=\"3264\" height=\"2448\" src=\"https:\/\/www.bristolacademy.es\/wp-content\/uploads\/2013\/07\/IMG_2073.jpg\" class=\"attachment-full size-full\" alt=\"\" srcset=\"https:\/\/www.bristolacademy.es\/wp-content\/uploads\/2013\/07\/IMG_2073.jpg 3264w, https:\/\/www.bristolacademy.es\/wp-content\/uploads\/2013\/07\/IMG_2073-300x225.jpg 300w, https:\/\/www.bristolacademy.es\/wp-content\/uploads\/2013\/07\/IMG_2073-768x576.jpg 768w, https:\/\/www.bristolacademy.es\/wp-content\/uploads\/2013\/07\/IMG_2073-1024x768.jpg 1024w, https:\/\/www.bristolacademy.es\/wp-content\/uploads\/2013\/07\/IMG_2073-1140x855.jpg 1140w\" sizes=\"(max-width: 3264px) 100vw, 3264px\" \/><\/a><\/div><div class='carousel-item'><a   href='https:\/\/www.bristolacademy.es\/wp-content\/uploads\/2013\/07\/IMG_2072-1024x768.jpg'><img loading=\"lazy\" decoding=\"async\" width=\"3264\" height=\"2448\" src=\"https:\/\/www.bristolacademy.es\/wp-content\/uploads\/2013\/07\/IMG_2072.jpg\" class=\"attachment-full size-full\" alt=\"\" srcset=\"https:\/\/www.bristolacademy.es\/wp-content\/uploads\/2013\/07\/IMG_2072.jpg 3264w, https:\/\/www.bristolacademy.es\/wp-content\/uploads\/2013\/07\/IMG_2072-300x225.jpg 300w, https:\/\/www.bristolacademy.es\/wp-content\/uploads\/2013\/07\/IMG_2072-768x576.jpg 768w, https:\/\/www.bristolacademy.es\/wp-content\/uploads\/2013\/07\/IMG_2072-1024x768.jpg 1024w, https:\/\/www.bristolacademy.es\/wp-content\/uploads\/2013\/07\/IMG_2072-1140x855.jpg 1140w\" sizes=\"(max-width: 3264px) 100vw, 3264px\" \/><\/a><\/div><div class='carousel-item'><a   href='https:\/\/www.bristolacademy.es\/wp-content\/uploads\/2013\/07\/IMG_2071-1024x768.jpg'><img loading=\"lazy\" decoding=\"async\" width=\"3264\" height=\"2448\" src=\"https:\/\/www.bristolacademy.es\/wp-content\/uploads\/2013\/07\/IMG_2071.jpg\" class=\"attachment-full size-full\" alt=\"\" srcset=\"https:\/\/www.bristolacademy.es\/wp-content\/uploads\/2013\/07\/IMG_2071.jpg 3264w, https:\/\/www.bristolacademy.es\/wp-content\/uploads\/2013\/07\/IMG_2071-300x225.jpg 300w, https:\/\/www.bristolacademy.es\/wp-content\/uploads\/2013\/07\/IMG_2071-768x576.jpg 768w, https:\/\/www.bristolacademy.es\/wp-content\/uploads\/2013\/07\/IMG_2071-1024x768.jpg 1024w, https:\/\/www.bristolacademy.es\/wp-content\/uploads\/2013\/07\/IMG_2071-1140x855.jpg 1140w\" sizes=\"(max-width: 3264px) 100vw, 3264px\" \/><\/a><\/div><div class='carousel-item'><a   href='https:\/\/www.bristolacademy.es\/wp-content\/uploads\/2013\/07\/IMG_2070-1024x768.jpg'><img loading=\"lazy\" decoding=\"async\" width=\"3264\" height=\"2448\" src=\"https:\/\/www.bristolacademy.es\/wp-content\/uploads\/2013\/07\/IMG_2070.jpg\" class=\"attachment-full size-full\" alt=\"\" srcset=\"https:\/\/www.bristolacademy.es\/wp-content\/uploads\/2013\/07\/IMG_2070.jpg 3264w, https:\/\/www.bristolacademy.es\/wp-content\/uploads\/2013\/07\/IMG_2070-300x225.jpg 300w, https:\/\/www.bristolacademy.es\/wp-content\/uploads\/2013\/07\/IMG_2070-768x576.jpg 768w, https:\/\/www.bristolacademy.es\/wp-content\/uploads\/2013\/07\/IMG_2070-1024x768.jpg 1024w, https:\/\/www.bristolacademy.es\/wp-content\/uploads\/2013\/07\/IMG_2070-1140x855.jpg 1140w\" sizes=\"(max-width: 3264px) 100vw, 3264px\" \/><\/a><\/div><div class='carousel-item'><a   href='https:\/\/www.bristolacademy.es\/wp-content\/uploads\/2013\/07\/IMG_2067-1024x768.jpg'><img loading=\"lazy\" decoding=\"async\" width=\"3264\" height=\"2448\" src=\"https:\/\/www.bristolacademy.es\/wp-content\/uploads\/2013\/07\/IMG_2067.jpg\" class=\"attachment-full size-full\" alt=\"\" srcset=\"https:\/\/www.bristolacademy.es\/wp-content\/uploads\/2013\/07\/IMG_2067.jpg 3264w, https:\/\/www.bristolacademy.es\/wp-content\/uploads\/2013\/07\/IMG_2067-300x225.jpg 300w, https:\/\/www.bristolacademy.es\/wp-content\/uploads\/2013\/07\/IMG_2067-768x576.jpg 768w, https:\/\/www.bristolacademy.es\/wp-content\/uploads\/2013\/07\/IMG_2067-1024x768.jpg 1024w, https:\/\/www.bristolacademy.es\/wp-content\/uploads\/2013\/07\/IMG_2067-1140x855.jpg 1140w\" sizes=\"(max-width: 3264px) 100vw, 3264px\" \/><\/a><\/div><div class='carousel-item'><a   href='https:\/\/www.bristolacademy.es\/wp-content\/uploads\/2013\/07\/IMG_2064-1024x768.jpg'><img loading=\"lazy\" decoding=\"async\" width=\"3264\" height=\"2448\" src=\"https:\/\/www.bristolacademy.es\/wp-content\/uploads\/2013\/07\/IMG_2064.jpg\" class=\"attachment-full size-full\" alt=\"\" srcset=\"https:\/\/www.bristolacademy.es\/wp-content\/uploads\/2013\/07\/IMG_2064.jpg 3264w, https:\/\/www.bristolacademy.es\/wp-content\/uploads\/2013\/07\/IMG_2064-300x225.jpg 300w, https:\/\/www.bristolacademy.es\/wp-content\/uploads\/2013\/07\/IMG_2064-768x576.jpg 768w, https:\/\/www.bristolacademy.es\/wp-content\/uploads\/2013\/07\/IMG_2064-1024x768.jpg 1024w, https:\/\/www.bristolacademy.es\/wp-content\/uploads\/2013\/07\/IMG_2064-1140x855.jpg 1140w\" sizes=\"(max-width: 3264px) 100vw, 3264px\" \/><\/a><\/div><div class='carousel-item'><a   href='https:\/\/www.bristolacademy.es\/wp-content\/uploads\/2013\/07\/IMG_2061-1024x768.jpg'><img loading=\"lazy\" decoding=\"async\" width=\"3264\" height=\"2448\" src=\"https:\/\/www.bristolacademy.es\/wp-content\/uploads\/2013\/07\/IMG_2061.jpg\" class=\"attachment-full size-full\" alt=\"\" srcset=\"https:\/\/www.bristolacademy.es\/wp-content\/uploads\/2013\/07\/IMG_2061.jpg 3264w, https:\/\/www.bristolacademy.es\/wp-content\/uploads\/2013\/07\/IMG_2061-300x225.jpg 300w, https:\/\/www.bristolacademy.es\/wp-content\/uploads\/2013\/07\/IMG_2061-768x576.jpg 768w, https:\/\/www.bristolacademy.es\/wp-content\/uploads\/2013\/07\/IMG_2061-1024x768.jpg 1024w, https:\/\/www.bristolacademy.es\/wp-content\/uploads\/2013\/07\/IMG_2061-1140x855.jpg 1140w\" sizes=\"(max-width: 3264px) 100vw, 3264px\" \/><\/a><\/div><div class='carousel-item'><a   href='https:\/\/www.bristolacademy.es\/wp-content\/uploads\/2013\/07\/IMG_2059-1024x768.jpg'><img loading=\"lazy\" decoding=\"async\" width=\"3264\" height=\"2448\" src=\"https:\/\/www.bristolacademy.es\/wp-content\/uploads\/2013\/07\/IMG_2059.jpg\" class=\"attachment-full size-full\" alt=\"\" srcset=\"https:\/\/www.bristolacademy.es\/wp-content\/uploads\/2013\/07\/IMG_2059.jpg 3264w, https:\/\/www.bristolacademy.es\/wp-content\/uploads\/2013\/07\/IMG_2059-300x225.jpg 300w, https:\/\/www.bristolacademy.es\/wp-content\/uploads\/2013\/07\/IMG_2059-768x576.jpg 768w, https:\/\/www.bristolacademy.es\/wp-content\/uploads\/2013\/07\/IMG_2059-1024x768.jpg 1024w, https:\/\/www.bristolacademy.es\/wp-content\/uploads\/2013\/07\/IMG_2059-1140x855.jpg 1140w\" sizes=\"(max-width: 3264px) 100vw, 3264px\" \/><\/a><\/div><div class='carousel-item'><a   href='https:\/\/www.bristolacademy.es\/wp-content\/uploads\/2013\/07\/IMG_2057-1024x768.jpg'><img loading=\"lazy\" decoding=\"async\" width=\"3264\" height=\"2448\" src=\"https:\/\/www.bristolacademy.es\/wp-content\/uploads\/2013\/07\/IMG_2057.jpg\" class=\"attachment-full size-full\" alt=\"\" srcset=\"https:\/\/www.bristolacademy.es\/wp-content\/uploads\/2013\/07\/IMG_2057.jpg 3264w, https:\/\/www.bristolacademy.es\/wp-content\/uploads\/2013\/07\/IMG_2057-300x225.jpg 300w, https:\/\/www.bristolacademy.es\/wp-content\/uploads\/2013\/07\/IMG_2057-768x576.jpg 768w, https:\/\/www.bristolacademy.es\/wp-content\/uploads\/2013\/07\/IMG_2057-1024x768.jpg 1024w, https:\/\/www.bristolacademy.es\/wp-content\/uploads\/2013\/07\/IMG_2057-1140x855.jpg 1140w\" sizes=\"(max-width: 3264px) 100vw, 3264px\" \/><\/a><\/div><div class='carousel-item'><a   href='https:\/\/www.bristolacademy.es\/wp-content\/uploads\/2013\/07\/IMG_2056-1024x768.jpg'><img loading=\"lazy\" decoding=\"async\" width=\"3264\" height=\"2448\" src=\"https:\/\/www.bristolacademy.es\/wp-content\/uploads\/2013\/07\/IMG_2056.jpg\" class=\"attachment-full size-full\" alt=\"\" srcset=\"https:\/\/www.bristolacademy.es\/wp-content\/uploads\/2013\/07\/IMG_2056.jpg 3264w, https:\/\/www.bristolacademy.es\/wp-content\/uploads\/2013\/07\/IMG_2056-300x225.jpg 300w, https:\/\/www.bristolacademy.es\/wp-content\/uploads\/2013\/07\/IMG_2056-768x576.jpg 768w, https:\/\/www.bristolacademy.es\/wp-content\/uploads\/2013\/07\/IMG_2056-1024x768.jpg 1024w, https:\/\/www.bristolacademy.es\/wp-content\/uploads\/2013\/07\/IMG_2056-1140x855.jpg 1140w\" sizes=\"(max-width: 3264px) 100vw, 3264px\" \/><\/a><\/div><div class='carousel-item'><a   href='https:\/\/www.bristolacademy.es\/wp-content\/uploads\/2013\/07\/IMG_2055-1024x768.jpg'><img loading=\"lazy\" decoding=\"async\" width=\"3264\" height=\"2448\" src=\"https:\/\/www.bristolacademy.es\/wp-content\/uploads\/2013\/07\/IMG_2055.jpg\" class=\"attachment-full size-full\" alt=\"\" srcset=\"https:\/\/www.bristolacademy.es\/wp-content\/uploads\/2013\/07\/IMG_2055.jpg 3264w, https:\/\/www.bristolacademy.es\/wp-content\/uploads\/2013\/07\/IMG_2055-300x225.jpg 300w, https:\/\/www.bristolacademy.es\/wp-content\/uploads\/2013\/07\/IMG_2055-768x576.jpg 768w, https:\/\/www.bristolacademy.es\/wp-content\/uploads\/2013\/07\/IMG_2055-1024x768.jpg 1024w, https:\/\/www.bristolacademy.es\/wp-content\/uploads\/2013\/07\/IMG_2055-1140x855.jpg 1140w\" sizes=\"(max-width: 3264px) 100vw, 3264px\" \/><\/a><\/div><div class='carousel-item'><a   href='https:\/\/www.bristolacademy.es\/wp-content\/uploads\/2013\/07\/IMG_2053-1024x768.jpg'><img loading=\"lazy\" decoding=\"async\" width=\"3264\" height=\"2448\" src=\"https:\/\/www.bristolacademy.es\/wp-content\/uploads\/2013\/07\/IMG_2053.jpg\" class=\"attachment-full size-full\" alt=\"\" srcset=\"https:\/\/www.bristolacademy.es\/wp-content\/uploads\/2013\/07\/IMG_2053.jpg 3264w, https:\/\/www.bristolacademy.es\/wp-content\/uploads\/2013\/07\/IMG_2053-300x225.jpg 300w, https:\/\/www.bristolacademy.es\/wp-content\/uploads\/2013\/07\/IMG_2053-768x576.jpg 768w, https:\/\/www.bristolacademy.es\/wp-content\/uploads\/2013\/07\/IMG_2053-1024x768.jpg 1024w, https:\/\/www.bristolacademy.es\/wp-content\/uploads\/2013\/07\/IMG_2053-1140x855.jpg 1140w\" sizes=\"(max-width: 3264px) 100vw, 3264px\" \/><\/a><\/div><div class='carousel-item'><a   href='https:\/\/www.bristolacademy.es\/wp-content\/uploads\/2013\/07\/IMG_1777-1024x768.jpg'><img loading=\"lazy\" decoding=\"async\" width=\"3264\" height=\"2448\" src=\"https:\/\/www.bristolacademy.es\/wp-content\/uploads\/2013\/07\/IMG_1777.jpg\" class=\"attachment-full size-full\" alt=\"\" srcset=\"https:\/\/www.bristolacademy.es\/wp-content\/uploads\/2013\/07\/IMG_1777.jpg 3264w, https:\/\/www.bristolacademy.es\/wp-content\/uploads\/2013\/07\/IMG_1777-300x225.jpg 300w, https:\/\/www.bristolacademy.es\/wp-content\/uploads\/2013\/07\/IMG_1777-768x576.jpg 768w, https:\/\/www.bristolacademy.es\/wp-content\/uploads\/2013\/07\/IMG_1777-1024x768.jpg 1024w, https:\/\/www.bristolacademy.es\/wp-content\/uploads\/2013\/07\/IMG_1777-1140x855.jpg 1140w\" sizes=\"(max-width: 3264px) 100vw, 3264px\" \/><\/a><\/div><div class='carousel-item'><a   href='https:\/\/www.bristolacademy.es\/wp-content\/uploads\/2013\/07\/IMG_1774-1024x768.jpg'><img loading=\"lazy\" decoding=\"async\" width=\"3264\" height=\"2448\" src=\"https:\/\/www.bristolacademy.es\/wp-content\/uploads\/2013\/07\/IMG_1774.jpg\" class=\"attachment-full size-full\" alt=\"\" srcset=\"https:\/\/www.bristolacademy.es\/wp-content\/uploads\/2013\/07\/IMG_1774.jpg 3264w, https:\/\/www.bristolacademy.es\/wp-content\/uploads\/2013\/07\/IMG_1774-300x225.jpg 300w, https:\/\/www.bristolacademy.es\/wp-content\/uploads\/2013\/07\/IMG_1774-768x576.jpg 768w, https:\/\/www.bristolacademy.es\/wp-content\/uploads\/2013\/07\/IMG_1774-1024x768.jpg 1024w, https:\/\/www.bristolacademy.es\/wp-content\/uploads\/2013\/07\/IMG_1774-1140x855.jpg 1140w\" sizes=\"(max-width: 3264px) 100vw, 3264px\" \/><\/a><\/div><div class='carousel-item'><a   href='https:\/\/www.bristolacademy.es\/wp-content\/uploads\/2013\/07\/IMG_1770-1024x768.jpg'><img loading=\"lazy\" decoding=\"async\" width=\"3264\" height=\"2448\" src=\"https:\/\/www.bristolacademy.es\/wp-content\/uploads\/2013\/07\/IMG_1770.jpg\" class=\"attachment-full size-full\" alt=\"\" srcset=\"https:\/\/www.bristolacademy.es\/wp-content\/uploads\/2013\/07\/IMG_1770.jpg 3264w, https:\/\/www.bristolacademy.es\/wp-content\/uploads\/2013\/07\/IMG_1770-300x225.jpg 300w, https:\/\/www.bristolacademy.es\/wp-content\/uploads\/2013\/07\/IMG_1770-768x576.jpg 768w, https:\/\/www.bristolacademy.es\/wp-content\/uploads\/2013\/07\/IMG_1770-1024x768.jpg 1024w, https:\/\/www.bristolacademy.es\/wp-content\/uploads\/2013\/07\/IMG_1770-1140x855.jpg 1140w\" sizes=\"(max-width: 3264px) 100vw, 3264px\" \/><\/a><\/div><div class='carousel-item'><a   href='https:\/\/www.bristolacademy.es\/wp-content\/uploads\/2013\/07\/IMG_1769-1024x768.jpg'><img loading=\"lazy\" decoding=\"async\" width=\"3264\" height=\"2448\" src=\"https:\/\/www.bristolacademy.es\/wp-content\/uploads\/2013\/07\/IMG_1769.jpg\" class=\"attachment-full size-full\" alt=\"\" srcset=\"https:\/\/www.bristolacademy.es\/wp-content\/uploads\/2013\/07\/IMG_1769.jpg 3264w, https:\/\/www.bristolacademy.es\/wp-content\/uploads\/2013\/07\/IMG_1769-300x225.jpg 300w, https:\/\/www.bristolacademy.es\/wp-content\/uploads\/2013\/07\/IMG_1769-768x576.jpg 768w, https:\/\/www.bristolacademy.es\/wp-content\/uploads\/2013\/07\/IMG_1769-1024x768.jpg 1024w, https:\/\/www.bristolacademy.es\/wp-content\/uploads\/2013\/07\/IMG_1769-1140x855.jpg 1140w\" sizes=\"(max-width: 3264px) 100vw, 3264px\" \/><\/a><\/div><div class='carousel-item'><a   href='https:\/\/www.bristolacademy.es\/wp-content\/uploads\/2013\/07\/IMG_1768-1024x768.jpg'><img loading=\"lazy\" decoding=\"async\" width=\"3264\" height=\"2448\" src=\"https:\/\/www.bristolacademy.es\/wp-content\/uploads\/2013\/07\/IMG_1768.jpg\" class=\"attachment-full size-full\" alt=\"\" srcset=\"https:\/\/www.bristolacademy.es\/wp-content\/uploads\/2013\/07\/IMG_1768.jpg 3264w, https:\/\/www.bristolacademy.es\/wp-content\/uploads\/2013\/07\/IMG_1768-300x225.jpg 300w, https:\/\/www.bristolacademy.es\/wp-content\/uploads\/2013\/07\/IMG_1768-768x576.jpg 768w, https:\/\/www.bristolacademy.es\/wp-content\/uploads\/2013\/07\/IMG_1768-1024x768.jpg 1024w, https:\/\/www.bristolacademy.es\/wp-content\/uploads\/2013\/07\/IMG_1768-1140x855.jpg 1140w\" sizes=\"(max-width: 3264px) 100vw, 3264px\" \/><\/a><\/div>\r\n\t\t<\/div><\/div>\n<\/p>\n<\/div>","protected":false},"excerpt":{"rendered":"<div class=\"entry-content-stat post-content\">Let\u2019s Speak es un nuevo proyecto de Bristol Academy que forma parte de las actividades organizadas con el esp\u00edritu del Bristol Club y en la que organizaremos encuentros con nuestros alumnos con el objetivo de practicar el Speaking. \u00a0En forma de reuni\u00f3n informal trataremos desde los temas m\u00e1s actuales hasta las actividades m\u00e1s cotidianas, en un entorno relajado que estar\u00e1 abierto a los distintos grupos y niveles. Creemos que es una actividad importante y que os permitir\u00e1 disfrutar de la oportunidad de ganar fluidez y confianza en la lengua; Adem\u00e1s, gracias al \u00a0ambiente informal, distendido y sin ning\u00fan \u201cguion\u00a0\u201cni libro<\/div>\n<p><a href=\"https:\/\/www.bristolacademy.es\/es\/bristol-club\/lets-speak\/\">Read More<i class=\"fa fa-long-arrow-right\" aria-hidden=\"true\"><\/i><\/a><\/p>\n","protected":false},"author":1,"featured_media":0,"parent":252,"menu_order":0,"comment_status":"open","ping_status":"open","template":"page-with-sidebar.php","meta":{"_lmt_disableupdate":"","_lmt_disable":"","ngg_post_thumbnail":0,"footnotes":""},"_links":{"self":[{"href":"https:\/\/www.bristolacademy.es\/es\/wp-json\/wp\/v2\/pages\/1123"}],"collection":[{"href":"https:\/\/www.bristolacademy.es\/es\/wp-json\/wp\/v2\/pages"}],"about":[{"href":"https:\/\/www.bristolacademy.es\/es\/wp-json\/wp\/v2\/types\/page"}],"author":[{"embeddable":true,"href":"https:\/\/www.bristolacademy.es\/es\/wp-json\/wp\/v2\/users\/1"}],"replies":[{"embeddable":true,"href":"https:\/\/www.bristolacademy.es\/es\/wp-json\/wp\/v2\/comments?post=1123"}],"version-history":[{"count":9,"href":"https:\/\/www.bristolacademy.es\/es\/wp-json\/wp\/v2\/pages\/1123\/revisions"}],"predecessor-version":[{"id":2049,"href":"https:\/\/www.bristolacademy.es\/es\/wp-json\/wp\/v2\/pages\/1123\/revisions\/2049"}],"up":[{"embeddable":true,"href":"https:\/\/www.bristolacademy.es\/es\/wp-json\/wp\/v2\/pages\/252"}],"wp:attachment":[{"href":"https:\/\/www.bristolacademy.es\/es\/wp-json\/wp\/v2\/media?parent=1123"}],"curies":[{"name":"wp","href":"https:\/\/api.w.org\/{rel}","templated":true}]}}