
{"id":1118,"date":"2013-07-07T19:34:11","date_gmt":"2013-07-07T18:34:11","guid":{"rendered":"http:\/\/www.bristolacademy.es\/?page_id=1118"},"modified":"2019-05-16T15:50:49","modified_gmt":"2019-05-16T13:50:49","slug":"lets-get-ready","status":"publish","type":"page","link":"https:\/\/www.bristolacademy.es\/es\/bristol-club\/lets-get-ready\/","title":{"rendered":"Let&#8217;s Get Ready!"},"content":{"rendered":"<div class=\"post-content\"><p>&nbsp;<\/p>\n<h1><img fetchpriority=\"high\" decoding=\"async\" class=\"alignnone size-full wp-image-1135\" src=\"http:\/\/www.bristolacademy.es\/wp-content\/uploads\/2013\/05\/title.png\" alt=\"title\" width=\"675\" height=\"268\" srcset=\"https:\/\/www.bristolacademy.es\/wp-content\/uploads\/2013\/05\/title.png 675w, https:\/\/www.bristolacademy.es\/wp-content\/uploads\/2013\/05\/title-300x119.png 300w\" sizes=\"(max-width: 675px) 100vw, 675px\" \/><\/h1>\n<h1><span style=\"color: #e36c0a;\"><b>Let\u2019s get ready! <\/b><\/span><\/h1>\n<p lang=\"ca-ES\"><span style=\"font-size: medium;\">Para aquellos alumnos que se presenten a los ex\u00e1menes oficiales de Cambridge, el Bristol Club ofrece una serie de clases complementarias para la preparaci\u00f3n del examen.<\/span><\/p>\n<p lang=\"ca-ES\"><span style=\"font-size: medium;\">Las clases se llevan a cabo fuera del horario habitual del curso y en ellas s\u00f3lo se trabajan contenidos y actividades espec\u00edficas para el examen que van a realizar:<\/span><\/p>\n<p>[one_half last=\u00bbno\u00bb]<\/p>\n<ul>\n<li>\n<p lang=\"ca-ES\"><span style=\"font-size: medium;\"><b>Vocabulario<\/b><\/span><span style=\"font-size: medium;\"> espec\u00edfico<\/span><\/p>\n<\/li>\n<li>\n<p lang=\"ca-ES\"><span style=\"font-size: medium;\"><b>Reading<\/b><\/span><span style=\"font-size: medium;\"> tests: ejercicios de comprensi\u00f3n lectora.<\/span><\/p>\n<\/li>\n<li>\n<p lang=\"ca-ES\"><span style=\"font-size: medium;\"><b>Listening <\/b><\/span><span style=\"font-size: medium;\">tests: ejercicios de comprensi\u00f3n auditiva.<\/span><\/p>\n<\/li>\n<li>\n<p lang=\"ca-ES\"><span style=\"font-size: medium;\"><b>Speaking<\/b><\/span><span style=\"font-size: medium;\"> tests: Ejercicios de comunicaci\u00f3n y\u00a0<\/span><span style=\"font-size: medium;\">expresi\u00f3n oral.<\/span><\/p>\n<\/li>\n<\/ul>\n<ul>\n<li>\n<p lang=\"ca-ES\"><span style=\"font-size: medium;\"><b>Writing<\/b><\/span><span style=\"font-size: medium;\"> tests: ejercicios de comprensi\u00f3n lectora.<\/span><\/p>\n<\/li>\n<\/ul>\n<p>[\/one_half] [one_half last=\u00bbyes\u00bb] <img decoding=\"async\" class=\"aligncenter size-medium wp-image-1146\" src=\"http:\/\/www.bristolacademy.es\/wp-content\/uploads\/2013\/07\/AuthorisedCentre_colour_rgb-300x103.jpeg\" alt=\"Press Shields\" width=\"300\" height=\"103\" srcset=\"https:\/\/www.bristolacademy.es\/wp-content\/uploads\/2013\/07\/AuthorisedCentre_colour_rgb-300x103.jpeg 300w, https:\/\/www.bristolacademy.es\/wp-content\/uploads\/2013\/07\/AuthorisedCentre_colour_rgb.jpeg 957w\" sizes=\"(max-width: 300px) 100vw, 300px\" \/> [\/one_half] <span style=\"font-size: medium; line-height: 1.714285714;\">Creemos que es muy importante trabajar de forma correcta en cada una de estas partes y la metodolog\u00eda de todas y cada una de ellas es muy espec\u00edfica, por lo que requieren un trabajo muy particular.<\/span> <span style=\"font-size: medium;\">Durante las sesiones de preparaci\u00f3n tambi\u00e9n nos centramos especialmente en el <\/span><span style=\"font-size: medium;\"><b>tiempo<\/b><\/span><span style=\"font-size: medium;\">; es decir, en realizar cada tarea dentro del tiempo permitido. Esta pr\u00e1ctica les aportar\u00e1 una manera efectiva de trabajar para as\u00ed poder resolver el ejercicio no s\u00f3lo correctamente si no tambi\u00e9n dentro del tiempo establecido.<\/span><\/p>\n<p lang=\"ca-ES\"><span style=\"font-size: medium;\">[one_third last=\u00bbno\u00bb]<\/span><\/p>\n<p lang=\"ca-ES\"><img decoding=\"async\" class=\"aligncenter size-full wp-image-1147\" src=\"http:\/\/www.bristolacademy.es\/wp-content\/uploads\/2013\/07\/tit.jpg\" alt=\"tit\" width=\"350\" height=\"233\" srcset=\"https:\/\/www.bristolacademy.es\/wp-content\/uploads\/2013\/07\/tit.jpg 350w, https:\/\/www.bristolacademy.es\/wp-content\/uploads\/2013\/07\/tit-300x199.jpg 300w\" sizes=\"(max-width: 350px) 100vw, 350px\" \/><\/p>\n<p lang=\"ca-ES\"><span style=\"font-size: medium;\">[\/one_third]<\/span><\/p>\n<p lang=\"ca-ES\"><span style=\"font-size: medium;\">[two_third last=\u00bbyes\u00bb]<\/span><\/p>\n<p lang=\"ca-ES\"><span style=\"font-size: 12pt;\">Cr<i>eemos que las clases de preparaci\u00f3n son una parte muy importante para los alumnos para adquirir\u00a0<\/i><i><b>control, confianza y refuerzo<\/b><\/i><i>\u00a0en todas las tareas.<\/i><\/span><\/p>\n<p><span style=\"font-size: 12pt;\"><i><b>\u00a1Una buena preparaci\u00f3n nos asegura un buen resultado!<\/b><\/i><\/span><\/p>\n<p lang=\"ca-ES\"><span style=\"font-size: medium;\">[\/two_third]<\/span><\/p>\n<h2 lang=\"ca-ES\" style=\"text-align: center;\">Sesiones de preparaci\u00f3n para los ex\u00e1menes oficiales 2019<\/h2>\n<p><a class=\"link-to-pdf\" title=\"Lets get ready 2019\" href=\"http:\/\/www.bristolacademy.es\/wp-content\/uploads\/2019\/05\/Lets-get-ready-2019.pdf\" target=\"_blank\" rel=\"attachment noopener wp-att-3605 noreferrer\"><img loading=\"lazy\" decoding=\"async\" class=\"thumb-of-pdf aligncenter wp-image-3606 size-full\" src=\"http:\/\/www.bristolacademy.es\/wp-content\/uploads\/2019\/05\/Lets-get-ready-2019-pdf.jpg\" alt=\"thumbnail of Lets get ready 2019\" width=\"724\" height=\"1024\" srcset=\"https:\/\/www.bristolacademy.es\/wp-content\/uploads\/2019\/05\/Lets-get-ready-2019-pdf.jpg 724w, https:\/\/www.bristolacademy.es\/wp-content\/uploads\/2019\/05\/Lets-get-ready-2019-pdf-212x300.jpg 212w, https:\/\/www.bristolacademy.es\/wp-content\/uploads\/2019\/05\/Lets-get-ready-2019-pdf-707x1000.jpg 707w\" sizes=\"(max-width: 724px) 100vw, 724px\" \/><\/a><\/p>\n<\/div>","protected":false},"excerpt":{"rendered":"<div class=\"entry-content-stat post-content\">&nbsp; Let\u2019s get ready! Para aquellos alumnos que se presenten a los ex\u00e1menes oficiales de Cambridge, el Bristol Club ofrece una serie de clases complementarias para la preparaci\u00f3n del examen. Las clases se llevan a cabo fuera del horario habitual del curso y en ellas s\u00f3lo se trabajan contenidos y actividades espec\u00edficas para el examen que van a realizar: [one_half last=\u00bbno\u00bb] Vocabulario espec\u00edfico Reading tests: ejercicios de comprensi\u00f3n lectora. Listening tests: ejercicios de comprensi\u00f3n auditiva. Speaking tests: Ejercicios de comunicaci\u00f3n y\u00a0expresi\u00f3n oral. Writing tests: ejercicios de comprensi\u00f3n lectora. [\/one_half] [one_half last=\u00bbyes\u00bb] [\/one_half] Creemos que es muy importante trabajar de forma<\/div>\n<p><a href=\"https:\/\/www.bristolacademy.es\/es\/bristol-club\/lets-get-ready\/\">Read More<i class=\"fa fa-long-arrow-right\" aria-hidden=\"true\"><\/i><\/a><\/p>\n","protected":false},"author":1,"featured_media":0,"parent":252,"menu_order":0,"comment_status":"open","ping_status":"open","template":"page-with-sidebar.php","meta":{"_lmt_disableupdate":"","_lmt_disable":"","ngg_post_thumbnail":0,"footnotes":""},"_links":{"self":[{"href":"https:\/\/www.bristolacademy.es\/es\/wp-json\/wp\/v2\/pages\/1118"}],"collection":[{"href":"https:\/\/www.bristolacademy.es\/es\/wp-json\/wp\/v2\/pages"}],"about":[{"href":"https:\/\/www.bristolacademy.es\/es\/wp-json\/wp\/v2\/types\/page"}],"author":[{"embeddable":true,"href":"https:\/\/www.bristolacademy.es\/es\/wp-json\/wp\/v2\/users\/1"}],"replies":[{"embeddable":true,"href":"https:\/\/www.bristolacademy.es\/es\/wp-json\/wp\/v2\/comments?post=1118"}],"version-history":[{"count":18,"href":"https:\/\/www.bristolacademy.es\/es\/wp-json\/wp\/v2\/pages\/1118\/revisions"}],"predecessor-version":[{"id":3607,"href":"https:\/\/www.bristolacademy.es\/es\/wp-json\/wp\/v2\/pages\/1118\/revisions\/3607"}],"up":[{"embeddable":true,"href":"https:\/\/www.bristolacademy.es\/es\/wp-json\/wp\/v2\/pages\/252"}],"wp:attachment":[{"href":"https:\/\/www.bristolacademy.es\/es\/wp-json\/wp\/v2\/media?parent=1118"}],"curies":[{"name":"wp","href":"https:\/\/api.w.org\/{rel}","templated":true}]}}